{"id":996,"date":"2017-05-17T08:42:56","date_gmt":"2017-05-17T08:42:56","guid":{"rendered":"http:\/\/blogs.sub.uni-hamburg.de\/hamburglesen\/?page_id=996"},"modified":"2017-07-10T12:57:27","modified_gmt":"2017-07-10T12:57:27","slug":"shortlist-2017","status":"publish","type":"page","link":"https:\/\/blogs.sub.uni-hamburg.de\/hamburglesen\/?page_id=996","title":{"rendered":"Shortlist 2017"},"content":{"rendered":"<div class=\"bg\" >\n<div><a href=\"http:\/\/blogs.sub.uni-hamburg.de\/hamburglesen\/wp-content\/uploads\/2017\/07\/onkel-poe-gr.jpg\"><img loading=\"lazy\" decoding=\"async\" src=\"http:\/\/blogs.sub.uni-hamburg.de\/hamburglesen\/wp-content\/uploads\/2017\/07\/onkel-poe-kl.jpg\" alt=\"Mein Onkel P\u00f6\" title=\"Mein Onkel P\u00f6\"  width=\"123\" height=\"168\" \/><\/a> <a href=\"http:\/\/blogs.sub.uni-hamburg.de\/hamburglesen\/wp-content\/uploads\/2017\/07\/harburgerschlossstrasse-gr.jpg\"><img loading=\"lazy\" decoding=\"async\" src=\"http:\/\/blogs.sub.uni-hamburg.de\/hamburglesen\/wp-content\/uploads\/2017\/07\/harburgerschlossstrasse-kl.jpg\" alt=\"Die Harburger Schlo\u00dfstra\u00dfe: Arch\u00e4ologie in Hamburg\" title=\"Die Harburger Schlo\u00dfstra\u00dfe: Arch\u00e4ologie in Hamburg\" width=\"191\" height=\"168\" \/><\/a> <a href=\"http:\/\/blogs.sub.uni-hamburg.de\/hamburglesen\/wp-content\/uploads\/2017\/07\/kunsthalle-gr.jpg\"><img loading=\"lazy\" decoding=\"async\" src=\"http:\/\/blogs.sub.uni-hamburg.de\/hamburglesen\/wp-content\/uploads\/2017\/07\/kunsthalle-kl.jpg\" alt=\"Hamburger Kunsthalle in Zusammenarbeit mit den Freunden der Kunsthalle e.V.\" title=\"Hamburger Kunsthalle in Zusammenarbeit mit den Freunden der Kunsthalle e.V.\" width=\"125\" height=\"168\" \/><\/a> <a href=\"http:\/\/blogs.sub.uni-hamburg.de\/hamburglesen\/wp-content\/uploads\/2017\/07\/franz-broetchen-gr.jpg\"><img loading=\"lazy\" decoding=\"async\" src=\"http:\/\/blogs.sub.uni-hamburg.de\/hamburglesen\/wp-content\/uploads\/2017\/07\/franz-broetchen-kl.jpg\" alt=\"Der Fremde im Backtrog: ein Franzbr\u00f6tchen-Krimi\" title=\"Der Fremde im Backtrog: ein Franzbr\u00f6tchen-Krimi\" width=\"105\" height=\"168\" \/><\/a> <a href=\"http:\/\/blogs.sub.uni-hamburg.de\/hamburglesen\/wp-content\/uploads\/2017\/07\/hallo-hamburg-gr.jpg\"><img loading=\"lazy\" decoding=\"async\" src=\"http:\/\/blogs.sub.uni-hamburg.de\/hamburglesen\/wp-content\/uploads\/2017\/07\/hallo-hamburg-kl.jpg\" alt=\"Hallo, hier Hamburg! Lieder und ihre Geschichte(n) von Waterkant und See\" title=\"Hallo, hier Hamburg! Lieder und ihre Geschichte(n) von Waterkant und See\"  width=\"109\" height=\"168\" \/><\/a> <a href=\"http:\/\/blogs.sub.uni-hamburg.de\/hamburglesen\/wp-content\/uploads\/2017\/07\/stadt-t-raeume-gr.jpg\"><img loading=\"lazy\" decoding=\"async\" src=\"http:\/\/blogs.sub.uni-hamburg.de\/hamburglesen\/wp-content\/uploads\/2017\/07\/stadt-t-raeume-kl.jpg\" alt=\"60 Jahre moderne Stadt(t)r\u00e4ume in Hamburg\" title=\"60 Jahre moderne Stadt(t)r\u00e4ume in Hamburg\" width=\"128\" height=\"169\" \/><\/a> <a href=\"http:\/\/blogs.sub.uni-hamburg.de\/hamburglesen\/wp-content\/uploads\/2017\/07\/kein-bier-gr.jpg\"><img loading=\"lazy\" decoding=\"async\" src=\"http:\/\/blogs.sub.uni-hamburg.de\/hamburglesen\/wp-content\/uploads\/2017\/07\/kein-bier-kl.jpg\" alt=\"Kein Bier ohne Alster: Hamburg - Brauhaus der Hanse\" title=\"Kein Bier ohne Alster: Hamburg - Brauhaus der Hanse\" width=\"113\" height=\"169\" \/><\/a><\/div>\n<p><em>Diese sieben Titel sind f\u00fcr den Buchpreis HamburgLesen 2017 nominiert. Vom Verlag f\u00fchrt jeweils ein Link zur Seite des Buches, die Signatur bringt die Angaben des Titels im Bestand der Staatsbibliothek zur Anzeige. Und auf Klick gibt&#8217;s die Cover in gro\u00df.<\/em><\/p>\n<div style=\"clear:both;\"><\/div>\n<hr>\n<p><\/p>\n<div style=\"float: left; padding-left:0px; margin-right:35px; margin-bottom:35px;\"><a href=\"http:\/\/blogs.sub.uni-hamburg.de\/hamburglesen\/wp-content\/uploads\/2017\/07\/onkel-poe-gr.jpg\"><img loading=\"lazy\" decoding=\"async\" src=\"http:\/\/blogs.sub.uni-hamburg.de\/hamburglesen\/wp-content\/uploads\/2017\/07\/onkel-poe-kl.jpg\" alt=\"Mein Onkel P\u00f6\" title=\"Mein Onkel P\u00f6\"  width=\"123\" height=\"168\" class=\"alignleft size-full wp-image-1027\" \/><\/a>\n<\/div>\n<p><strong> Jass, Holger:<br \/>\nMein Onkel P\u00f6<\/strong><br \/>\nHamburg: <a href=\"https:\/\/www.offline-verlag.de\/\">Offline Verlag<\/a>, 2015<br \/>\nSignatur: <a href=\"https:\/\/beluga.sub.uni-hamburg.de\/vufind\/Record\/853795096\">HH 8361\/1<\/a><\/p>\n<div style=\"clear:both;\"><\/div>\n<div style=\"float: left; padding-left:0px; margin-right:35px; margin-bottom:35px;\"><a href=\"http:\/\/blogs.sub.uni-hamburg.de\/hamburglesen\/wp-content\/uploads\/2017\/07\/harburgerschlossstrasse-gr.jpg\"><img loading=\"lazy\" decoding=\"async\" src=\"http:\/\/blogs.sub.uni-hamburg.de\/hamburglesen\/wp-content\/uploads\/2017\/07\/harburgerschlossstrasse-kl.jpg\" alt=\"Die Harburger Schlo\u00dfstra\u00dfe: Arch\u00e4ologie in Hamburg\" title=\"Die Harburger Schlo\u00dfstra\u00dfe: Arch\u00e4ologie in Hamburg\" width=\"191\" height=\"168\" class=\"alignleft size-full wp-image-1021\" \/><\/a>\n<\/div>\n<p><strong> Weiss, Rainer-Maria (Hrsg.):<br \/>\nDie Harburger Schlo\u00dfstra\u00dfe: Arch\u00e4ologie in Hamburg<\/strong><br \/>\nHamburg: <a href=\"http:\/\/shop.amh.de\/produkt\/die-harburger-schlossstrasse\/\">Arch\u00e4ologisches Museum &#8211; Stadtmuseum Harburg\/Helms-Museum<\/a>, 2017<br \/>\nSignatur: <a href=\"https:\/\/beluga.sub.uni-hamburg.de\/vufind\/Record\/883774542\">C 17942<\/a>\t<\/p>\n<div style=\"clear:both;\"><\/div>\n<div style=\"float: left; padding-left:0px; margin-right:35px; margin-bottom:35px;\"><a href=\"http:\/\/blogs.sub.uni-hamburg.de\/hamburglesen\/wp-content\/uploads\/2017\/07\/kunsthalle-gr.jpg\"><img loading=\"lazy\" decoding=\"async\" src=\"http:\/\/blogs.sub.uni-hamburg.de\/hamburglesen\/wp-content\/uploads\/2017\/07\/kunsthalle-kl.jpg\" alt=\"Hamburger Kunsthalle in Zusammenarbeit mit den Freunden der Kunsthalle e.V.\" title=\"Hamburger Kunsthalle in Zusammenarbeit mit den Freunden der Kunsthalle e.V.\" width=\"125\" height=\"168\" class=\"alignleft size-full wp-image-1025\" \/><\/a>\n<\/div>\n<p><strong>Hamburger Kunsthalle in Zusammenarbeit mit den Freunden der Kunsthalle e.V. (Hrsg):<br \/>\nKunst aus acht Jahrhunderten: ein F\u00fchrer durch die Sammlung<\/strong><br \/>\nHamburg: <a href=\"https:\/\/kataloge.uni-hamburg.de\/DB=3.4\/XMLPRS=N\/PPN?PPN=857322729\">Hamburger Kunsthalle<\/a>, 2016<br \/>\nSignatur: <a href=\"https:\/\/beluga.sub.uni-hamburg.de\/vufind\/Record\/857322729\">A\/678156 und HH 4917\/17<\/a> \t<\/p>\n<div style=\"clear:both;\"><\/div>\n<div style=\"float: left; padding-left:0px; margin-right:35px; margin-bottom:35px;\"><a href=\"http:\/\/blogs.sub.uni-hamburg.de\/hamburglesen\/wp-content\/uploads\/2017\/07\/franz-broetchen-gr.jpg\"><img loading=\"lazy\" decoding=\"async\" src=\"http:\/\/blogs.sub.uni-hamburg.de\/hamburglesen\/wp-content\/uploads\/2017\/07\/franz-broetchen-kl.jpg\" alt=\"Der Fremde im Backtrog: ein Franzbr\u00f6tchen-Krimi\" title=\"Der Fremde im Backtrog: ein Franzbr\u00f6tchen-Krimi\" width=\"105\" height=\"168\" class=\"alignleft size-full wp-image-1017\" \/><\/a>\n<\/div>\n<p><strong> Ingwersen, S\u00f6ren:<br \/>\nDer Fremde im Backtrog: ein Franzbr\u00f6tchen-Krimi<\/strong><br \/>\nHamburg: <a href=\"http:\/\/franzbroetchen.de\/der-fremde-im-backtrog\/\">Franzbr\u00f6tchen-Verlag Manfred Beseler<\/a>, 2017<br \/>\nSignatur: <a href=\"https:\/\/beluga.sub.uni-hamburg.de\/vufind\/Record\/880253762\">A\/694345<\/a> <\/p>\n<div style=\"clear:both;\"><\/div>\n<div style=\"float: left; padding-left:0px; margin-right:35px; margin-bottom:35px;\"><a href=\"http:\/\/blogs.sub.uni-hamburg.de\/hamburglesen\/wp-content\/uploads\/2017\/07\/hallo-hamburg-gr.jpg\"><img loading=\"lazy\" decoding=\"async\" src=\"http:\/\/blogs.sub.uni-hamburg.de\/hamburglesen\/wp-content\/uploads\/2017\/07\/hallo-hamburg-kl.jpg\" alt=\"Hallo, hier Hamburg! Lieder und ihre Geschichte(n) von Waterkant und See\" title=\"Hallo, hier Hamburg! Lieder und ihre Geschichte(n) von Waterkant und See\"  width=\"109\" height=\"168\" class=\"alignleft size-full wp-image-1019\" \/><\/a>\n<\/div>\n<p><strong> Wiegandt, Jochen:<br \/>\nHallo, hier Hamburg! Lieder und ihre Geschichte(n) von Waterkant und See<\/strong><br \/>\nHamburg: <a href=\"http:\/\/shop.abendblatt.de\/hallo-hier-hamburg-lieder-von-der-waterkant-und-ihre-geschichten--1150\/\">Edel<\/a>, 2017<br \/>\nSignatur: <a href=\"https:\/\/beluga.sub.uni-hamburg.de\/vufind\/Record\/88377609X\">A\/694231<\/a>\t<\/p>\n<div style=\"clear:both;\"><\/div>\n<div style=\"float: left; padding-left:0px; margin-right:35px; margin-bottom:35px;\"><a href=\"http:\/\/blogs.sub.uni-hamburg.de\/hamburglesen\/wp-content\/uploads\/2017\/07\/stadt-t-raeume-gr.jpg\"><img loading=\"lazy\" decoding=\"async\" src=\"http:\/\/blogs.sub.uni-hamburg.de\/hamburglesen\/wp-content\/uploads\/2017\/07\/stadt-t-raeume-kl.jpg\" alt=\"60 Jahre moderne Stadt(t)r\u00e4ume in Hamburg\" title=\"60 Jahre moderne Stadt(t)r\u00e4ume in Hamburg\" width=\"128\" height=\"169\" class=\"alignleft size-full wp-image-1029\" \/><\/a>\n<\/div>\n<p><strong>Blecher, Sebastian:<br \/>\n60 Jahre moderne Stadt(t)r\u00e4ume in Hamburg. Das Grindelquartier und die Gartenstadt am Hohnerkamp \u2013 gescheiterte Siedlungsmodelle oder Modellsiedlungen mit Zukunft?<\/strong><br \/>\nKassel: <a href=\"http:\/\/www.upress.uni-kassel.de\/katalog\/abstract.php?978-3-86219-876-4\">Kassel University Press<\/a>, 2016<br \/>\nSignatur: <a href=\"https:\/\/beluga.sub.uni-hamburg.de\/vufind\/Record\/875775845\">A 2017\/570 und HH 2577\/55<\/a>\t<\/p>\n<div style=\"clear:both;\"><\/div>\n<div style=\"float: left; padding-left:0px; margin-right:35px; margin-bottom:35px;\"> <a href=\"http:\/\/blogs.sub.uni-hamburg.de\/hamburglesen\/wp-content\/uploads\/2017\/07\/kein-bier-gr.jpg\"><img loading=\"lazy\" decoding=\"async\" src=\"http:\/\/blogs.sub.uni-hamburg.de\/hamburglesen\/wp-content\/uploads\/2017\/07\/kein-bier-kl.jpg\" alt=\"Kein Bier ohne Alster: Hamburg - Brauhaus der Hanse\" title=\"Kein Bier ohne Alster: Hamburg - Brauhaus der Hanse\" width=\"113\" height=\"169\" class=\"alignleft size-full wp-image-1023\" \/><\/a><\/div>\n<p><strong>Wiechmann, Ralf:<br \/>\nKein Bier ohne Alster: Hamburg &#8211; Brauhaus der Hanse<\/strong><br \/>\nHamburg: <a href=\"http:\/\/www.hamburgmuseum.de\/de\/museumsshop\/kein-bier-ohne-alster-hamburg-brauhaus-der-hanse.htm\">Hamburg History Live!, Verlag der Stiftung Historische Museen<\/a>, 2016<br \/>\nSignatur: <a href=\"https:\/\/beluga.sub.uni-hamburg.de\/vufind\/Record\/856735507\">HH 7436\/11<\/a><\/p>\n<div style=\"clear:both;\"><\/div>\n<\/div>\n","protected":false},"excerpt":{"rendered":"<p>Diese sieben Titel sind f\u00fcr den Buchpreis HamburgLesen 2017 nominiert. Vom Verlag f\u00fchrt jeweils ein Link zur Seite des Buches, die Signatur bringt die Angaben des Titels im Bestand der Staatsbibliothek zur Anzeige. Und auf Klick gibt&#8217;s die Cover in gro\u00df. Jass, Holger: Mein Onkel P\u00f6 Hamburg: Offline Verlag, 2015 Signatur: HH 8361\/1 Weiss, Rainer-Maria [&hellip;]<\/p>\n","protected":false},"author":2,"featured_media":0,"parent":11,"menu_order":0,"comment_status":"closed","ping_status":"closed","template":"","meta":{"footnotes":""},"class_list":["post-996","page","type-page","status-publish","hentry"],"_links":{"self":[{"href":"https:\/\/blogs.sub.uni-hamburg.de\/hamburglesen\/index.php?rest_route=\/wp\/v2\/pages\/996","targetHints":{"allow":["GET"]}}],"collection":[{"href":"https:\/\/blogs.sub.uni-hamburg.de\/hamburglesen\/index.php?rest_route=\/wp\/v2\/pages"}],"about":[{"href":"https:\/\/blogs.sub.uni-hamburg.de\/hamburglesen\/index.php?rest_route=\/wp\/v2\/types\/page"}],"author":[{"embeddable":true,"href":"https:\/\/blogs.sub.uni-hamburg.de\/hamburglesen\/index.php?rest_route=\/wp\/v2\/users\/2"}],"replies":[{"embeddable":true,"href":"https:\/\/blogs.sub.uni-hamburg.de\/hamburglesen\/index.php?rest_route=%2Fwp%2Fv2%2Fcomments&post=996"}],"version-history":[{"count":17,"href":"https:\/\/blogs.sub.uni-hamburg.de\/hamburglesen\/index.php?rest_route=\/wp\/v2\/pages\/996\/revisions"}],"predecessor-version":[{"id":1060,"href":"https:\/\/blogs.sub.uni-hamburg.de\/hamburglesen\/index.php?rest_route=\/wp\/v2\/pages\/996\/revisions\/1060"}],"up":[{"embeddable":true,"href":"https:\/\/blogs.sub.uni-hamburg.de\/hamburglesen\/index.php?rest_route=\/wp\/v2\/pages\/11"}],"wp:attachment":[{"href":"https:\/\/blogs.sub.uni-hamburg.de\/hamburglesen\/index.php?rest_route=%2Fwp%2Fv2%2Fmedia&parent=996"}],"curies":[{"name":"wp","href":"https:\/\/api.w.org\/{rel}","templated":true}]}}