{"id":939,"date":"2017-05-09T13:47:12","date_gmt":"2017-05-09T13:47:12","guid":{"rendered":"http:\/\/blogs.sub.uni-hamburg.de\/hamburglesen\/?page_id=939"},"modified":"2017-05-15T11:07:00","modified_gmt":"2017-05-15T11:07:00","slug":"longlist-2017","status":"publish","type":"page","link":"https:\/\/blogs.sub.uni-hamburg.de\/hamburglesen\/?page_id=939","title":{"rendered":"Longlist 2017"},"content":{"rendered":"<p><a href=\"http:\/\/blogs.sub.uni-hamburg.de\/hamburglesen\/wp-content\/uploads\/2017\/05\/longlist-fenster-2017-gr.jpg\"><img loading=\"lazy\" decoding=\"async\" src=\"http:\/\/blogs.sub.uni-hamburg.de\/hamburglesen\/wp-content\/uploads\/2017\/05\/longlist-fenster-2017.jpg\" alt=\"Longlist 2017\" width=\"900\" height=\"272\" class=\"alignnone size-full wp-image-951\" srcset=\"https:\/\/blogs.sub.uni-hamburg.de\/hamburglesen\/wp-content\/uploads\/2017\/05\/longlist-fenster-2017.jpg 900w, https:\/\/blogs.sub.uni-hamburg.de\/hamburglesen\/wp-content\/uploads\/2017\/05\/longlist-fenster-2017-300x91.jpg 300w, https:\/\/blogs.sub.uni-hamburg.de\/hamburglesen\/wp-content\/uploads\/2017\/05\/longlist-fenster-2017-768x232.jpg 768w, https:\/\/blogs.sub.uni-hamburg.de\/hamburglesen\/wp-content\/uploads\/2017\/05\/longlist-fenster-2017-624x189.jpg 624w\" sizes=\"auto, (max-width: 900px) 100vw, 900px\" \/><\/a><\/p>\n<p>Diese 30 Publikationen w\u00e4hlte die Auswahlkommission aus \u00fcber 200 B\u00fcchern (Vorschlagsliste) aus:<\/p>\n<p><strong>Bieberstedt, Andreas; Ruge, J\u00fcrgen; Schr\u00f6der, Ingrid (Hrsg.):<br \/>\nHamburgisch: Struktur, Gebrauch, Wahrnehmung der Regionalsprache im urbanen Raum<\/strong><br \/>\nFrankfurt am Main; Bern; Bruxelles; New York; Oxford; Warszawa; Wien: Peter Lang Edition, 2016<br \/>\nSignatur: <a href=\"https:\/\/beluga.sub.uni-hamburg.de\/vufind\/Record\/866210334\">HH 3431\/1<\/a><\/p>\n<p><strong>Meyer-Veden, Hans:<br \/>\nAn der Elbe<\/strong><br \/>\nHamburg: Junius, 2016<br \/>\nSignatur: <a href=\"https:\/\/beluga.sub.uni-hamburg.de\/vufind\/Record\/846163551\">HH 1609\/9<\/a><\/p>\n<p><strong> Mischke, Joachim; Zapf, Michael:<br \/>\nElbphilharmonie<\/strong><br \/>\nHamburg: Edel Books, 2016<br \/>\nSignatur: <a href=\"https:\/\/beluga.sub.uni-hamburg.de\/vufind\/Record\/859947556\">HH 2588\/9<\/a><\/p>\n<p><strong>Wiechmann, Ralf:<br \/>\nKein Bier ohne Alster: Hamburg &#8211; Brauhaus der Hanse<\/strong><br \/>\nHamburg: Hamburg History Live!, Verlag der Stiftung Historische Museen, 2016<br \/>\nSignatur: <a href=\"https:\/\/beluga.sub.uni-hamburg.de\/vufind\/Record\/856735507\">HH 7436\/11<\/a><\/p>\n<p><strong> Jass, Holger:<br \/>\nMein Onkel P\u00f6<\/strong><br \/>\nHamburg: Offline Verlag, 2015<br \/>\nSignatur: <a href=\"https:\/\/beluga.sub.uni-hamburg.de\/vufind\/Record\/853795096\">HH 8361\/1<\/a><\/p>\n<p><strong> Schwarberg, G\u00fcnther:<br \/>\nDer SS-Arzt und die Kinder vom Bullenhuser Damm<\/strong><br \/>\nG\u00f6ttingen: Steidl, 2016<br \/>\nSignatur: <a href=\"https:\/\/beluga.sub.uni-hamburg.de\/vufind\/Record\/790277549\">A 2016\/3529 und HH 3054\/35<\/a><\/p>\n<p><strong> T\u00f6teberg, Michael:<br \/>\nFilmstadt Hamburg: Kinogeschichten einer Gro\u00dfstadt: Stars, Studios, Schaupl\u00e4tze<\/strong><br \/>\nHamburg: VSA-Verlag, 2016<br \/>\nSignatur: <a href=\"https:\/\/beluga.sub.uni-hamburg.de\/vufind\/Record\/857627473\">A 2016\/3533 und HH 4894\/1<\/a><\/p>\n<p><strong> Uns, Uwe:<br \/>\n111 Gr\u00fcnde, Hamburg zu hassen: die Stadt so, wie sie wirklich ist<\/strong><br \/>\nBerlin: Schwarzkopf &#038; Schwarzkopf, 2016<br \/>\nSignatur: <a href=\"https:\/\/beluga.sub.uni-hamburg.de\/vufind\/Record\/86024265X\">A 2016\/8076<\/a>\t <\/p>\n<p><strong> Strunk, Heinz:<br \/>\nJ\u00fcrgen<\/strong><br \/>\nReinbek bei Hamburg: Rowohlt Hundert Augen, 2017<br \/>\nSignatur: <a href=\"https:\/\/beluga.sub.uni-hamburg.de\/vufind\/Record\/873559169\">A 2017\/1095<\/a>\t <\/p>\n<p><strong> Weiss, Rainer-Maria (Hrsg.):<br \/>\nDie Harburger Schlo\u00dfstra\u00dfe: Arch\u00e4ologie in Hamburg<\/strong><br \/>\nHamburg: Arch\u00e4ologisches Museum &#8211; Stadtmuseum Harburg\/Helms-Museum, 2017<br \/>\nSignatur: <a href=\"https:\/\/beluga.sub.uni-hamburg.de\/vufind\/Record\/883774542\">C 17942<\/a>\t\t\t\t\t\t<\/p>\n<p><strong> F\u00fchr, Eduard Heinrich:<br \/>\nIdentit\u00e4tspolitik: &#8222;Architect Professor Cesar Pinnau&#8220; als Entwurf und Entwerfer<\/strong><br \/>\nBielefeld: transcript, 2016<br \/>\nSignatur: <a href=\"https:\/\/beluga.sub.uni-hamburg.de\/vufind\/Record\/866725199\">A 2017\/394 und HH 5023\/45<\/a>\t<\/p>\n<p><strong> Jahn, Bernhard; Maurer Zenck, Claudia (Hrsg.):<br \/>\nB\u00fchne und B\u00fcrgertum: das Hamburger Stadttheater (1770-1850)<\/strong><br \/>\nFrankfurt am Main; Bern; Bruxelles; New York; Oxford; Warszawa; Wien: Peter Lang Edition, 2016<br \/>\nSignatur: <a href=\"https:\/\/beluga.sub.uni-hamburg.de\/vufind\/Record\/869353519\">A 2017\/50<\/a>\t<\/p>\n<p><strong> Karlauf, Thomas:<br \/>\nHelmut Schmidt: die sp\u00e4ten Jahre<\/strong><br \/>\nM\u00fcnchen: Siedler, 2016<br \/>\nSignatur: <a href=\"https:\/\/beluga.sub.uni-hamburg.de\/vufind\/Record\/858661926\">A 2017\/517<\/a>\t<\/p>\n<p><strong> Blecher, Sebastian:<br \/>\n60 Jahre moderne Stadt(t)r\u00e4ume in Hamburg<\/strong><br \/>\nKassel: Kassel University Press, 2016<br \/>\nSignatur: <a href=\"https:\/\/beluga.sub.uni-hamburg.de\/vufind\/Record\/875775845\">A 2017\/570 und HH 2577\/55<\/a>\t<\/p>\n<p><strong> Seufert, Michael:<br \/>\n100 Jahre S\u00fcdseehaus<\/strong><br \/>\nHamburg: Mathias Bach, 2016<br \/>\nSignatur: <a href=\"https:\/\/beluga.sub.uni-hamburg.de\/vufind\/Record\/866915540\">A 2017\/628 und HH 2596\/25<\/a>\t<\/p>\n<p><strong> Krause, Detlef; Lege, Katrin; Zimmerl, Ulrike:<br \/>\nDie Commerzbank am Ne\u00df in Hamburg: 140 Jahre Baugeschichte in Bildern<\/strong><br \/>\nFrankfurt am Main: Henrich, 2016<br \/>\nSignatur: <a href=\"https:\/\/beluga.sub.uni-hamburg.de\/vufind\/Record\/874041813\">A 2017\/686<\/a>\t<\/p>\n<p><strong> Hamburger Kunsthalle in Zusammenarbeit mit den Freunden der Kunsthalle e.V. (Hrsg):<br \/>\nKunst aus acht Jahrhunderten: ein F\u00fchrer durch die Sammlung<\/strong><br \/>\nHamburg: Hamburger Kunsthalle, 2016<br \/>\nSignatur: <a href=\"https:\/\/beluga.sub.uni-hamburg.de\/vufind\/Record\/857322729\">A\/678156 und HH 4917\/17<\/a>\t<\/p>\n<p><strong>Naef, Matthias (Hrsg.):<br \/>\nPanik aus Prinzip: das Udo Lindenberg Fanbuch<\/strong><br \/>\nHamburg: Atlantik Verlag, 2016<br \/>\nSignatur: <a href=\"https:\/\/beluga.sub.uni-hamburg.de\/vufind\/Record\/842286144\">A\/682890<\/a>\t\t\t\t\t\t\t<\/p>\n<p><strong>Schilling, J\u00f6rg:<br \/>\nDas Landhaus J.H. Baur in Altona: ein Bau von Christian Frederik Hansen im Wandel der Zeit<\/strong><br \/>\nM\u00fcnchen; Hamburg: D\u00f6lling und Galitz Verlag; Hamburg: Hermann Reemtsma Stiftung, 2017<br \/>\nSignatur: <a href=\"https:\/\/beluga.sub.uni-hamburg.de\/vufind\/Record\/86183299X\">A\/690352 und HH 9263\/2<\/a>\t\t\t\t\t\t\t<\/p>\n<p><strong> Reinhardt, Ulrich:<br \/>\nSo tickt Hamburg: 77 Fragen an die Zukunft<\/strong><br \/>\nHamburg: Zeitungsgruppe Hamburg GmbH\/Hamburger Abendblatt, 2017<br \/>\nSignatur: <a href=\"https:\/\/beluga.sub.uni-hamburg.de\/vufind\/Record\/882261185\">A\/694195<\/a>\t\t\t\t\t\t\t<\/p>\n<p><strong> Wiegandt, Jochen:<br \/>\nHallo, hier Hamburg! Lieder und ihre Geschichte(n) von Waterkant und See<\/strong><br \/>\nHamburg: Edel, 2017<br \/>\nSignatur: <a href=\"https:\/\/beluga.sub.uni-hamburg.de\/vufind\/Record\/88377609X\">A\/694231<\/a>\t<\/p>\n<p><strong> Ingwersen, S\u00f6ren:<br \/>\nDer Fremde im Backtrog: ein Franzbr\u00f6tchen-Krimi<\/strong><br \/>\nHamburg: Franzbr\u00f6tchen-Verlag Manfred Beseler, 2017<br \/>\nSignatur: <a href=\"https:\/\/beluga.sub.uni-hamburg.de\/vufind\/Record\/880253762\">A\/694345<\/a>\t<\/p>\n<p><strong> Quirin, Otto:<br \/>\nPortr\u00e4tzeichnungen von Menschen im Widerstand gegen das NS-Regime<\/strong><br \/>\nFrankfurt: Verlag Beauty as Such, 2016<br \/>\nSignatur: <a href=\"https:\/\/beluga.sub.uni-hamburg.de\/vufind\/Record\/857210793\">B\/155655<\/a>\t<\/p>\n<p><strong> Festschrift zum Jubil\u00e4um des Instituts f\u00fcr die Geschichte der deutschen Juden:<br \/>\n50 Jahre, 50 Quellen<\/strong><br \/>\nHamburg: Institut f\u00fcr die Geschichte der deutschen Juden, 2016<br \/>\nSignatur: <a href=\"https:\/\/beluga.sub.uni-hamburg.de\/vufind\/Record\/857671898\">B\/155791 und HH 4216\/6<\/a>\t\t\t\t\t<\/p>\n<p><strong> Lubitz, Jan:<br \/>\nGeformter Raum: die Hamburger Architekten Bensel, Kamps &#038; Amsinck<\/strong><br \/>\nM\u00fcnchen; Hamburg: D\u00f6lling und Galitz Verlag, 2016<br \/>\nSignatur: <a href=\"https:\/\/beluga.sub.uni-hamburg.de\/vufind\/Record\/792591135\">B\/155903 und HH 5039\/48<\/a>\t<\/p>\n<p><strong> Meyh\u00f6fer, Dirk:<br \/>\nDie Kunst der richtigen Distanz: Architekturkritik im Spiegel des Werkes der Architekten von Gerkan, Marg und Partner<\/strong><br \/>\nZ\u00fcrich: niggli, 2017<br \/>\nSignatur: <a href=\"https:\/\/beluga.sub.uni-hamburg.de\/vufind\/Record\/842272305\">B\/161141<\/a>\t<\/p>\n<p><strong> Horacek, Milan:<br \/>\nHamburg Cityscapes<\/strong><br \/>\nHamburg: Junius, 2016<br \/>\nSignatur: <a href=\"https:\/\/beluga.sub.uni-hamburg.de\/vufind\/Record\/863264638\">C\/17539<\/a>\t<\/p>\n<p><strong> Schr\u00f6der, Babette:<br \/>\nDas Hamburg Album: eine Bilderreise durch die Hansestadt 1960-1990<\/strong><br \/>\nK\u00f6ln: emons, 2016<br \/>\nSignatur: <a href=\"https:\/\/beluga.sub.uni-hamburg.de\/vufind\/Record\/859555623\">C\/17617<\/a>\t<\/p>\n<p><strong> Merkel, Michael; Suchowa, Kay-Peter (Hrsg.):<br \/>\nDer Harburger Binnenhafen<\/strong><br \/>\nHamburg: Arch\u00e4ologisches Museum &#8211; Stadtmuseum Harburg\/Helms-Museum, 2016<br \/>\nSignatur: <a href=\"https:\/\/beluga.sub.uni-hamburg.de\/vufind\/Record\/873027833\">A 2017\/1140 und HH 7698\/12<\/a>\t<\/p>\n<p><strong> Groth, Susanne:<br \/>\nAbseits: vom Leben am Rande der Gesellschaft in Hamburgs Mitte\t<\/strong><br \/>\nHamburg: www.cafeemitherz.de, 2016<br \/>\nSignatur: <a href=\"https:\/\/beluga.sub.uni-hamburg.de\/vufind\/Record\/866237313\">C\/17827<\/a>\t<\/p>\n","protected":false},"excerpt":{"rendered":"<p>Diese 30 Publikationen w\u00e4hlte die Auswahlkommission aus \u00fcber 200 B\u00fcchern (Vorschlagsliste) aus: Bieberstedt, Andreas; Ruge, J\u00fcrgen; Schr\u00f6der, Ingrid (Hrsg.): Hamburgisch: Struktur, Gebrauch, Wahrnehmung der Regionalsprache im urbanen Raum Frankfurt am Main; Bern; Bruxelles; New York; Oxford; Warszawa; Wien: Peter Lang Edition, 2016 Signatur: HH 3431\/1 Meyer-Veden, Hans: An der Elbe Hamburg: Junius, 2016 Signatur: HH [&hellip;]<\/p>\n","protected":false},"author":2,"featured_media":0,"parent":11,"menu_order":0,"comment_status":"closed","ping_status":"closed","template":"","meta":{"footnotes":""},"class_list":["post-939","page","type-page","status-publish","hentry"],"_links":{"self":[{"href":"https:\/\/blogs.sub.uni-hamburg.de\/hamburglesen\/index.php?rest_route=\/wp\/v2\/pages\/939","targetHints":{"allow":["GET"]}}],"collection":[{"href":"https:\/\/blogs.sub.uni-hamburg.de\/hamburglesen\/index.php?rest_route=\/wp\/v2\/pages"}],"about":[{"href":"https:\/\/blogs.sub.uni-hamburg.de\/hamburglesen\/index.php?rest_route=\/wp\/v2\/types\/page"}],"author":[{"embeddable":true,"href":"https:\/\/blogs.sub.uni-hamburg.de\/hamburglesen\/index.php?rest_route=\/wp\/v2\/users\/2"}],"replies":[{"embeddable":true,"href":"https:\/\/blogs.sub.uni-hamburg.de\/hamburglesen\/index.php?rest_route=%2Fwp%2Fv2%2Fcomments&post=939"}],"version-history":[{"count":40,"href":"https:\/\/blogs.sub.uni-hamburg.de\/hamburglesen\/index.php?rest_route=\/wp\/v2\/pages\/939\/revisions"}],"predecessor-version":[{"id":986,"href":"https:\/\/blogs.sub.uni-hamburg.de\/hamburglesen\/index.php?rest_route=\/wp\/v2\/pages\/939\/revisions\/986"}],"up":[{"embeddable":true,"href":"https:\/\/blogs.sub.uni-hamburg.de\/hamburglesen\/index.php?rest_route=\/wp\/v2\/pages\/11"}],"wp:attachment":[{"href":"https:\/\/blogs.sub.uni-hamburg.de\/hamburglesen\/index.php?rest_route=%2Fwp%2Fv2%2Fmedia&parent=939"}],"curies":[{"name":"wp","href":"https:\/\/api.w.org\/{rel}","templated":true}]}}