{"id":515,"date":"2014-07-14T14:56:17","date_gmt":"2014-07-14T14:56:17","guid":{"rendered":"http:\/\/blogs.sub.uni-hamburg.de\/hamburglesen\/?page_id=515"},"modified":"2014-07-14T15:24:00","modified_gmt":"2014-07-14T15:24:00","slug":"vorschlagsliste-2014","status":"publish","type":"page","link":"https:\/\/blogs.sub.uni-hamburg.de\/hamburglesen\/?page_id=515","title":{"rendered":"Vorschlagsliste 2014"},"content":{"rendered":"<div id=\"attachment_517\" style=\"width: 360px\" class=\"wp-caption alignright\"><a href=\"http:\/\/blogs.sub.uni-hamburg.de\/hamburglesen\/wp-content\/uploads\/2014\/07\/vorschlag2014wordle-gr.jpg\"><img loading=\"lazy\" decoding=\"async\" aria-describedby=\"caption-attachment-517\" src=\"http:\/\/blogs.sub.uni-hamburg.de\/hamburglesen\/wp-content\/uploads\/2014\/07\/vorschlag2014wordle.jpg\" alt=\"Wortwolke aus Vorschlagsliste 2014\" width=\"350\" height=\"206\" class=\"size-full wp-image-517\" srcset=\"https:\/\/blogs.sub.uni-hamburg.de\/hamburglesen\/wp-content\/uploads\/2014\/07\/vorschlag2014wordle.jpg 350w, https:\/\/blogs.sub.uni-hamburg.de\/hamburglesen\/wp-content\/uploads\/2014\/07\/vorschlag2014wordle-300x176.jpg 300w\" sizes=\"auto, (max-width: 350px) 100vw, 350px\" \/><\/a><p id=\"caption-attachment-517\" class=\"wp-caption-text\">Eine Wortwolke aus den 238 Titeln der Vorschlagsliste \u2013 <a href=\"http:\/\/www.wordle.net\/\">Wordle<\/a><\/p><\/div>\n<p><strong>Dies ist die Liste der 238 B\u00fccher f\u00fcr den Preis HamburgLesen 2014:<\/strong><\/p>\n<p>City Info Hamburg : Stadtf\u00fchrer ; town guide ; mit Stadtplan + Internet; Hamburg : City Info Deutschland<br \/>\nSignatur: A\/608253<\/p>\n<p>Der Musiker und Komponist Johann Mattheson als Hamburger Publizist : Studie zu den Anf\u00e4ngen der Moralischen Wochenschriften und der deutschen Musikpublizistik<br \/>\nSignatur: HH<\/p>\n<p>Kristian Schl\u00fcter:<br \/>\nDie Pr\u00fcfung<br \/>\nSignatur: A 2014\/82<\/p>\n<p>B\u00fcrger trifft Bauer : unser altes Volksdorf auf dem Weg zum Vorort Hamburgs<br \/>\nSignatur:<\/p>\n<p>Michael Seufert:<br \/>\nGesellschaft Harmonie von 1789 : [225 Jahre ; eine hanseatische Institution]<br \/>\nSignatur: A 2014\/429<\/p>\n<p>Gerd von Borstel:<br \/>\nDie 111 Horner Stra\u00dfennamen und ihre Bedeutung<br \/>\nSignatur: HH 8801\/4<\/p>\n<p>Jost Kaiser:<br \/>\nTypisch Helmut Schmidt : neue kleine Geschichten \u00fcber einen gro\u00dfen Mann<br \/>\nSignatur: A 2014\/61<\/p>\n<p>Wilhelmsburg : Bilder, Karten, Geschichten ; ein Atlas<br \/>\nSignatur: B\/128299<\/p>\n<p>775 Jahre Reinbek : die Perle im Gr\u00fcnen<br \/>\nSignatur: HH<\/p>\n<p>Holger B\u00fcnning:<br \/>\nHamburg Blues<br \/>\nSignatur: A\/608650<\/p>\n<p>Klaus Gille:<br \/>\nEsche &#8211; Sch\u00fcmann &#8211; Commichau : die Geschichte einer Hamburger Soziet\u00e4t seit 1822<br \/>\nSignatur: HH 6425\/3 ; A\/608233<\/p>\n<p>Mehr Stadt in der Stadt : gemeinsam zu mehr Freiraumqualit\u00e4t in Hamburg<br \/>\nSignatur: B\/128412<\/p>\n<p>Aus erster Quelle : Beitr\u00e4ge zum 300-j\u00e4hrigen Jubil\u00e4um des Staatsarchivs der Freien und Hansestadt Hamburg<br \/>\nSignatur: HH ; A\/608500<\/p>\n<p>&#8218;Bei uns ist es so&#8216; : &#8218;Keiner hat sich bis jetzt \u00fcber uns interessiert. Keiner hat gefragt&#8216; ; Gespr\u00e4che mit Roma-Frauen bei KAROLA e.V.<br \/>\nSignatur: B\/128278<\/p>\n<p>Dorothea Maetzel-Johannsen :<br \/>\nLeben und Werk ; mit einem Werkverzeichnis der \u00d6lbilder<br \/>\nSignatur: B\/128980<\/p>\n<p>Joachim Buttler:<br \/>\nDas unbekannte Hamburg : entdecken Sie die Sch\u00f6nheiten und Geheimnisse der Stadt<br \/>\nSignatur: HH <\/p>\n<p>Nicholas M. Railton:<br \/>\nJames Craig (1818 &#8211; 1899) : Judenmissionar &#8211; Evangelist &#8211; Gemeindegr\u00fcnder<br \/>\nSignatur: A 2013\/9006<\/p>\n<p>Pik As : 100 Jahre Nachtasyl<br \/>\nSignatur: HH 6528\/6<\/p>\n<p>Birgit Warringsholz:<br \/>\nAugust Ohm : eine Berliner K\u00fcnstlerfamilie in Hamburg<br \/>\nSignatur: B\/127186<\/p>\n<p>Durch die Gezeiten : 100 Jahre Segler-Vereinigung Niederelbe ; 1913 &#8211; 2013<br \/>\nSignatur: B\/127184<\/p>\n<p>Svante Domizlaff:<br \/>\n100 Jahre Hamburgische Br\u00fccke : 1913 &#8211; 2013<br \/>\nSignatur: HH 6532\/9<\/p>\n<p>Robert Gillett:<br \/>\n&#8218;Aber eines l\u00fcgt er nicht: Echtheit&#8216; : Perspektiven auf Hubert Fichte<br \/>\nSignatur: A\/605197<\/p>\n<p>Gomorrah 1943 : Hamburg&#8217;s destruction through aerial warfare<br \/>\nSignatur: A\/604806<\/p>\n<p>Till Briegleb:<br \/>\nBer\u00fchmt-Ber\u00fcchtigt : ein nicht ganz offizielles Glossar der ersten 100 Jahre am Lerchenfeld<br \/>\nSignatur: B\/126862<\/p>\n<p>Hamm&#8216; wir alles erlebt : sieben Lebensgeschichten aus Hamburg-Hamm<br \/>\nSignatur: A\/604790 \t<\/p>\n<p>Werner Hinze:<br \/>\nBluttage : ein Beitrag zur &#8218;Wahrheitsfindung&#8216; oder: Vom &#8218;Hamburg-Aufstand&#8216; der KPD zum &#8218;Altonaer Blutsonntag&#8216; ; eine B\u00fcrgerkriegsstrategie<br \/>\nSignatur: HH ; A 2013\/9286<\/p>\n<p>Wolfgang Harms:<br \/>\nVon der &#8218;Mophila 1931&#8216; in Hamburg bis zum &#8218;Preis Moderne Philatelie&#8216; 1997 : die Geschichte der &#8218;Modernen Philatelie&#8216; national und international bis 2012<br \/>\nSignatur: B\/126879<\/p>\n<p>Stephan Krull:<br \/>\nDie Geschichte der Gesundheitsbeh\u00f6rde der Freien und Hansestadt Hamburg im 20. Jahrhundert<br \/>\nhttp:\/\/edoc.ub.uni-muenchen.de\/15806\/; http:\/\/nbn-resolving.de\/urn\/resolver.pl?urn=nbn:de:bvb:19-1858068<\/p>\n<p>Erster Bauabschnitt Dezember 2010 &#8211; August 2013<br \/>\nSignatur: B\/126766<\/p>\n<p>Der Hamburger Arbeiter- und Soldatenrat 1918\/1919 \/ eingel. und bearb. von Volker Stalmann<br \/>\nSignatur: HH 3035\/4, A\/604284<br \/>\nHamburg-CD-Rom : Bilder &#8211; Texte &#8211; Heimatkunde<br \/>\nSignatur: CR 8017<\/p>\n<p>Historicus : eine spannende Zeitreise durch die Geschichte Hamburgs<br \/>\nSignatur: HH 2601\/43, C\/12784<\/p>\n<p>Robert Schoetter:<br \/>\nCan local adaption measures compensate for regional climate change in Hamburg Metropolitan Region?<br \/>\nSignatur: B\/126967; B\/126968<\/p>\n<p>Innovationen f\u00fcr den Klima-, Ressourcen- und Umweltschutz : Vereinbarung zwischen dem Senat der Freien und Hansestadt Hamburg und der Hamburger Wirtschaft zur Weiterentwicklung der UmweltPartnerschaft Hamburg f\u00fcr die Jahre 2013 bis 2018 ; Arbeitsprogramm der UmweltPartnerschaft Hamburg f\u00fcr die Jahre 2013 bis 2018<br \/>\nSignatur: B\/126224<\/p>\n<p>Fisch &#038; Kult : mein Leben, mein Restaurant, meine G\u00e4ste, meine Rezepte<br \/>\nSignatur: B\/127225<\/p>\n<p>Harald Vieth:<br \/>\nHamburgs V\u00f6gel : die 77 h\u00e4ufigsten Arten<br \/>\nSignatur: HH 2487\/12<\/p>\n<p>Anton F. Guhl:<br \/>\nJohannes August Lattmann : sozial und liberal im vordemokratischen Hamburger Senat<br \/>\nSignatur: HH 3270\/1; A\/603497<\/p>\n<p>Das ist Hamburg<br \/>\nSignatur: HH 2040\/27; B\/126464<\/p>\n<p>Ideenwettbewerb B\u00fcrgerhaus Eidelstedt : Visionen im Zentrum<br \/>\nSignatur: B\/126186<\/p>\n<p>Hamburgische Schiffbau-Versuchsanstalt (Hrsg.)<br \/>\nHSVA@100 : 1913 &#8211; 2013 ; a century of pivotal research, innovation and progress for the maritime industry<br \/>\nSignatur: C\/12691<\/p>\n<p>Entdeckt und Bewahrt! : 10 Jahre Forum f\u00fcr K\u00fcnstlernachl\u00e4sse mit einem Querschnitt durch die Sammlung ; 2003 &#8211; 2013, Einblicke in drei\u00dfig Nach- und Vorl\u00e4sse ; Katalog zur Jubil\u00e4umsausstellung<br \/>\nSignatur: B\/126159<\/p>\n<p>: (vospominanija o pere\u017eitom); : (Erinnerungen an Erlebtes); \u0414\u0435\u0442\u0438 \u0432\u043e\u0439\u043d\u044b : (\u0432\u043e\u0441\u043f\u043e\u043c\u0438\u043d\u0430\u043d\u0438\u044f \u043e \u043f\u0435\u0440\u0435\u0436\u0438\u0442\u043e\u043c)<br \/>\nSignatur: A\/607621<\/p>\n<p>G\u00fcnter Pumm:<br \/>\nKandidatenauswahl und innerparteiliche Demokratie in der Hamburger SPD : eine empirische Untersuchung der Kandidatennominierungen f\u00fcr die Bundestagswahl 1969, die B\u00fcrgerschaftswahl 1970, den Senat und die Deputation<br \/>\nSignatur: A 2013\/7966<\/p>\n<p>Hohenfelder B\u00fcrgerverein von 1883 [Hrsg.]<br \/>\n130 Jahre Hohenfelder B\u00fcrgerverein : 1883 &#8211; 2013 ; damals und heute in Hohenfelde und Uhlenhorst<br \/>\nSignatur: HH 8712\/1<\/p>\n<p>Sabine Adatepe:<br \/>\nKein Fr\u00fchling f\u00fcr Bahar : mehr als eine Hamburger Migrationsgeschichte ; Roman<br \/>\nSignatur: A\/607909<\/p>\n<p>HSV : ein Verein, eine Stadt, immer dabei<br \/>\nSignatur: HH 2250\/22; C\/12910<\/p>\n<p>39. Hamburger Ballett-Tage 2013 : [9.6. &#8211; 30.6.2013] ; 40 Jahre John Neumeier in Hamburg ; [Programmbuch der 39. Hamburger Ballett-Tage]<br \/>\nSignatur: HH 4835\/8<\/p>\n<p>Bernardo Peters-Velasquez:<br \/>\nLangenhorner Geschichte(n) : Erwin M\u00f6ller<br \/>\nSignatur: HH!bestellt; A 2014\/1084<\/p>\n<p>Typisch Hamburgisch!<br \/>\nSignatur: CR 7678<\/p>\n<p>150 Jahre SPD : [eine starke, lebendige und bunte Partei]<br \/>\nSignatur: CR 7581<\/p>\n<p>Michael Pasdzior:<br \/>\nHamburg : Tor zur Welt<br \/>\nSignatur: HH 2040\/26<\/p>\n<p>Hamburger Schulbauten : Denkmal &#8211; Geschichte &#8211; Erhaltung<br \/>\nSignatur: HH 3727\/6; B\/126182<\/p>\n<p>Hamburger Staatsbauten : Denkmal &#8211; Geschichte &#8211; Erhaltung<br \/>\nSignatur: HH 2599\/16; B\/126181<\/p>\n<p>Wohnungsbau in Barmbek : Barmbek (ver)baut (auf) seine Zukunft!? ; [was war, was kommt, was bleibt, was wird sein]<br \/>\nSignatur: HH 8931\/1<\/p>\n<p>&#8218;Jedermanns Freund &#8211; niemandes Feind&#8216; : 180 Jahre Methodisten in Hamburg ; ein Sammelband<br \/>\nSignatur: HH 5719\/12<\/p>\n<p>Rena Larf:<br \/>\nMord zwischen Bille und Serrahn : Kriminalnovellen<br \/>\nSignatur: A 2013\/6883<\/p>\n<p>Gil H\u00fcttenmeister; Eberhard K\u00e4ndler, Michael Studemund-Hal\u00e9vy:<br \/>\nDer Grindel-Ersatzfriedhof auf dem j\u00fcdischen Friedhof Ohlsdorf-Ilandkoppel<br \/>\nSignatur: HH 5759\/7; B\/127968<\/p>\n<p>Militarismus, Revolution und soziale Not : Geschichten um die Kasernen in der Hamburger Bundesstra\u00dfe<br \/>\nSignatur: A\/607955<\/p>\n<p>John Hopp:<br \/>\nDie H\u00f6lle in der Idylle : das Au\u00dfenlager Alt Garge des Konzentrationslagers Neuengamme<br \/>\nSignatur: A\/605715<\/p>\n<p>Katharina Peters:<br \/>\nHerztod : Thriller<br \/>\nSignatur: A 2013\/8569<\/p>\n<p>Rothenburgsort 27.\/28. Juli 1943<br \/>\nSignatur: A\/597208<\/p>\n<p>Helmut Stubbe da Luz, Swantje Naumann:<br \/>\nDie franz\u00f6sischen Besatzer in Hamburg : Zeugnisse zu den Jahren 1811 &#8211; 1814 ; Begleitband zur Ausstellung in der Bibliothek der Helmut-Schmidt-Universit\u00e4t, 24. April &#8211; 30. Juni 2013<br \/>\nSignatur: HH 2955\/6, A 2013\/6580<\/p>\n<p>Gottfried Lorenz:<br \/>\nLiberales Hamburg? : Homosexuellenverfolgung durch Polizei und Justiz nach 1945 ; [Begleitband zu der gleichnamigen Ausstellung in der Grundbuchhalle des Hamburger Justizforums im Sommer 2013]<br \/>\nSignatur: HH 3153\/6, B\/126028<\/p>\n<p>Hinnerk Bodendieck Hamburg rauf und runter : ein Maler und seine Stadt ; Ausstellung vom 24. Mai bis 28. Juni 2013<br \/>\nSignatur: B\/125443<\/p>\n<p>Peter Haefcke:<br \/>\nDas Herz der Stadt : unterwegs in Hamburgs Mitte<br \/>\nSignatur: HH 8109\/6<\/p>\n<p>Claus Reissig:<br \/>\nHafen Hamburg : das Kennenlern-Buch<br \/>\nSignatur: HH 7600\/13<\/p>\n<p>Manfred Gihl:<br \/>\nAltona und seine Feuerwehr von den Anf\u00e4ngen bis heute<br \/>\nSignatur: HH , A 2014\/274<\/p>\n<p>Hamburger K\u00fcnstler : aus der Sammlung Mathias F. Hans<br \/>\nSignatur: C\/12542<\/p>\n<p>Reform der Grossstadtkultur &#8211; das Lebenswerk Fritz Schumachers (1869 &#8211; 1947) : Dokumentation zur gleichnamigen Ausstellung 2013 im Kunsthaus Hamburg<br \/>\nSignatur: A\/590756, HH 5023\/38<\/p>\n<p>Der neue Rump : Lexikon der bildenden K\u00fcnstler Hamburgs<br \/>\nSignatur: HH 4905\/7<\/p>\n<p>Das Akademische Gymnasium : Bildung und Wissenschaft in Hamburg 1613 &#8211; 1883<br \/>\nSignatur: HH 3910\/2, A\/599047<\/p>\n<p>J\u00fcrgen Ehlers:<br \/>\nHamburg-Krimi-Reisef\u00fchrer : ein Streifzug durch die Mords-Metropole<br \/>\nSignatur: A 2013\/9108<\/p>\n<p>Chris Campe:<br \/>\nTollerOrt : Hamburgs beste L\u00e4den &#038; Adressen<br \/>\nSignatur: HH 1760\/54<\/p>\n<p>Unser Hamburg : Alltagsgeschichte in historischen Fotografien<br \/>\nSignatur: HH 2039\/105, C\/13177<\/p>\n<p>Berend Goos:<br \/>\nEin Leben in Hamburg<br \/>\nSignatur: A\/599431<\/p>\n<p>Henning Albrecht:<br \/>\nAdolph Lewisohn : Kupfermagnat im &#8218;Goldenen Zeitalter&#8216;<br \/>\nSignatur: A\/590709, HH 7223\/3<\/p>\n<p>Gottfried Lorenz:<br \/>\nT\u00f6v, di schiet ik an : Beitr\u00e4ge zur Hamburger Schwulengeschichte<br \/>\nSignatur: A 2013\/6708<\/p>\n<p>Hamburg von oben<br \/>\nSignatur: HH 2040\/4<\/p>\n<p>Sch\u00f6nes Hamburg<br \/>\nSignatur: HH 2040\/3<\/p>\n<p>Sven Regener:<br \/>\nMeine Jahre mit Hamburg-Heiner : Logb\u00fccher<br \/>\nSignatur: A 2014\/952<\/p>\n<p>Simone Buchholz:<br \/>\nBullenpeitsche : Kriminalroman<br \/>\nSignatur: A 2013\/9098<\/p>\n<p>Wir wollen alles &#8211; Hausbesetzungen in Hamburg<br \/>\nSignatur: A\/590634<\/p>\n<p>Lukas Hartmann:<br \/>\nAbschied von Sansibar : Roman<br \/>\nSignatur: A 2014\/344<\/p>\n<p>Helga Kutz-Bauer:<br \/>\nVerfolgung als politische Erfahrung : Hamburger Sozialdemokraten nach 1945<br \/>\nSignatur: A\/594422; HH 6113\/10<\/p>\n<p>Antje Matern:<br \/>\nMehrwert Metropolregion : Stadt-Land-Partnerschaften und Praktiken der Raumkonstruktion in der Metropolregion Hamburg<br \/>\nSignatur: A 2014\/37; HH<\/p>\n<p>Gerda Engelbracht:<br \/>\nMitten in Hamburg : die Alsterdorfer Anstalten 1945 &#8211; 1979<br \/>\nSignatur: HH 6540\/7, A 2013\/7346<\/p>\n<p>Cay Rademacher:<br \/>\nDer F\u00e4lscher : Kriminalroman<br \/>\nSignatur: A 2013\/9085<\/p>\n<p>Stephanie Nannen:<br \/>\nHenri Nannen : ein Stern und sein Kosmos<br \/>\nSignatur: A 2013\/7377<\/p>\n<p>Frank G\u00f6hre:<br \/>\nGeile Meile<br \/>\nSignatur: A 2013\/6762<\/p>\n<p>Hamburg f\u00fcr Hamburger [und Umgebung : 2014 ; mit Insider-Tipps ; Events, Kultur, Ausgehen, Essen &#038; Trinken, Shopping, Neuer\u00f6ffnungen, Cityatlas]<br \/>\nSignatur: A 2013\/7406<\/p>\n<p>Ursula Howe:<br \/>\nHand in Hand durch Wilhelmsburg : Erinnerungen<br \/>\nSignatur: A\/590537<\/p>\n<p>Gottfried Lorenz:<br \/>\n&#8218;&#8230; sonst gehst du versch\u00fctt&#8216; : das abenteuerliche und kurze Leben des Schiffsjungen, Strichers und Erpressers Theodor Gehring<br \/>\nSignatur: B\/123209<\/p>\n<p>Ruder-Club Dresdenia [Hrsg.]<br \/>\nRC Dresdenia Hamburg : 1938 bis 2013 ; 75 Jahre RC Dresdenia &#8211; ein Grund, mit Freude zur\u00fcckzublicken ; [eine Festschrift]<br \/>\nSignatur: B\/123175<\/p>\n<p>Henner Dingfelder:<br \/>\nDer Dank der Scharfrichter : die Hamburger Scharfrichterpfennige in der Zeit von 1541 bis 1810<br \/>\nSignatur: B\/123840<\/p>\n<p>&#8218;Vielleicht sehe ich auch zu tief in die Dinge hinein&#8216; : Hans Wolffheim (1904 &#8211; 1973), Hochschullehrer, Literaturkritiker, Autor<br \/>\nSignatur: HH 4324\/20, A 2013\/4872<\/p>\n<p>Andreas Srenk:<br \/>\nHamburg : Trends und Lifestyle<br \/>\nSignatur: C\/12771<\/p>\n<p>Bedrohung, Hoffnung, Skepsis : vier Tageb\u00fccher des Jahres 1933<br \/>\nSignatur: A 2014\/642<\/p>\n<p>Anne Baier:<br \/>\nIllustriertes Glossar der plattdeutschen Sprache<br \/>\nSignatur: A 2013\/8437<\/p>\n<p>Sturm \u00fcber Schleswig-Holstein : der Krieg von 1813\/14 in Schleswig-Holstein und Hamburg \/ hrsg. von Carsten Walczok und William Boehart<br \/>\nSignatur: HH 0138\/3, A 2013\/9079<\/p>\n<p>Erstaunliche Einsichten : Schriftsteller \u00fcber Bilder in der Hamburger Kunsthalle<br \/>\nSignatur: A 2013\/7410 @ u<\/p>\n<p>Karin von Behr:<br \/>\nEmil Maetzel : Baumeister, Maler, Sezessionist ; ein K\u00fcnstlerleben der 20er Jahre in Hamburg<br \/>\nSignatur: B\/126054<\/p>\n<p>Hella Kemper:<br \/>\nHamburger Kalender : f\u00fcr immer und jetzt<br \/>\nSignatur: A 2013\/9245<\/p>\n<p>Wir sind alle Kinder unserer Zeit : eine Gemeinschaftsarbeit der Biografiewerkstatt der Ev.-Luth. Kirchengemeinde Farmsen-Berne in Hamburg; [15 Biografien]<br \/>\nSignatur: A\/590521<\/p>\n<p>J\u00fcrgen Rath<br \/>\nIm Schatten des Krans : ein historischer Kriminalroman aus Hamburg<br \/>\nSignatur: A 2013\/7341<\/p>\n<p>Das 19. Jahrhundert \/ hrsg. von Inge Mager<br \/>\nSignatur: HH 5534\/4: 4, A\/590428<\/p>\n<p>Ulrich Lamparter (Hg.):<br \/>\nZeitzeugen des Hamburger Feuersturms 1943 und ihre Familien : Forschungsprojekt zur Weitergabe von Kriegserfahrungen ; mit 28 Tabellen<br \/>\nSignatur: HH<\/p>\n<p>Hayo Heye:<br \/>\nWo Kunst entsteht : K\u00fcnstlerateliers in Hamburg ; Kunsthaus Hamburg 22. M\u00e4rz bis 21. April 2013 [zum 50-j\u00e4hrigen Bestehen des Kunsthauses Hamburg ; Ausstellung]<br \/>\nSignatur: C\/12521<\/p>\n<p>100 Jahre Rebien : Bauen pflegen modernisieren ; ein Hamburger Unternehmen \u00fcber Generationen<br \/>\nSignatur: B\/126882<\/p>\n<p>Hamburgs Kirchen : Geschichte, Architektur und Angebote<br \/>\nSignatur: HH 5601\/5, A\/590426<\/p>\n<p>Hamburger und ihre G\u00e4rten : von Laubenpiepern, Guerillag\u00e4rtnern und Rosenfans<br \/>\nSignatur: HH 7928\/6, B\/122767<\/p>\n<p>Birgit Caumanns:<br \/>\nDer Kanalplatz im Harburger Binnenhafen : zwischen Schlossinsel und Stadt<br \/>\nSignatur: B\/123156, HH 9832\/13<\/p>\n<p>Anka Blank:<br \/>\nElbe &#8211; Sehnsucht an der Waterkant: eine Fotoreise entlang der Hamburger; : a photo journey along Hamburg&#8217;s river Elbe<br \/>\nSignatur: B\/123145<\/p>\n<p>Rainer B. Jogschies:<br \/>\n21 Hamburg 90 : Reportagen aus einem Stadtteil<br \/>\nSignatur: HH 9801\/7, A 2013\/3083<\/p>\n<p>Dietmar Hasenpusch:<br \/>\nDer Hamburger Hafen : ein Portr\u00e4t<br \/>\nSignatur: HH 7609\/40, B\/123580<\/p>\n<p>Heiko Morisse:<br \/>\nBeamtete Juristen<br \/>\nSignatur: HH 6423\/1: 2, A 2013\/3824<\/p>\n<p>Heiko Morisse:<br \/>\nSignatur: HH 6423\/1: 1, A 2013\/3823<\/p>\n<p>Udo Schr\u00f6der:<br \/>\nPeter Behrens : Herkunft und Jugend<br \/>\nSignatur: A\/599604<\/p>\n<p>Jochen Mertens:<br \/>\nUmsorgt wohnen : Altenheime, Seniorenwohnungen und Betreuung zu Hause<br \/>\nSignatur: HH 6536\/13<\/p>\n<p>Anette Hinrichs:<br \/>\nDas siebte Symbol : Kriminalroman<br \/>\nSignatur: A 2013\/8398<\/p>\n<p>Detlev Hohn:<br \/>\nAuch wir waren dabei : Ostern 1968 in Hamburg<br \/>\nSignatur: A 2013\/7392<\/p>\n<p>Holger Wetzel:<br \/>\nUnterwegs in Hamburg<br \/>\nSignatur: A 2013\/9088<\/p>\n<p>Julius Franzot:<br \/>\nKiez trifft Mafia : ein Wirtschaftskrimi<br \/>\nSignatur: A\/593974<\/p>\n<p>Hans-Peter Hofrichter:<br \/>\nHamburger Geschichte : auf Briefen von 1662 bis zur Reichsgr\u00fcndung ; in Wort und Bild mit und ohne Stempel oder Briefmarken der Stadt- und Privatpostanstalten, eingebunden in die geschichtlichen Hintergr\u00fcnde der vorkommenden Personen und Stra\u00dfen der Stadt und mit Angaben \u00fcber die heutige Wertigkeit<br \/>\nSignatur: HH 2635\/5<\/p>\n<p>Das Thalia-Theater : &#8218;Von morgens bis mitternachts&#8216; ; eine Zeitreise durch Arbeit und Kunst<br \/>\nSignatur: HH 4851\/7<\/p>\n<p>Unternehmen Wilhelmsburg : Stadtentwicklung im Zeichen von IBA und igs<br \/>\nSignatur: HH 9833\/14, A\/593892<\/p>\n<p>Anke Schulz:<br \/>\nLuruper Immobilien der Erbengemeinschaft Salomon Bondys : Dokumente einer Enteignung im Nazi &#8211; Deutschland<br \/>\nSignatur: A 2013\/2957<\/p>\n<p>Dominik Schendel:<br \/>\nArchitekturf\u00fchrer Hamburg<br \/>\nSignatur: HH 5039\/45<\/p>\n<p>Werner Skrentny:<br \/>\nDas Eppendorf-Buch<br \/>\nSignatur: HH 8539\/6, B\/128467<\/p>\n<p>Helmut Schulte:<br \/>\nDrei St.-Pauli-Leben : Ergebnisse, Erlebnisse und Erkenntnisse eines Punktelieferanten<br \/>\nSignatur: A 2013\/6536<\/p>\n<p>Elfie Buth:<br \/>\nWas ich euch erz\u00e4hlen will : meine Kindheit und Jugend im Hamburger Arbeiterviertel Eimsb\u00fcttel<br \/>\nSignatur: HH 8339\/11<\/p>\n<p>Hamburg : gespaltene Stadt? ; Soziale Entwicklungen in der Metropole<br \/>\nSignatur: HH 6530\/20, A\/599206<\/p>\n<p>Marina Bohlmann-Modersohn:<br \/>\nHamburg : [Hafen, Hamburgs &#8218;Tor zur Welt&#8216; ; Michel, barockes Wahrzeichen ; St. Pauli, Kult-Stadtteil und Szene-Treff ; Kartenatlas im Buch &#038; Extra-Karte zum Herausnehmen]<br \/>\nSignatur: HH 1760\/31,<\/p>\n<p>Kristina Vagt:<br \/>\nPolitik durch die Blume : Gartenbauausstellungen in Hamburg und Erfurt im Kalten Krieg (1950 &#8211; 1974)<br \/>\nSignatur: HH 7914\/2, A 2013\/2863<\/p>\n<p>Kathrin Pajcic:<br \/>\nFrauenstimmen in der sp\u00e4tmittelalterlichen Stadt? : Testamente von Frauen aus L\u00fcneburg, Hamburg und Wien als soziale Kommunikation<br \/>\nSignatur: A 2013\/4430<\/p>\n<p>Wolfgang Schirmer<br \/>\nHamburger S\u00fcden<br \/>\nSignatur: HH 9809\/15, C\/12119<\/p>\n<p>Warum ist ein Museum f\u00fcr V\u00f6lkerkunde wichtig f\u00fcr Hamburg? Was wird von einem V\u00f6lkerkundemuseum in Hamburg erwartet? : Festschrift f\u00fcr Wulf K\u00f6pke zum 60. Geburtstag<br \/>\nSignatur: HH 4317\/9, B\/120610<\/p>\n<p>Cherries on the Elbe : the Jewish Children&#8217;s Home in Blankenese 1946 &#8211; 1948<br \/>\nSignatur: HH 9286\/5, A 2013\/2379<\/p>\n<p>St. Katharinen : die Hauptkirche und ihr Viertel ; eine Wiederentdeckung<br \/>\nSignatur: HH 5641\/3<\/p>\n<p>Thomas Henning:<br \/>\nStrassenfotos &#8211; Hamburg um 1975<br \/>\nSignatur: HH 2039\/103<\/p>\n<p>Fritz J\u00fcrgen Kr\u00f6ger:<br \/>\n125 Jahre HADAG : die Stadt Hamburg als Unternehmer<br \/>\nSignatur: HH 7671\/1<\/p>\n<p>Claus J\u00fcrgensen:<br \/>\nDas Altonaer Bekenntnis vom 11. Januar 1933<br \/>\nSignatur: HH 9169\/5, A 2013\/2625, Z Theol | X\/4166: 56 (Lesesaal)<\/p>\n<p>99 x Hamburg : wie Sie es noch nicht kennen<br \/>\nSignatur: A 2013\/6713<\/p>\n<p>Jorun Poettering:<br \/>\nHandel, Nation und Religion : Kaufleute zwischen Hamburg und Portugal im 17. Jahrhundert<br \/>\nSignatur: A 2013\/4023, A\/596696<\/p>\n<p>In-Guide Hamburg<br \/>\nSignatur: A 2013\/3055<\/p>\n<p>111 Gr\u00fcnde, den Hamburger SV zu lieben : eine Liebeserkl\u00e4rung an den gro\u00dfartigsten Fu\u00dfballverein der Welt<br \/>\nSignatur: A 2013\/8535<\/p>\n<p>Frank Spilker:<br \/>\nEs interessiert mich nicht, aber das kann ich nicht beweisen : Roman<br \/>\nSignatur: A\/589731<\/p>\n<p>Jens L\u00f6per:<br \/>\nDie Bahnstrecke Hamburg-L\u00fcbeck<br \/>\nSignatur: A 2013\/9367<\/p>\n<p>Hamburg neu entdecken<br \/>\nSignatur: HH 2040\/25, B\/13002<\/p>\n<p>Hamburg &#8211; Metropole an Alster und Elbe<br \/>\nSignatur: A 2013\/3081, HH 1700\/2<\/p>\n<p>Blankenese : \u00fcber uns Himmel, unter uns die Elbe<br \/>\nSignatur: HH 9281\/2, A\/590517<\/p>\n<p>Marina Bohlmann-Modersohn:<br \/>\nHamburg : eine Stadt in Biographien<br \/>\nSignatur: HH 3205\/6, A 2013\/2825<\/p>\n<p>Singen Sie Hamburgisch? : [vom T\u00fcdelband bis zum Veermaster &#8211; die sch\u00f6nsten Hamburger Lieder und ihre Geschichten]<br \/>\nSignatur: B\/122589<\/p>\n<p>Salomon Heine in Hamburg : Gesch\u00e4ft und Gemeinsinn<br \/>\nSignatur: HH 7123\/6, A 2013\/3062<\/p>\n<p>Joachim Paschen:<br \/>\nHamburg zwischen Hindenburg und Hitler : die nationalsozialistische Eroberung einer roten Festung<br \/>\nSignatur: HH 3049\/6, A 2013\/2608<\/p>\n<p>Daniel Ryser:<br \/>\nSlime : Deutschland muss sterben<br \/>\nSignatur: A 2013\/6774<\/p>\n<p>Kathrin Sander:<br \/>\nHamburg : Stadtf\u00fchrer f\u00fcr Kinder<br \/>\nSignatur: A 2013\/7036<\/p>\n<p>Russel Lemmons:<br \/>\nHitler&#8217;s rival : Ernst Th\u00e4lmann in myth and memory<br \/>\nSignatur: A 2013\/3497, HH 3036\/6<\/p>\n<p>Maike Holst:<br \/>\nBlankeneser Frauen : [aus zwei Jahrhunderten]<br \/>\nSignatur: HH 9285\/5, B\/125758<\/p>\n<p>Eigel Wiese:<br \/>\nHamburger Hafen : Schiffe, Arbeit, Menschen<br \/>\nSignatur: HH 7609\/38, B\/123155<\/p>\n<p>Hamburg in Luftaufnahmen und Karten : 1964 bis 2012<br \/>\nSignatur: HH, A 2013\/3957<\/p>\n<p>Doroth\u00e9e Engel:<br \/>\nHafenCity &#038; Speicherstadt : ein fotografischer Streifzug<br \/>\nSignatur: HH 7609\/41, A 2013\/2830<\/p>\n<p>Hamburgs alte Fabriken : einst und jetzt<br \/>\nSignatur: C\/12330, HH 2595\/4<\/p>\n<p>Diaa Eldin Hassanein:<br \/>\nDer Hamburger Weg des Religionsunterrichts : eine empirische Analyse zum Dialog im Klassenzimmer<br \/>\nSignatur: A\/593961, A 2013\/4861<\/p>\n<p>Christin Springer:<br \/>\nWilhelmsburg &#038; Elbinselbuch : Finkenwerder, Kirchdorf, Reiherstiegviertel, Steinwerder, Kleiner Grasbrook, Veddel und Wilhelmsburg-Mitte<br \/>\nSignatur: A 2013\/3057, HH 9801\/3<\/p>\n<p>Michel Ruge:<br \/>\nBordsteink\u00f6nig : meine wilde Jugend auf St. Pauli<br \/>\nSignatur: A 2013\/1114<\/p>\n<p>Christina Bargholz:<br \/>\nABC der Arbeit : Vielfalt, Leben, Innovation ; von Kupferschmieden und Kaufleuten, Blaum\u00e4nnern und Sch\u00fcrzen, Lohnt\u00fcten und Streikkassen &#8230; ; [Ausstellung]<br \/>\nSignatur: B\/128279<\/p>\n<p>Maike Bruhns:<br \/>\nBauschmuck bei Fritz Schumacher : ein Kaleidoskop der K\u00fcnste<br \/>\nSignatur: HH 5023\/39, B\/128728<\/p>\n<p>Hamburg und drumrum : 50 thematische Ausfl\u00fcge<br \/>\nSignatur: HH 1501\/11<\/p>\n<p>100 Jahre Hamburger Hochbahn : 1912 &#8211; 2012<br \/>\nSignatur: CRK 2981 <\/p>\n<p>&#8218;&#8230; und am siebten Tag schuf Hammonia den Stadtpark &#8230;&#8216; : Geschichte(n) aus 100 Jahre Hamburger Stadtpark<br \/>\nSignatur: HH 4600\/9, A 2013\/3029<\/p>\n<p>Werner Fritz Zganiacz:<br \/>\nHamburg : Wendepunkte, Gipfel, Krisen ; damals, heute und dazwischen<br \/>\nSignatur: B\/119629<\/p>\n<p>Matthias Blazek:<br \/>\nSeer\u00e4uberei, Mord und S\u00fchne : eine 700-j\u00e4hrige Geschichte der Todesstrafe in Hamburg 1292 &#8211; 1949<br \/>\nSignatur: HH 6420\/4, A 2013\/3037<\/p>\n<p>Reiner Lehberger:<br \/>\nSchulen in Hamburg : ein F\u00fchrer durch Aufbau und Geschichte des Hamburger Schulwesens<br \/>\nSignatur: HH 3701\/10, A\/593894<\/p>\n<p>Andocken : Hamburgs Kulturgeschichte 1848 bis 1933<br \/>\nSignatur: A 2012\/11069, HH 3521\/14<\/p>\n","protected":false},"excerpt":{"rendered":"<p>Dies ist die Liste der 238 B\u00fccher f\u00fcr den Preis HamburgLesen 2014: City Info Hamburg : Stadtf\u00fchrer ; town guide ; mit Stadtplan + Internet; Hamburg : City Info Deutschland Signatur: A\/608253 Der Musiker und Komponist Johann Mattheson als Hamburger Publizist : Studie zu den Anf\u00e4ngen der Moralischen Wochenschriften und der deutschen Musikpublizistik Signatur: HH [&hellip;]<\/p>\n","protected":false},"author":2,"featured_media":0,"parent":0,"menu_order":0,"comment_status":"closed","ping_status":"closed","template":"","meta":{"footnotes":""},"class_list":["post-515","page","type-page","status-publish","hentry"],"_links":{"self":[{"href":"https:\/\/blogs.sub.uni-hamburg.de\/hamburglesen\/index.php?rest_route=\/wp\/v2\/pages\/515","targetHints":{"allow":["GET"]}}],"collection":[{"href":"https:\/\/blogs.sub.uni-hamburg.de\/hamburglesen\/index.php?rest_route=\/wp\/v2\/pages"}],"about":[{"href":"https:\/\/blogs.sub.uni-hamburg.de\/hamburglesen\/index.php?rest_route=\/wp\/v2\/types\/page"}],"author":[{"embeddable":true,"href":"https:\/\/blogs.sub.uni-hamburg.de\/hamburglesen\/index.php?rest_route=\/wp\/v2\/users\/2"}],"replies":[{"embeddable":true,"href":"https:\/\/blogs.sub.uni-hamburg.de\/hamburglesen\/index.php?rest_route=%2Fwp%2Fv2%2Fcomments&post=515"}],"version-history":[{"count":5,"href":"https:\/\/blogs.sub.uni-hamburg.de\/hamburglesen\/index.php?rest_route=\/wp\/v2\/pages\/515\/revisions"}],"predecessor-version":[{"id":522,"href":"https:\/\/blogs.sub.uni-hamburg.de\/hamburglesen\/index.php?rest_route=\/wp\/v2\/pages\/515\/revisions\/522"}],"wp:attachment":[{"href":"https:\/\/blogs.sub.uni-hamburg.de\/hamburglesen\/index.php?rest_route=%2Fwp%2Fv2%2Fmedia&parent=515"}],"curies":[{"name":"wp","href":"https:\/\/api.w.org\/{rel}","templated":true}]}}