{"id":215,"date":"2013-09-12T15:41:57","date_gmt":"2013-09-12T15:41:57","guid":{"rendered":"http:\/\/blogs.sub.uni-hamburg.de\/hamburglesen\/?page_id=215"},"modified":"2014-07-14T12:07:33","modified_gmt":"2014-07-14T12:07:33","slug":"longlist","status":"publish","type":"page","link":"https:\/\/blogs.sub.uni-hamburg.de\/hamburglesen\/?page_id=215","title":{"rendered":"Longlist"},"content":{"rendered":"<p><img loading=\"lazy\" decoding=\"async\" src=\"http:\/\/blogs.sub.uni-hamburg.de\/hamburglesen\/wp-content\/uploads\/2013\/09\/wordle-300.jpg\" alt=\"wordle-300\" width=\"792\" height=\"298\" class=\"aligncenter size-full wp-image-254\" srcset=\"https:\/\/blogs.sub.uni-hamburg.de\/hamburglesen\/wp-content\/uploads\/2013\/09\/wordle-300.jpg 792w, https:\/\/blogs.sub.uni-hamburg.de\/hamburglesen\/wp-content\/uploads\/2013\/09\/wordle-300-300x112.jpg 300w, https:\/\/blogs.sub.uni-hamburg.de\/hamburglesen\/wp-content\/uploads\/2013\/09\/wordle-300-624x234.jpg 624w\" sizes=\"auto, (max-width: 792px) 100vw, 792px\" \/><\/p>\n<p>Diese 30 Publikationen w\u00e4hlte die Auswahlkommission aus 300 B\u00fcchern (<a href=\"http:\/\/blogs.sub.uni-hamburg.de\/hamburglesen\/?page_id=219\">Vorschlagsliste<\/a>) aus:<\/p>\n<p><strong>Steiger, Johann Anselm; Richter, Sandra:<br \/>\nHamburg : eine Metropolregion zwischen Fr\u00fcher Neuzeit und Aufkl\u00e4rung<\/strong><br \/>\nBerlin : Akad.-Verl., 2012<br \/>\nSignatur: <a href=\"https:\/\/kataloge.uni-hamburg.de\/DB=1\/XMLPRS=N\/PPN?PPN=683403303\">HH 2909\/4<\/a><\/p>\n<p><strong>Kersten, Joachim; Schmidt, Arno:<br \/>\nArno Schmidt in Hamburg : eine Edition der Arno Schmidt Stiftung<\/strong><br \/>\nHamburg : Hoffmann und Campe, 2011<br \/>\nSignatur: <a href=\"https:\/\/kataloge.uni-hamburg.de\/DB=1\/XMLPRS=N\/PPN?PPN=667310819\">A\/559836<\/a><\/p>\n<p><strong>Bruhns, Maike:<br \/>\nVom Vergn\u00fcgungsviertel zum Kiez &#8211; Hamburger K\u00fcnstler auf St. Pauli <\/strong><br \/>\nAusstellung in der Hamburger Sparkasse, Haspa-Galerie, Gro\u00dfer Burstah, 29. September &#8211; 9. Dezember 2011<br \/>\nHamburg : Hamburger Sparkasse, 2011<br \/>\nSignatur: <a href=\"https:\/\/kataloge.uni-hamburg.de\/DB=1\/XMLPRS=N\/PPN?PPN=669010162\">B\/109951<\/a><\/p>\n<p><strong>Quirin, Otto:<br \/>\nHamburger j\u00fcdische Portraits<\/strong><br \/>\nHamburg : ConferencePoint Verl., 2012<br \/>\nSignatur: <a href=\"https:\/\/kataloge.uni-hamburg.de\/DB=1\/XMLPRS=N\/PPN?PPN=715992317\">HH 3157\/37<\/a><\/p>\n<p><strong>Dickhaut, Wolfgang:<br \/>\nIntegriertes Regenwassermanagement gro\u00dfr\u00e4umig planen<\/strong><br \/>\n Potentiale und Entwicklungsm\u00f6glichkeiten f\u00fcr Hamburg; [Abschlussbericht des William Lindley-Stipendiums von Hamburg Wasser zur F\u00f6rderung des innovativen, interdisziplin\u00e4ren Denkens junger Nachwuchskr\u00e4fte von 2009 bis 2011 ; Fertigstellung September 2011]<br \/>\nHamburg : HafenCity Univ. Hamburg, Fachbereich &#8218;Umweltgerechte Stadt- und Infrastrukturplanung&#8216;, 2011<br \/>\nSignatur: <a href=\"https:\/\/kataloge.uni-hamburg.de\/DB=1\/XMLPRS=N\/PPN?PPN=68947895X\">C\/11324<\/a><\/p>\n<p><strong>Seufert, Michael:<br \/>\nLevantehaus : Tradition und Moderne<\/strong><br \/>\nHamburg : Hoffmann und Campe, 2012<br \/>\nSignatur: <a href=\"https:\/\/kataloge.uni-hamburg.de\/DB=1\/XMLPRS=N\/PPN?PPN=73136693X\">HH 2596\/22<\/a><\/p>\n<p><strong>Tietgen, J\u00f6rn:<br \/>\nAltona &#038; Ottensenbuch : Altona-Altstadt, Altona-Nord, Bahrenfeld, Hafenkante und Ottensen<\/strong><br \/>\nHamburg : Junius, 2012<br \/>\nSignatur: <a href=\"https:\/\/kataloge.uni-hamburg.de\/DB=1\/XMLPRS=N\/PPN?PPN=68281640X\">HH 9101\/7<\/a><\/p>\n<p><strong>Roos, Dorothea [Hrsg.]; Voormann, Friedmar [Hrsg.]:<br \/>\nHamburger Backstein- und Klinkerbauten : Gestalt, Konstruktion, Material<\/strong><br \/>\nKarlsruhe : KIT Scientific Publ., 2011<br \/>\nSignatur: <a href=\"https:\/\/kataloge.uni-hamburg.de\/DB=1\/XMLPRS=N\/PPN?PPN=662443012\">HH 5039\/42<\/a><\/p>\n<p><strong>Henning, Thomas:<br \/>\nSchanze, 1980<\/strong><br \/>\nHamburg : Junius, 2011<br \/>\nSignatur: <a href=\"https:\/\/kataloge.uni-hamburg.de\/DB=1\/XMLPRS=N\/PPN?PPN=662173562\">HH 9109\/8<\/a><\/p>\n<p><strong>Junge-Gent, Henrike:<br \/>\nAlfred Lichtwark : zwischen den Zeiten<\/strong><br \/>\nBerlin : Deutscher Kunstverl., 2012<br \/>\nSignatur: <a href=\"https:\/\/kataloge.uni-hamburg.de\/DB=1\/XMLPRS=N\/PPN?PPN=716881454\">HH 4924\/13<\/a><\/p>\n<p><strong>Apel, Linde; David, Klaus; Sch\u00fcler-Springorum, Stefanie:<br \/>\nAus Hamburg in alle Welt : Lebensgeschichten j\u00fcdischer Verfolgter aus der &#8218;Werkstatt der Erinnerung&#8216;<\/strong><br \/>\nM\u00fcnchen [u.a.] : D\u00f6lling und Galitz, 2011<br \/>\nSignatur: <a href=\"https:\/\/kataloge.uni-hamburg.de\/DB=1\/XMLPRS=N\/PPN?PPN=64767419X\">A 2011\/9281<\/a><\/p>\n<p><strong>Latussek, Sandra:<br \/>\nDie Bunkerwelt Hamburg : ein Reisef\u00fchrer durch die vielleicht l\u00e4ngst vergessene Unterwelt von Hamburg<\/strong><br \/>\nHamburg : tredition, 2012<br \/>\nSignatur: <a href=\"https:\/\/kataloge.uni-hamburg.de\/DB=1\/XMLPRS=N\/PPN?PPN=720960290\">A 2012\/9781<\/a><\/p>\n<p><strong>Meyn, Boris:<br \/>\nTotenwall : ein historischer Kriminalroman<\/strong><br \/>\nReinbek bei Hamburg : Rowohlt-Taschenbuch-Verl., 2011<br \/>\nSignatur: <a href=\"https:\/\/kataloge.uni-hamburg.de\/DB=1\/XMLPRS=N\/PPN?PPN=660848627\">A 2011\/9983<br \/>\n<\/a><\/p>\n<p><strong>Riemer, Robert:<br \/>\nFrankfurt und Hamburg vor dem Reichskammergericht : zwei Handels- und Handwerkszentren im Vergleich<\/strong><br \/>\nK\u00f6ln [u.a.] : B\u00f6hlau, 2012<br \/>\nSignatur: <a href=\"https:\/\/kataloge.uni-hamburg.de\/DB=1\/XMLPRS=N\/PPN?PPN=659254751\">A 2012\/4083<\/a><\/p>\n<p><strong>Grischek, Robert; Sobiella, Christian:<br \/>\nSt. Pauli &#8211; vom Pfosten bis zur Ritze<\/strong><br \/>\nHamburg : Edel Germany, 2012<br \/>\nSignatur: <a href=\"https:\/\/kataloge.uni-hamburg.de\/DB=1\/XMLPRS=N\/PPN?PPN=715804863\">C\/10857<\/a><\/p>\n<p><strong>Matthes, Olaf; Haase, Hermann:<br \/>\nHermann Haase : Maler und Dokumentar der Vierlande <\/strong><br \/>\n[Begleitband zur Ausstellung Hermann Haase, Maler und Dokumentar der Vierlande im Museum f\u00fcr Bergedorf und die Vierlande, 27.10.2011 &#8211; 15.4.2012]<br \/>\nHamburg : Ed. Wartenau, 2011<br \/>\nSignatur: <a href=\"https:\/\/kataloge.uni-hamburg.de\/DB=1\/XMLPRS=N\/PPN?PPN=669075620\">B\/114312<\/a><\/p>\n<p><strong>Cordes, Gesche-M.:<br \/>\nStolpersteine und Angeh\u00f6rige in Hamburg<\/strong><br \/>\nHerzogenrath : Murken-Altrogge, 2012<br \/>\nSignatur: <a href=\"https:\/\/kataloge.uni-hamburg.de\/DB=1\/XMLPRS=N\/PPN?PPN=679770143\">B\/114993<\/a><\/p>\n<p><strong>Sch\u00fcle, Christian:<br \/>\nDas Ende unserer Tage <\/strong><br \/>\nStuttgart : Klett-Cotta, 2012<br \/>\nSignatur: <a href=\"https:\/\/kataloge.uni-hamburg.de\/DB=1\/XMLPRS=N\/PPN?PPN=675865719\">A 2012\/4373<\/a><\/p>\n<p><strong>Donath, Matthias:<br \/>\nHamburg 1933 &#8211; 1945 : &#8218;F\u00fchrerstadt&#8216; an der Elbe ; ein Architekturf\u00fchrer<\/strong><br \/>\nPetersberg : Imhof, 2011<br \/>\nSignatur: <a href=\"https:\/\/kataloge.uni-hamburg.de\/DB=1\/XMLPRS=N\/PPN?PPN=642462216\">A 2011\/7370<\/a><\/p>\n<p><strong>Amenda, Lars:<br \/>\nChina in Hamburg<\/strong><br \/>\nHamburg : Ellert &#038; Richter, 2011<br \/>\nSignatur: <a href=\"https:\/\/kataloge.uni-hamburg.de\/DB=1\/XMLPRS=N\/PPN?PPN=660849275\">HH 3133\/39<\/a><\/p>\n<p><strong>Kossak, Egbert:<br \/>\n1100 Jahre Stadtbild Hamburg : Mythos, Wirklichkeit, Visionen<\/strong><br \/>\nM\u00fcnchen [u.a.] : D\u00f6lling und Galitz, 2012<br \/>\nSignatur: <a href=\"https:\/\/kataloge.uni-hamburg.de\/DB=1\/XMLPRS=N\/PPN?PPN=716745283\">HH 2544\/9<\/a><\/p>\n<p><strong>Kritzmann, Bernd; Sill, Klaus:<br \/>\nBoardinghouse +<\/strong><br \/>\n[BA.Thesis 2011]; ein Kooperationsprojekt der HafenCity Universit\u00e4t Hamburg und der Berufsgenossenschaft f\u00fcr Gesundheitsdienst und Wohlfahrtspflege<br \/>\nHamburg : HCU, 2011<br \/>\nSignatur: <a href=\"https:\/\/kataloge.uni-hamburg.de\/DB=1\/XMLPRS=N\/PPN?PPN=670740586\">B\/115215<\/a><\/p>\n<p><strong>Leigh, Spencer:<br \/>\nThe Beatles in Hamburg : der Beginn einer \u00c4ra<\/strong><br \/>\nHamburg : Edel Germany, 2011<br \/>\nSignatur: <a href=\"https:\/\/kataloge.uni-hamburg.de\/DB=1\/XMLPRS=N\/PPN?PPN=660835312\">B\/110019<\/a><\/p>\n<p><strong>Poppendieck, Hans-Helmut; Bertram, Horst:<br \/>\nDer Hamburger Pflanzenatlas : von A bis Z <\/strong><br \/>\n[mit Roter Liste und CD-ROM]<br \/>\nM\u00fcnchen [u.a.] : D\u00f6lling und Galitz, 2011<br \/>\nSignatur: <a href=\"https:\/\/kataloge.uni-hamburg.de\/DB=1\/XMLPRS=N\/PPN?PPN=658922564\">HH 2475\/5<\/a><\/p>\n<p><strong>Willnauer, Franz:<br \/>\nGustav Mahler : die Hamburger Jahre<\/strong><br \/>\nHamburg : Hoffmann und Campe, 2011<br \/>\nSignatur: <a href=\"https:\/\/kataloge.uni-hamburg.de\/DB=1\/XMLPRS=N\/PPN?PPN=660820994\">A\/558933<\/a><\/p>\n<p><strong>Bardua, Sven:<br \/>\nUnter Elbe, Alster und Stadt : die Geschichte des Tunnelbaus in Hamburg<\/strong><br \/>\nM\u00fcnchen [u.a.] : D\u00f6lling und Galitz, 2011<br \/>\nSignatur: <a href=\"https:\/\/kataloge.uni-hamburg.de\/DB=1\/XMLPRS=N\/PPN?PPN=665698127\">B\/113871<\/a><\/p>\n<p><strong>Petersen, Gudrun:<br \/>\nHamburg<\/strong><br \/>\nHamburg : Junius, 2011<br \/>\nSignatur: <a href=\"https:\/\/kataloge.uni-hamburg.de\/DB=1\/XMLPRS=N\/PPN?PPN=662173708\">HH 2040\/19<\/a><\/p>\n<p><strong>Templin, David:<br \/>\n&#8218;Lehrzeit &#8211; keine Leerzeit!&#8216; : die Lehrlingsbewegung in Hamburg 1968 \u2013 1972<\/strong><br \/>\nM\u00fcnchen [u.a.] : D\u00f6lling und Galitz, 2011<br \/>\nSignatur: <a href=\"https:\/\/kataloge.uni-hamburg.de\/DB=1\/XMLPRS=N\/PPN?PPN=665699123\">A 2012\/1678<\/a><\/p>\n<p><strong>Siemers, Edmund:<br \/>\nW\u00f6rter an die Macht : [das Literaturprojekt Wilhelmsburg]<\/strong><br \/>\nHamburg : Hoffmann und Campe, 2012<br \/>\nSignatur: <a href=\"https:\/\/kataloge.uni-hamburg.de\/DB=1\/XMLPRS=N\/PPN?PPN=682248142\">A\/563719<\/a><\/p>\n<p><strong>Kowalski, Hannah:<br \/>\nMehr als ein Viertel : Ansichten und Absichten aus dem Hamburger G\u00e4ngeviertel<\/strong><br \/>\nHamburg [u.a.] : Assoziation A, 2012<br \/>\nSignatur: <a href=\"https:\/\/kataloge.uni-hamburg.de\/DB=1\/XMLPRS=N\/PPN?PPN=717218198\">HH 8141\/9<\/a><\/p>\n","protected":false},"excerpt":{"rendered":"<p>Diese 30 Publikationen w\u00e4hlte die Auswahlkommission aus 300 B\u00fcchern (Vorschlagsliste) aus: Steiger, Johann Anselm; Richter, Sandra: Hamburg : eine Metropolregion zwischen Fr\u00fcher Neuzeit und Aufkl\u00e4rung Berlin : Akad.-Verl., 2012 Signatur: HH 2909\/4 Kersten, Joachim; Schmidt, Arno: Arno Schmidt in Hamburg : eine Edition der Arno Schmidt Stiftung Hamburg : Hoffmann und Campe, 2011 Signatur: A\/559836 [&hellip;]<\/p>\n","protected":false},"author":2,"featured_media":0,"parent":0,"menu_order":0,"comment_status":"closed","ping_status":"closed","template":"","meta":{"footnotes":""},"class_list":["post-215","page","type-page","status-publish","hentry"],"_links":{"self":[{"href":"https:\/\/blogs.sub.uni-hamburg.de\/hamburglesen\/index.php?rest_route=\/wp\/v2\/pages\/215","targetHints":{"allow":["GET"]}}],"collection":[{"href":"https:\/\/blogs.sub.uni-hamburg.de\/hamburglesen\/index.php?rest_route=\/wp\/v2\/pages"}],"about":[{"href":"https:\/\/blogs.sub.uni-hamburg.de\/hamburglesen\/index.php?rest_route=\/wp\/v2\/types\/page"}],"author":[{"embeddable":true,"href":"https:\/\/blogs.sub.uni-hamburg.de\/hamburglesen\/index.php?rest_route=\/wp\/v2\/users\/2"}],"replies":[{"embeddable":true,"href":"https:\/\/blogs.sub.uni-hamburg.de\/hamburglesen\/index.php?rest_route=%2Fwp%2Fv2%2Fcomments&post=215"}],"version-history":[{"count":11,"href":"https:\/\/blogs.sub.uni-hamburg.de\/hamburglesen\/index.php?rest_route=\/wp\/v2\/pages\/215\/revisions"}],"predecessor-version":[{"id":483,"href":"https:\/\/blogs.sub.uni-hamburg.de\/hamburglesen\/index.php?rest_route=\/wp\/v2\/pages\/215\/revisions\/483"}],"wp:attachment":[{"href":"https:\/\/blogs.sub.uni-hamburg.de\/hamburglesen\/index.php?rest_route=%2Fwp%2Fv2%2Fmedia&parent=215"}],"curies":[{"name":"wp","href":"https:\/\/api.w.org\/{rel}","templated":true}]}}