{"id":2013,"date":"2025-05-16T14:21:02","date_gmt":"2025-05-16T14:21:02","guid":{"rendered":"https:\/\/blogs.sub.uni-hamburg.de\/hamburglesen\/?page_id=2013"},"modified":"2025-05-16T14:21:51","modified_gmt":"2025-05-16T14:21:51","slug":"longlist-2025","status":"publish","type":"page","link":"https:\/\/blogs.sub.uni-hamburg.de\/hamburglesen\/?page_id=2013","title":{"rendered":"Longlist 2025"},"content":{"rendered":"<p><a href=\"https:\/\/blogs.sub.uni-hamburg.de\/hamburglesen\/wp-content\/uploads\/2025\/05\/longlist-2025-gr.jpg\"><img loading=\"lazy\" decoding=\"async\" src=\"https:\/\/blogs.sub.uni-hamburg.de\/hamburglesen\/wp-content\/uploads\/2025\/05\/longlist-2025-kl.jpg\" alt=\"Longlist 2025\" title=\"Longlist 2025\" width=\"900\" height=\"404\" class=\"aligncenter size-full wp-image-2017\" srcset=\"https:\/\/blogs.sub.uni-hamburg.de\/hamburglesen\/wp-content\/uploads\/2025\/05\/longlist-2025-kl.jpg 900w, https:\/\/blogs.sub.uni-hamburg.de\/hamburglesen\/wp-content\/uploads\/2025\/05\/longlist-2025-kl-300x135.jpg 300w, https:\/\/blogs.sub.uni-hamburg.de\/hamburglesen\/wp-content\/uploads\/2025\/05\/longlist-2025-kl-768x345.jpg 768w, https:\/\/blogs.sub.uni-hamburg.de\/hamburglesen\/wp-content\/uploads\/2025\/05\/longlist-2025-kl-624x280.jpg 624w\" sizes=\"auto, (max-width: 900px) 100vw, 900px\" \/><\/a><\/p>\n<p>Diese 31 Publikationen w\u00e4hlte die Auswahlkommission aus knapp 300 B\u00fcchern (<a href=\"https:\/\/blogs.sub.uni-hamburg.de\/hamburglesen\/?page_id=2007\">Vorschlagsliste<\/a>) aus:<br \/>\n(Die Signaturen unter den Titeln verlinken auf deren Eintrag im Katalog<strong><em>plus<\/em><\/strong>)<\/p>\n<p><strong>Winiker, Kevin<br \/>\nAstra Stube. Abriss mit Freund:innen<\/strong><br \/>\nHamburg: Kevin Winiker Photostudio Ottensen, 2024<br \/>\n<a href=\"https:\/\/katalogplus.sub.uni-hamburg.de\/vufind\/Record\/1906508666\">B\/224354<\/a><\/p>\n<p><strong>Nantke, Julia \/ Vogel, Carolin (Hg.)<br \/>\nRichard und Ida Dehmel im Kulturbetrieb der Moderne um 1900<\/strong><br \/>\nBerlin u.a.: De Gruyter, 2024<br \/>\n<a href=\"https:\/\/katalogplus.sub.uni-hamburg.de\/vufind\/Record\/1899341854?sid=54167718\">A 2024\/3407<\/a><\/p>\n<p><strong>Le Calv\u00e9, Maxime<br \/>\nGolden Pudel-Ethnographie. Atmosph\u00e4re, Netzwerke und Reputation in einem Hamburger Nachtclub<\/strong><br \/>\nBielefeld: transcript, 2024<br \/>\n<a href=\"https:\/\/katalogplus.sub.uni-hamburg.de\/vufind\/Record\/1892951371\">A 2025\/132<\/a><\/p>\n<p><strong>Hellwig, Friedemann \/ Steinh\u00e4user, Frauke  \/ Kramer, Alan \/ Bopp, Petra (Hg.)<br \/>\n&#8222;Menschen, die pl\u00f6tzlich nicht mehr da waren&#8220;. J\u00fcdisches Leben in Hamburg-Blankenese<\/strong><br \/>\nHamburg: D\u00f6lling und Galitz Verlag, 2024<br \/>\n<a href=\"https:\/\/katalogplus.sub.uni-hamburg.de\/vufind\/Record\/1892949083\">HH 9286\/12<\/a><\/p>\n<p><strong>Burchardt, Alf \/ Jonkmanns, Bernd<br \/>\nLOGO &#8211; Live-Musik seit 1974. Dein Hamburger Club<\/strong><br \/>\nHamburg: Logo Concerts GmbH, 2024<br \/>\n<a href=\"https:\/\/katalogplus.sub.uni-hamburg.de\/vufind\/Record\/1890752452?sid=54167835\">HH 8461\/1<\/a><\/p>\n<p><strong>Mends-Cole, Florence \/ Neumann, Patricia (Hg.)<br \/>\nDaniela: das Buch<\/strong><br \/>\nHamburg: Junius, 2024<br \/>\n<a href=\"https:\/\/katalogplus.sub.uni-hamburg.de\/vufind\/Record\/1890752401\">B\/223397<\/a><\/p>\n<p><strong>Gensing, Carsten<br \/>\nMorgen wird nicht gedruckt. Papier ist alle<\/strong><br \/>\nHamburg: Hamburger Morgenpost, 2024<br \/>\n<a href=\"https:\/\/katalogplus.sub.uni-hamburg.de\/vufind\/Record\/1890752002\">HH 5222\/10<\/a><\/p>\n<p><strong>Post Graffiti. Simply delivered<\/strong><br \/>\nHamburg: IT&#8217;S FOR US, 2024<br \/>\n<a href=\"https:\/\/katalogplus.sub.uni-hamburg.de\/vufind\/Record\/1888794372\">C\/22808<\/a><\/p>\n<p><strong>Cornils, Jens<br \/>\nZeter + Mordio : frei nach den Memoiren der Gl\u00fcckel von Hameln<\/strong><br \/>\nBerlin: avant-verlag, 2024<br \/>\n<a href=\"https:\/\/katalogplus.sub.uni-hamburg.de\/vufind\/Record\/1888189266\">A 2024\/3874<\/a><\/p>\n<p><strong>Bogusz, Tanja<br \/>\nDas M\u00e4dchen mit dem Heiermann. Gro\u00dfwerden auf St. Pauli<\/strong><br \/>\nHamburg: Rowohlt Polaris, 2024<br \/>\n<a href=\"https:\/\/katalogplus.sub.uni-hamburg.de\/vufind\/Record\/1884976832\">A\/828962<\/a><\/p>\n<p><strong>Raben, Mia<br \/>\nUnter Dojczen. Roman<\/strong><br \/>\nM\u00fcnchen: Kjona Verlag, 2024<br \/>\n<a href=\"https:\/\/katalogplus.sub.uni-hamburg.de\/vufind\/Record\/1883376483\">A 2024\/3898<\/a><\/p>\n<p><strong>Batz, Michael<br \/>\nChilehausStory. 100 Jahre einer Hamburger Legende<\/strong><br \/>\nHamburg: D\u00f6lling und Galitz Verlag, 2024<br \/>\n<a href=\"https:\/\/katalogplus.sub.uni-hamburg.de\/vufind\/Record\/1882150597\">HH 2596\/29<\/a><\/p>\n<p><strong>Kauffmann, Kai<br \/>\nKlopstock! Eine Biographie<\/strong><br \/>\nG\u00f6ttingen: Wallstein Verlag, 2024<br \/>\n<a href=\"https:\/\/katalogplus.sub.uni-hamburg.de\/vufind\/Record\/187793657X\">A 2024\/2439 <\/a><\/p>\n<p><strong>Zerbe, Zara<br \/>\nPhytopia Plus. Roman<\/strong><br \/>\nBerlin: Verbrecher Verlag, 2024<br \/>\n<a href=\"https:\/\/katalogplus.sub.uni-hamburg.de\/vufind\/Record\/1876002506\">A 2024\/2543<\/a><\/p>\n<p><strong>Kienitz, Sabine \/ Schaser, Angelika<br \/>\nSo ist die neue Frau? Hamburgerinnen in den 1920er Jahren<\/strong><br \/>\nFrankfurt u.a.: Campus Verlag, 2024<br \/>\n<a href=\"https:\/\/katalogplus.sub.uni-hamburg.de\/vufind\/Record\/1869034791\">A 2024\/2438<\/a><\/p>\n<p><strong>Engelmann, Jonas<br \/>\nDer Text ist meine Party<\/strong><br \/>\nMainz : Ventil Verlag, 2024<br \/>\n<a href=\"https:\/\/katalogplus.sub.uni-hamburg.de\/vufind\/Record\/1847078931\">A 2024\/2530<\/a><\/p>\n<p><strong>Nicolaysen, Rainer \/ Krause, Eckart \/ Zimmermann, Gunnar B. (Hg.)<br \/>\n100 Jahre Universit\u00e4t Hamburg: Studien zur Hamburger Universit\u00e4ts- und Wissenschaftsgeschichte in vier B\u00e4nden. Bd. 4 Mathematik, Informatik, Naturwissenschaften, Medizin<\/strong><br \/>\nG\u00f6ttingen : Wallstein Verlag, 2024<br \/>\n<a href=\"https:\/\/katalogplus.sub.uni-hamburg.de\/vufind\/Record\/1844525015\">HH 4222\/18: 4<\/a><\/p>\n<p><strong>Prochotta, Anna<br \/>\nKoloniales Hamburg : ein Stadtf\u00fchrer<\/strong><br \/>\nHamburg : Junius Verlag, 2024<br \/>\n<a href=\"https:\/\/katalogplus.sub.uni-hamburg.de\/vufind\/Record\/1787261751\">HH 1760\/119<\/a><\/p>\n<p><strong>K\u00f6pke, Wulf \/ Pinto, Jorge<br \/>\nVon Portugiesen in Hamburg : 60 Jahre, 60 Geschichten<\/strong><br \/>\nHamburg : Arch\u00e4ologisches Museum Hamburg u.a., 2024<br \/>\n<a href=\"https:\/\/katalogplus.sub.uni-hamburg.de\/vufind\/Record\/1917763700\">HH 3133\/55<\/a><\/p>\n<p><strong>Hertrich, Theres \/ Krawczyk, Jan (Hg.)<br \/>\nOrte der (Un-)sichtbarkeit. Pers\u00f6nliche Erinnerungsorte von Hamburger:innen aus der DDR. <\/strong><br \/>\nHamburg: Landeszentrale f\u00fcr Politische Bildung, 2024<br \/>\n<a href=\"https:\/\/katalogplus.sub.uni-hamburg.de\/vufind\/Record\/1908246960\">A\/836055<\/a><\/p>\n<p><strong>Nasner, Bernd (Hg.)<br \/>\nAlbin M\u00fcller. Hamburg. Fotografien von 1920 bis 1970<\/strong><br \/>\nHamburg: Junius Verlag, 2024<br \/>\n<a href=\"https:\/\/katalogplus.sub.uni-hamburg.de\/vufind\/Record\/1890751928\">C\/22900<\/a><\/p>\n<p><strong>Werner, Meike<br \/>\nKatakombenzeit. Wilhelm Flitner in Hamburg 1929-1969<\/strong><br \/>\nG\u00f6ttingen: Wallstein Verlag, 2025<br \/>\n<a href=\"https:\/\/katalogplus.sub.uni-hamburg.de\/vufind\/Record\/1888193689\">A 2025\/822<\/a><\/p>\n<p><strong>Hedrich, Markus<br \/>\nBernhard Nocht : der Organisator der deutschen Kolonialmedizin : eine Biografie<\/strong><br \/>\nG\u00f6ttingen: Wallstein Verlag, 2024<br \/>\n<a href=\"https:\/\/katalogplus.sub.uni-hamburg.de\/vufind\/Record\/1888189940\">A 2025\/352<\/a><\/p>\n<p><strong>Krenkler, CP<br \/>\nBuy Buy &#8211; St. Pauli<\/strong><br \/>\nGro\u00df Pankow: Arttrado Verlag, 2024<br \/>\n<a href=\"https:\/\/katalogplus.sub.uni-hamburg.de\/vufind\/Record\/1866258133\">C\/22929<\/a><\/p>\n<p><strong>Aschenbrenner, Cord<br \/>\nDer Raub. Enteignung und Vertreibung der j\u00fcdischen Gesch\u00e4ftsleute am Neuen Wall in Hamburg<\/strong><br \/>\nHamburg: Wachholtz, 2025<br \/>\n<a href=\"https:\/\/katalogplus.sub.uni-hamburg.de\/vufind\/Record\/1919409378\">A\/840235<\/a><\/p>\n<p><strong>Hamburger Tiere: ein kleiner Guide f\u00fcr Naturbanausen und Stadtkinder<\/strong><br \/>\nBerlin: Kulturverlag Kadmos Berlin, 2025<br \/>\n<a href=\"https:\/\/katalogplus.sub.uni-hamburg.de\/vufind\/Record\/1916477046\">A 2025\/634<\/a><\/p>\n<p><strong>Franzen, Uwe \/ Weinke, Wilfried<br \/>\nDer Fotograf Max Halberstadt<\/strong><br \/>\nM\u00fcnchen: Hirmer, 2025<br \/>\n<a href=\"https:\/\/katalogplus.sub.uni-hamburg.de\/vufind\/Record\/1912090937\">B\/226118<\/a><\/p>\n<p><strong>Hagena, Katharina<br \/>\nFlusslinien. Roman<\/strong><br \/>\nK\u00f6ln : Kiepenheuer &#038; Witsch, 2025<br \/>\n<a href=\"https:\/\/katalogplus.sub.uni-hamburg.de\/vufind\/Record\/190590875X\">A 2025\/502<\/a><\/p>\n<p><strong>Krebs, Felix<br \/>\nHamburgs &#8222;Baseballschl\u00e4gerjahre&#8220;. Rechte und rassistische Gewalt in den 1980er-Jahren: gesellschaftliche Bedingungen und staatliche Reaktionen<\/strong><br \/>\nHamburg: VSA: Verlag, 2025<br \/>\n<a href=\"https:\/\/katalogplus.sub.uni-hamburg.de\/vufind\/Record\/1856377946\">A\/840244<\/a><\/p>\n<p><strong>Kraus, Dennis<br \/>\nEine Stadt wird bunt. Hamburg Hip-Hop History 1989-1999<\/strong><br \/>\nHamburg : Double-H, 2025<br \/>\n<a href=\"https:\/\/katalogplus.sub.uni-hamburg.de\/vufind\/Record\/1922115894\">MP 14282<\/a><\/p>\n<p><strong>Bloh, Dominik<br \/>\nDie Strasse im Kopf<\/strong><br \/>\nVachendorf: Kampenwand Verlag, 2024<br \/>\n<a href=\"https:\/\/katalogplus.sub.uni-hamburg.de\/vufind\/Record\/189870919X\">A 2025\/167<\/a><\/p>\n","protected":false},"excerpt":{"rendered":"<p>Diese 31 Publikationen w\u00e4hlte die Auswahlkommission aus knapp 300 B\u00fcchern (Vorschlagsliste) aus: (Die Signaturen unter den Titeln verlinken auf deren Eintrag im Katalogplus) Winiker, Kevin Astra Stube. Abriss mit Freund:innen Hamburg: Kevin Winiker Photostudio Ottensen, 2024 B\/224354 Nantke, Julia \/ Vogel, Carolin (Hg.) Richard und Ida Dehmel im Kulturbetrieb der Moderne um 1900 Berlin u.a.: [&hellip;]<\/p>\n","protected":false},"author":2,"featured_media":0,"parent":0,"menu_order":0,"comment_status":"closed","ping_status":"closed","template":"","meta":{"footnotes":""},"class_list":["post-2013","page","type-page","status-publish","hentry"],"_links":{"self":[{"href":"https:\/\/blogs.sub.uni-hamburg.de\/hamburglesen\/index.php?rest_route=\/wp\/v2\/pages\/2013","targetHints":{"allow":["GET"]}}],"collection":[{"href":"https:\/\/blogs.sub.uni-hamburg.de\/hamburglesen\/index.php?rest_route=\/wp\/v2\/pages"}],"about":[{"href":"https:\/\/blogs.sub.uni-hamburg.de\/hamburglesen\/index.php?rest_route=\/wp\/v2\/types\/page"}],"author":[{"embeddable":true,"href":"https:\/\/blogs.sub.uni-hamburg.de\/hamburglesen\/index.php?rest_route=\/wp\/v2\/users\/2"}],"replies":[{"embeddable":true,"href":"https:\/\/blogs.sub.uni-hamburg.de\/hamburglesen\/index.php?rest_route=%2Fwp%2Fv2%2Fcomments&post=2013"}],"version-history":[{"count":8,"href":"https:\/\/blogs.sub.uni-hamburg.de\/hamburglesen\/index.php?rest_route=\/wp\/v2\/pages\/2013\/revisions"}],"predecessor-version":[{"id":2070,"href":"https:\/\/blogs.sub.uni-hamburg.de\/hamburglesen\/index.php?rest_route=\/wp\/v2\/pages\/2013\/revisions\/2070"}],"wp:attachment":[{"href":"https:\/\/blogs.sub.uni-hamburg.de\/hamburglesen\/index.php?rest_route=%2Fwp%2Fv2%2Fmedia&parent=2013"}],"curies":[{"name":"wp","href":"https:\/\/api.w.org\/{rel}","templated":true}]}}