{"id":2,"date":"2013-08-06T12:18:45","date_gmt":"2013-08-06T12:18:45","guid":{"rendered":"http:\/\/blogs.sub.uni-hamburg.de\/hamburglesen\/?page_id=2"},"modified":"2026-01-22T09:21:18","modified_gmt":"2026-01-22T09:21:18","slug":"sample-page","status":"publish","type":"page","link":"https:\/\/blogs.sub.uni-hamburg.de\/hamburglesen\/","title":{"rendered":"Buchpreis HamburgLesen"},"content":{"rendered":"<p><strong>Save the date:<\/strong> Die Preisverleihung von <strong>HamburgLesen<font color=\"#98C000\">2026<\/font><\/strong> findet am <strong>Freitag, den 20. November 2026 um 17 Uhr<\/strong> im Lichthof der Staats- und Universit\u00e4tsbibliothek Hamburg statt.<\/p>\n<p>Der Buchpreis <strong>HamburgLesen<font color=\"#98C000\">2025<\/font><\/strong> wurde am 14. November 2025 im Lichthof der Stabi feierlich verliehen.<br \/>\nDas Preisgeld betr\u00e4gt 5.000 \u20ac. Der Preistr\u00e4ger von <strong>HamburgLesen<font color=\"#98C000\">2025<\/font><\/strong> ist <\/p>\n<h3>Carsten Gensing: \u00abMorgen wird nicht gedruckt. Papier ist alle.\u00bb<br \/>\n <\/h3>\n<p>Hamburg: Junius Verlag, 2024. Signatur: <a href=\"https:\/\/katalogplus.sub.uni-hamburg.de\/vufind\/Record\/1890752002\">HH 5222\/10<\/a><\/p>\n<p><a href=\"https:\/\/blogs.sub.uni-hamburg.de\/hamburglesen\/wp-content\/uploads\/2025\/11\/hhlesen-2025-gewinner.jpg\"><img decoding=\"async\" src=\"https:\/\/blogs.sub.uni-hamburg.de\/hamburglesen\/wp-content\/uploads\/2025\/11\/hhlesen-2025-gewinner.jpg\" alt=\"Preistr\u00e4ger HamburgLesen 2025: Carsten Gensing: \n\u00abMorgen wird nicht gedruckt. Papier ist alle.\u00bb\" title=\"Preistr\u00e4ger HamburgLesen 2025: Carsten Gensing: \n\u00abMorgen wird nicht gedruckt. Papier ist alle.\u00bb\" widht=\"650\" height=\"366\" class=\"aligncenter size-full wp-image-2110\" srcset=\"https:\/\/blogs.sub.uni-hamburg.de\/hamburglesen\/wp-content\/uploads\/2025\/11\/hhlesen-2025-gewinner.jpg 650w, https:\/\/blogs.sub.uni-hamburg.de\/hamburglesen\/wp-content\/uploads\/2025\/11\/hhlesen-2025-gewinner-300x169.jpg 300w, https:\/\/blogs.sub.uni-hamburg.de\/hamburglesen\/wp-content\/uploads\/2025\/11\/hhlesen-2025-gewinner-624x351.jpg 624w\" sizes=\"(max-width: 650px) 100vw, 650px\" \/><\/a><\/p>\n<h3>&#128247; <a href=\"https:\/\/blog.sub.uni-hamburg.de\/?p=41234#f\">Fotogalerie<\/a> der Preisverleihung HamburgLesen 2025<\/h3>\n<hr>\n<p><em>Diese sieben Titel stehen auf der <a href=\"https:\/\/blogs.sub.uni-hamburg.de\/hamburglesen\/?page_id=2052\">Shortlist<\/a> und sind f\u00fcr den Buchpreis HamburgLesen <span style=\"color: #98c000;\">2025<\/span> nominiert:<\/em><\/p>\n<div> <a href=\"http:\/\/blogs.sub.uni-hamburg.de\/hamburglesen\/wp-content\/uploads\/2025\/07\/01-gr.jpg\"><img loading=\"lazy\" decoding=\"async\" src=\"http:\/\/blogs.sub.uni-hamburg.de\/hamburglesen\/wp-content\/uploads\/2025\/07\/01.jpg\" alt=\"Anna Prochotta: Koloniales Hamburg: ein Stadtf\u00fchrer\" title=\"Anna Prochotta: Koloniales Hamburg: ein Stadtf\u00fchrer\" width=\"116\" height=\"168\" \/><\/a> <a href=\"http:\/\/blogs.sub.uni-hamburg.de\/hamburglesen\/wp-content\/uploads\/2025\/07\/02-gr.jpg\"><img loading=\"lazy\" decoding=\"async\" src=\"http:\/\/blogs.sub.uni-hamburg.de\/hamburglesen\/wp-content\/uploads\/2025\/07\/02.jpg\" alt=\"Carsten Gensing: Morgen wird nicht gedruckt. Papier ist alle\" title=\"Carsten Gensing: Morgen wird nicht gedruckt. Papier ist alle\" width=\"119\" height=\"168\" \/><\/a> <a href=\"http:\/\/blogs.sub.uni-hamburg.de\/hamburglesen\/wp-content\/uploads\/2025\/07\/03-gr.jpg\"><img loading=\"lazy\" decoding=\"async\" src=\"http:\/\/blogs.sub.uni-hamburg.de\/hamburglesen\/wp-content\/uploads\/2025\/07\/03.jpg\" alt=\"Katharina Hagena: Flusslinien. Roman\" title=\"Katharina Hagena: Flusslinien. Roman\" width=\"104\" height=\"168\" \/><\/a> <a href=\"http:\/\/blogs.sub.uni-hamburg.de\/hamburglesen\/wp-content\/uploads\/2025\/07\/04-gr.jpg\"><img loading=\"lazy\" decoding=\"async\" src=\"http:\/\/blogs.sub.uni-hamburg.de\/hamburglesen\/wp-content\/uploads\/2025\/07\/04.jpg\" alt=\"Paul Krenkler: Buy Buy - St. Pauli\" title=\"Paul Krenkler: Buy Buy - St. Pauli\" width=\"134\" height=\"168\" \/><\/a> <a href=\"http:\/\/blogs.sub.uni-hamburg.de\/hamburglesen\/wp-content\/uploads\/2025\/07\/05-gr.jpg\"><img loading=\"lazy\" decoding=\"async\" src=\"http:\/\/blogs.sub.uni-hamburg.de\/hamburglesen\/wp-content\/uploads\/2025\/07\/05.jpg\" alt=\"Markus Hedrich: Bernhard Nocht: der Organisator der deutschen Kolonialmedizin: eine Biografie\" title=\"Markus Hedrich: Bernhard Nocht: der Organisator der deutschen Kolonialmedizin: eine Biografie\" width=\"101\" height=\"168\" \/><\/a> <a href=\"http:\/\/blogs.sub.uni-hamburg.de\/hamburglesen\/wp-content\/uploads\/2025\/07\/06-gr.jpg\"><img loading=\"lazy\" decoding=\"async\" src=\"http:\/\/blogs.sub.uni-hamburg.de\/hamburglesen\/wp-content\/uploads\/2025\/07\/06.jpg\" alt=\"Cord Aschenbrenner: Der Raub. Enteignung und Vertreibung der j\u00fcdischen Gesch\u00e4ftsleute am Neuen Wall in Hamburg\" title=\"Cord Aschenbrenner: Der Raub. Enteignung und Vertreibung der j\u00fcdischen Gesch\u00e4ftsleute am Neuen Wall in Hamburg\" width=\"117\" height=\"168\" \/><\/a> <a href=\"http:\/\/blogs.sub.uni-hamburg.de\/hamburglesen\/wp-content\/uploads\/2025\/07\/07-gr.jpg\"><img loading=\"lazy\" decoding=\"async\" src=\"http:\/\/blogs.sub.uni-hamburg.de\/hamburglesen\/wp-content\/uploads\/2025\/07\/07.jpg\" alt=\"Maxime Le Calv\u00e9: Golden Pudel-Ethnographie. Atmosph\u00e4re, Netzwerke und Reputation in einem Hamburger Nachtclub\" title=\"Maxime Le Calv\u00e9: Golden Pudel-Ethnographie. Atmosph\u00e4re, Netzwerke und Reputation in einem Hamburger Nachtclub\" width=\"111\" height=\"168\" \/><\/a>\n<\/div>\n<p>Alle Informationen zum Auswahlprozess finden Sie auf der Seite <a href=\"https:\/\/blogs.sub.uni-hamburg.de\/hamburglesen\/?page_id=11\">Literaturauswahl<\/a>.<\/p>\n<p> <\/p>\n<p>Der Buchpreis HamburgLesen steht unter der Schirmherrschaft der Senatorin f\u00fcr Wissenschaft, Forschung &#038; Gleichstellung, <strong> Maryam Blumenthal<\/strong>. <\/p>\n<p>Die Preisverleihung wurde auch per <a href=\"https:\/\/www.youtube.com\/live\/ogMLBuRXOhg?si=0sFupmXRvC9QiwMI&#038;t=1649\">Livestream<\/a> \u00fcbertragen und kann hier nachgeschaut werden. Bevor Sie ein Video \u00f6ffnen, informieren Sie sich bitte \u00fcber unsere <a href=\"#ds\">Datenschutzhinweise<\/a>:<\/p>\n<p><iframe loading=\"lazy\" title=\"Hamburg Lesen 2025 - Preisverleihung\" width=\"625\" height=\"352\" src=\"https:\/\/www.youtube.com\/embed\/ogMLBuRXOhg?start=1649&#038;feature=oembed\" frameborder=\"0\" allow=\"accelerometer; autoplay; clipboard-write; encrypted-media; gyroscope; picture-in-picture; web-share\" referrerpolicy=\"strict-origin-when-cross-origin\" allowfullscreen><\/iframe><\/p>\n<p><!-- <iframe loading=\"lazy\" width=\"700\" height=\"394\" src=\"https:\/\/www.youtube.com\/embed\/ogMLBuRXOhg?si=f3rF0-vAZVW4stA3 &t=1649\" title=\"YouTube video player\" frameborder=\"0\" allow=\"accelerometer; autoplay; clipboard-write; encrypted-media; gyroscope; picture-in-picture; web-share\" referrerpolicy=\"strict-origin-when-cross-origin\" allowfullscreen><\/iframe> --> <\/p>\n<hr \/>\n<p id=\"ds\"> Hinweis zum Datenschutz <\/p>\n<div style=\"font-size: 12px; line-height: 1.2; margin-bottom:0;\"> Mit dem Ingangsetzen der Wiedergabe eines Videos erkl\u00e4ren Sie sich damit einverstanden, dass Ihre Daten an Google und damit ggf. in ein nicht EU-Land \u00fcbermittelt werden, sowie damit, dass Google auf Ihrem Endger\u00e4t Cookies setzt.<\/p>\n<p>Wir haben auf dieser Seite ein Youtube-Video eingebunden, das auf dem Youtube-Kanal der SUB gehostet ist. Wir haben daf\u00fcr den sog. &#8222;erweiterten Datenschutz-Modus&#8220; verwendet, der dazu f\u00fchrt, dass keine Daten \u00fcber Sie als Nutzer:in an YouTube \u00fcbertragen werden und Youtube\/Google keine Cookies setzt, solange Sie ein Video nicht abspielen. Bitte informieren Sie sich, bevor Sie ein Video starten, \u00fcber die Datennutzung und Cookiesetzung durch Google und lesen unsere Informationen zur Datenverarbeitung und Cookiesetzung durch Google in unseren <a href=\"https:\/\/www.sub.uni-hamburg.de\/startseite\/datenschutzhinweise.html\">Datenschutzhinweisen<\/a>. <\/div>\n<p><!-- --><\/p>\n","protected":false},"excerpt":{"rendered":"<p>Save the date: Die Preisverleihung von HamburgLesen2026 findet am Freitag, den 20. November 2026 um 17 Uhr im Lichthof der Staats- und Universit\u00e4tsbibliothek Hamburg statt. Der Buchpreis HamburgLesen2025 wurde am 14. November 2025 im Lichthof der Stabi feierlich verliehen. Das Preisgeld betr\u00e4gt 5.000 \u20ac. Der Preistr\u00e4ger von HamburgLesen2025 ist Carsten Gensing: \u00abMorgen wird nicht gedruckt. [&hellip;]<\/p>\n","protected":false},"author":2,"featured_media":0,"parent":0,"menu_order":0,"comment_status":"closed","ping_status":"closed","template":"","meta":{"footnotes":""},"class_list":["post-2","page","type-page","status-publish","hentry"],"_links":{"self":[{"href":"https:\/\/blogs.sub.uni-hamburg.de\/hamburglesen\/index.php?rest_route=\/wp\/v2\/pages\/2","targetHints":{"allow":["GET"]}}],"collection":[{"href":"https:\/\/blogs.sub.uni-hamburg.de\/hamburglesen\/index.php?rest_route=\/wp\/v2\/pages"}],"about":[{"href":"https:\/\/blogs.sub.uni-hamburg.de\/hamburglesen\/index.php?rest_route=\/wp\/v2\/types\/page"}],"author":[{"embeddable":true,"href":"https:\/\/blogs.sub.uni-hamburg.de\/hamburglesen\/index.php?rest_route=\/wp\/v2\/users\/2"}],"replies":[{"embeddable":true,"href":"https:\/\/blogs.sub.uni-hamburg.de\/hamburglesen\/index.php?rest_route=%2Fwp%2Fv2%2Fcomments&post=2"}],"version-history":[{"count":369,"href":"https:\/\/blogs.sub.uni-hamburg.de\/hamburglesen\/index.php?rest_route=\/wp\/v2\/pages\/2\/revisions"}],"predecessor-version":[{"id":2139,"href":"https:\/\/blogs.sub.uni-hamburg.de\/hamburglesen\/index.php?rest_route=\/wp\/v2\/pages\/2\/revisions\/2139"}],"wp:attachment":[{"href":"https:\/\/blogs.sub.uni-hamburg.de\/hamburglesen\/index.php?rest_route=%2Fwp%2Fv2%2Fmedia&parent=2"}],"curies":[{"name":"wp","href":"https:\/\/api.w.org\/{rel}","templated":true}]}}