{"id":1908,"date":"2024-05-21T13:32:19","date_gmt":"2024-05-21T13:32:19","guid":{"rendered":"https:\/\/blogs.sub.uni-hamburg.de\/hamburglesen\/?page_id=1908"},"modified":"2024-05-21T13:32:19","modified_gmt":"2024-05-21T13:32:19","slug":"longlist-2024","status":"publish","type":"page","link":"https:\/\/blogs.sub.uni-hamburg.de\/hamburglesen\/?page_id=1908","title":{"rendered":"Longlist 2024"},"content":{"rendered":"<p><a href=\"https:\/\/blogs.sub.uni-hamburg.de\/hamburglesen\/wp-content\/uploads\/2024\/05\/longlist-2024-gr.jpg\"><img loading=\"lazy\" decoding=\"async\" src=\"https:\/\/blogs.sub.uni-hamburg.de\/hamburglesen\/wp-content\/uploads\/2024\/05\/longlist-2024.jpg\"  alt=\"Longlist 2024\" title=\"Longlist 2024\" width=\"900\" height=\"397\" class=\"alignnone size-full wp-image-1909\" srcset=\"https:\/\/blogs.sub.uni-hamburg.de\/hamburglesen\/wp-content\/uploads\/2024\/05\/longlist-2024.jpg 900w, https:\/\/blogs.sub.uni-hamburg.de\/hamburglesen\/wp-content\/uploads\/2024\/05\/longlist-2024-300x132.jpg 300w, https:\/\/blogs.sub.uni-hamburg.de\/hamburglesen\/wp-content\/uploads\/2024\/05\/longlist-2024-768x339.jpg 768w, https:\/\/blogs.sub.uni-hamburg.de\/hamburglesen\/wp-content\/uploads\/2024\/05\/longlist-2024-624x275.jpg 624w\" sizes=\"auto, (max-width: 900px) 100vw, 900px\" \/><\/a><\/p>\n<p>Diese 31 Publikationen w\u00e4hlte die Auswahlkommission aus \u00fcber 260 B\u00fcchern (<a href=\"https:\/\/blogs.sub.uni-hamburg.de\/hamburglesen\/?page_id=1905\">Vorschlagsliste<\/a>) aus:<br \/>\n(Die Signaturen unter den Titeln verlinken auf deren Eintrag im Katalog<strong><em>plus<\/em><\/strong>)<\/p>\n<p><strong>Korner, Jan F.<br \/>\nGoldschnauzer<\/strong><br \/>\nAhrensburg: tredition, 2024<br \/>\n<a href=\"https:\/\/katalogplus.sub.uni-hamburg.de\/vufind\/Record\/1885592183\">A 2024\/1403<\/a><\/p>\n<p><strong>\u0160i\u0161i\u0107, Alyn \/ Onken, Lennart \/ Speit, Andreas<br \/>\nRechte Gewalt in Hamburg von 1945 bis heute. Katalog zur Ausstellung<\/strong><br \/>\nHamburg: Stiftung Hamburger Gedenkst\u00e4tten und Lernorte, 2024<br \/>\n<a href=\"https:\/\/katalogplus.sub.uni-hamburg.de\/vufind\/Record\/1878556339\">B\/219404<\/a><\/p>\n<p><strong>Pflug, Stephan<br \/>\nDie Sternbr\u00fccke. Fotografien 2018-2024<\/strong><br \/>\nHamburg: Junius, 2024<br \/>\n<a href=\"https:\/\/katalogplus.sub.uni-hamburg.de\/vufind\/Record\/1877684104\">C\/22621<\/a><\/p>\n<p><strong>Jockel, Nils<br \/>\nKellert\u00e4nzer. Roman<\/strong><br \/>\nHamburg: KJM Buchverlag, 2024<br \/>\nA\/826002<\/p>\n<p><strong>Lindermann, Isabelle<br \/>\nKunst um 1800. Kuratieren als wissenschaftliche Praxis, die Hamburger Kunsthalle in den 1970er Jahren<\/strong><br \/>\nBerlin: Hatje Cantz, 2024<br \/>\n<a href=\"https:\/\/katalogplus.sub.uni-hamburg.de\/vufind\/Record\/1871768489\">B\/219688<\/a><\/p>\n<p><strong>Dany, Hans-Christian<br \/>\nSchuld war mein Hobby. Bilanz einer Familie<\/strong><br \/>\nHamburg: Edition Nautilus, 2024<br \/>\n<a href=\"https:\/\/katalogplus.sub.uni-hamburg.de\/vufind\/Record\/1869767470\">A\/825203<\/a><\/p>\n<p><strong>Martins, Hugo<br \/>\nThe Portuguese Jews of Hamburg, the history of a merchant community in the seventeenth century<\/strong><br \/>\nLeiden u.a.: Brill, 2024<br \/>\n<a href=\"https:\/\/katalogplus.sub.uni-hamburg.de\/vufind\/Record\/1859381197\">A 2024\/1747<\/a> und <a href=\"https:\/\/katalogplus.sub.uni-hamburg.de\/vufind\/Record\/1871466407\">Online-Ausgabe<\/a><\/p>\n<p><strong>Br\u00e4mer, Andreas \/ Fauerbach, Ulrike (Hg.)<br \/>\nDie Gro\u00dfe Synagoge am Bornplatz in Hamburg. Beitr\u00e4ge zu Geschichte, Gegenwart und Zukunft des Areals als j\u00fcdisches Kulturerbe<\/strong><br \/>\nPetersberg: Michael Imhof Verlag, 2023<br \/>\n<a href=\"https:\/\/katalogplus.sub.uni-hamburg.de\/vufind\/Record\/1847079636\">B\/217644<\/a> <\/p>\n<p><strong>Matheis, Felix<br \/>\nHanseaten im \u201eOsteinsatz\u201c. Hamburger und Bremer Handelsfirmen im Generalgouvernement 1939-1945<\/strong><br \/>\nG\u00f6ttingen: Wallstein Verlag, 2024<br \/>\n<a href=\"https:\/\/katalogplus.sub.uni-hamburg.de\/vufind\/Record\/1844527115\">A\/820644<\/a><\/p>\n<p><strong>Gelhard, Dorothee \/ Roider, Thomas (Hg.)<br \/>\nGertrud Bing im Warburg-Cassirer-Kreis. Mit dem Text ihrer Dissertation von 1921<\/strong><br \/>\nG\u00f6ttingen: Wallstein Verlag, 2024<br \/>\n<a href=\"https:\/\/katalogplus.sub.uni-hamburg.de\/vufind\/Record\/1800946937\">A 2024\/1422<\/a><\/p>\n<p><strong>Schmersahl, Katrin<br \/>\nDie Elbchaussee. Die Geschichte der Familien, Landh\u00e4user und Parks<\/strong><br \/>\nHamburg: Ellert &#038; Richter Verlag, 2024<br \/>\n<a href=\"https:\/\/katalogplus.sub.uni-hamburg.de\/vufind\/Record\/1699830649\">A\/823771<\/a><\/p>\n<p><strong>Cerny, Thomas<br \/>\nMiniatur Wunderland Welten. Eine Reise zu den Highlights, Hintergr\u00fcnden, Details und verborgenen Geschichten des Miniatur Wunderlandes<\/strong><br \/>\nHamburg: Miniatur Wunderland GmbH, 2023<br \/>\n<a href=\"https:\/\/katalogplus.sub.uni-hamburg.de\/vufind\/Record\/1880818000\">B\/220411<\/a><\/p>\n<p><strong>Zillich, Christian<br \/>\nDas Wunder vom Kohlenschiffhafen. \u00dcber den Widerstand einer Belegschaft gegen den Untergang ihrer Werft: eine fast vergessene Episode in der Hamburger Hafengeschichte<\/strong><br \/>\nHamburg: Geschichtswerkstatt Eimsb\u00fcttel, 2023<br \/>\n<a href=\"https:\/\/katalogplus.sub.uni-hamburg.de\/vufind\/Record\/1870918762\">C\/22561<\/a><\/p>\n<p><strong>Pelc, Ortwin \/ Matthes, Olaf (Hg.)<br \/>\nDie bedrohte Stadtrepublik. Hamburg 1923<\/strong><br \/>\nKiel u.a.:  Wachholtz, 2023<br \/>\n<a href=\"https:\/\/katalogplus.sub.uni-hamburg.de\/vufind\/Record\/1851500367\">B\/215853<\/a><\/p>\n<p><strong>N\u00fcmann, Ekkehard (Hg.)<br \/>\nDie Maler der Gruppe ZEBRA. Asmus, Nagel, Ullrich<\/strong><br \/>\nG\u00f6ttingen: Wallstein, 2023<br \/>\n<a href=\"https:\/\/katalogplus.sub.uni-hamburg.de\/vufind\/Record\/1851197001\">B\/220292, B\/220293, A\/825942, B\/220216<\/a> (3 Bde. und ein Begleitheft im Schuber)<\/p>\n<p><strong>N\u00f6fer, Werner<br \/>\nErinnerungen von Landschaften. Werner N\u00f6fers Arbeiten im \u00f6ffentlichen Raum<\/strong><br \/>\nHamburg: Schaff-Verlag 2023<br \/>\n<a href=\"https:\/\/katalogplus.sub.uni-hamburg.de\/vufind\/Record\/1846860563\">B\/214768<\/a><\/p>\n<p><strong>Bunge, Hans (Hg.)<br \/>\nDer Verlust der Mitte ist der Gewinn des Randes. Fritz Schleifer, ein Hamburger Bauhaussch\u00fcler zwischen Architektur und Kunst<\/strong><br \/>\nM\u00fcnchen u.a.: D\u00f6lling und Galitz Verlag, 2023<br \/>\n<a href=\"https:\/\/katalogplus.sub.uni-hamburg.de\/vufind\/Record\/1846163838\">HH 5023\/56<\/a><\/p>\n<p><strong>Fischer, Holger<br \/>\nSemper reformanda. Studium, Lehre und Studienreform an der Hamburger Universit\u00e4t 1919 bis 2020<\/strong><br \/>\nG\u00f6ttingen: Wallstein Verlag, 2023<br \/>\n<a href=\"https:\/\/katalogplus.sub.uni-hamburg.de\/vufind\/Record\/1844528111\">A 2023\/5018<\/a><\/p>\n<p><strong>Gutberlet, Ronald<br \/>\nSchwarzer Oktober. Kriminalroman<\/strong><br \/>\nHamburg: Edition Nautilus, 2023<br \/>\n<a href=\"https:\/\/katalogplus.sub.uni-hamburg.de\/vufind\/Record\/1843203332\">A\/815749<\/a><\/p>\n<p><strong>Timm, Uwe<br \/>\nAlle meine Geister<\/strong><br \/>\nK\u00f6ln: Kiepenheuer &#038; Witsch, 2023<br \/>\n<a href=\"https:\/\/katalogplus.sub.uni-hamburg.de\/vufind\/Record\/1843191377\">A 2023\/3506<\/a><\/p>\n<p><strong>Krajewsky, Georg<br \/>\nKoloniales Erbe verhandeln. Erinnerung und Macht bei der Aufarbeitung der Kolonialvergangenheit in Hamburg<\/strong><br \/>\nFrankfurt u.a.: Campus Verlag 2023<br \/>\n<a href=\"https:\/\/katalogplus.sub.uni-hamburg.de\/vufind\/Record\/1843183218\">A 2024\/1486<\/a><\/p>\n<p><strong>Neumann, Uwe \/ Bartsch, Frank (Hg.)<br \/>\nUdo Lindenberg. Malerei, Musik &#038; Gro\u00dfe Show<\/strong><br \/>\nK\u00f6nigswinter: Plaza, 2023<br \/>\n<a href=\"https:\/\/katalogplus.sub.uni-hamburg.de\/vufind\/Record\/1842114158\">B\/214818<\/a><\/p>\n<p><strong>Metelmann, Otto \/ Metelmann, Thomas<br \/>\nUwe Seeler. Ikonische Bilder eines Idols<\/strong><br \/>\nBielefeld: Verlag Die Werkstatt, 2023<br \/>\nB\/216905<\/p>\n<p><strong>Schamoni, Rocko<br \/>\nPudels Kern<\/strong><br \/>\nBerlin: hanserblau, 2024<br \/>\n<a href=\"https:\/\/katalogplus.sub.uni-hamburg.de\/vufind\/Record\/1866284908\">A 2024\/1445<\/a><\/p>\n<p><strong>Mandelartz, Lisa<br \/>\nHamburger Hafentouren. 15 Spazierg\u00e4nge, Fahrrad- und Schiffstouren<\/strong><br \/>\nHamburg: Junius Verlag, 2023<br \/>\n<a href=\"https:\/\/katalogplus.sub.uni-hamburg.de\/vufind\/Record\/1830398695\">A\/815742<\/a><\/p>\n<p><strong>Lamparter, Ulrich \/ Althoff, Hendrik \/ Holstein, Christa (Hg.)<br \/>\nHamburg im Feuersturm. Die Bombenangriffe vom Juli 1943 in der Erinnerung von \u00dcberlebenden und im Ged\u00e4chtnis der Stadt<\/strong><br \/>\nHamburg: Junius Verlag, 2023<br \/>\n<a href=\"https:\/\/katalogplus.sub.uni-hamburg.de\/vufind\/Record\/1830398318\">HH 3057\/38<\/a><\/p>\n<p><strong><br \/>\nM\u00fcller, Ernst \/ Picht, Barbara (Hg.)<br \/>\n\u201eVortr\u00e4ge der Bibliothek Warburg\u201c. Das intellektuelle Netzwerk der Kulturwissenschaftlichen Bibliothek Warburg<\/strong><br \/>\nG\u00f6ttingen: Wallstein Verlag, 2023<br \/>\n<a href=\"https:\/\/katalogplus.sub.uni-hamburg.de\/vufind\/Record\/182409101\">A 2023\/3385<\/a><\/p>\n<p><strong>Todzi, Kim Sebastian<br \/>\nUnternehmen Weltaneignung. Der Woermann-Konzern und der deutsche Kolonialismus 1837-1916<\/strong><br \/>\nG\u00f6ttingen: Wallstein Verlag, 2023<br \/>\n<a href=\"https:\/\/katalogplus.sub.uni-hamburg.de\/vufind\/Record\/1852792779\">A 2023\/2132<\/a><\/p>\n<p><strong>Sch\u00f6nfeldt, Sybil Gr\u00e4fin<br \/>\nEr und ich. Erinnerungen<\/strong><br \/>\nG\u00f6ttingen: Wallstein Verlag, 2023<br \/>\n<a href=\"https:\/\/katalogplus.sub.uni-hamburg.de\/vufind\/Record\/1824090595\">A 2023\/2022<\/a><\/p>\n<p><strong>Kirschner, Ursula \/ Saretzki, Anja (Hg.)<br \/>\nGentrifizierung und Touristifizierung in der Hamburger Sternschanze. Ein Stadtviertel zwischen Protest und neoliberaler Verwertungslogik<\/strong><br \/>\nBielefeld: transcript, 2023<br \/>\n<a href=\"https:\/\/katalogplus.sub.uni-hamburg.de\/vufind\/Record\/1779018525\">A 2023\/3383<\/a><\/p>\n<p><strong>Sigmund, Monika \/ Borgstede, Simone Beate \/ Petersen, Claus<br \/>\nWir werden noch tanzen &#8230; Leben und Alltag in der Hafenstrasse 1983-1995<\/strong><br \/>\nHamburg: Junius Verlag GmbH, 2023<br \/>\n<a href=\"https:\/\/katalogplus.sub.uni-hamburg.de\/vufind\/Record\/1851493808\">C\/22442<\/a><\/p>\n","protected":false},"excerpt":{"rendered":"<p>Diese 31 Publikationen w\u00e4hlte die Auswahlkommission aus \u00fcber 260 B\u00fcchern (Vorschlagsliste) aus: (Die Signaturen unter den Titeln verlinken auf deren Eintrag im Katalogplus) Korner, Jan F. Goldschnauzer Ahrensburg: tredition, 2024 A 2024\/1403 \u0160i\u0161i\u0107, Alyn \/ Onken, Lennart \/ Speit, Andreas Rechte Gewalt in Hamburg von 1945 bis heute. Katalog zur Ausstellung Hamburg: Stiftung Hamburger Gedenkst\u00e4tten [&hellip;]<\/p>\n","protected":false},"author":2,"featured_media":0,"parent":0,"menu_order":0,"comment_status":"closed","ping_status":"closed","template":"","meta":{"footnotes":""},"class_list":["post-1908","page","type-page","status-publish","hentry"],"_links":{"self":[{"href":"https:\/\/blogs.sub.uni-hamburg.de\/hamburglesen\/index.php?rest_route=\/wp\/v2\/pages\/1908","targetHints":{"allow":["GET"]}}],"collection":[{"href":"https:\/\/blogs.sub.uni-hamburg.de\/hamburglesen\/index.php?rest_route=\/wp\/v2\/pages"}],"about":[{"href":"https:\/\/blogs.sub.uni-hamburg.de\/hamburglesen\/index.php?rest_route=\/wp\/v2\/types\/page"}],"author":[{"embeddable":true,"href":"https:\/\/blogs.sub.uni-hamburg.de\/hamburglesen\/index.php?rest_route=\/wp\/v2\/users\/2"}],"replies":[{"embeddable":true,"href":"https:\/\/blogs.sub.uni-hamburg.de\/hamburglesen\/index.php?rest_route=%2Fwp%2Fv2%2Fcomments&post=1908"}],"version-history":[{"count":10,"href":"https:\/\/blogs.sub.uni-hamburg.de\/hamburglesen\/index.php?rest_route=\/wp\/v2\/pages\/1908\/revisions"}],"predecessor-version":[{"id":1926,"href":"https:\/\/blogs.sub.uni-hamburg.de\/hamburglesen\/index.php?rest_route=\/wp\/v2\/pages\/1908\/revisions\/1926"}],"wp:attachment":[{"href":"https:\/\/blogs.sub.uni-hamburg.de\/hamburglesen\/index.php?rest_route=%2Fwp%2Fv2%2Fmedia&parent=1908"}],"curies":[{"name":"wp","href":"https:\/\/api.w.org\/{rel}","templated":true}]}}