{"id":1806,"date":"2023-05-19T13:27:42","date_gmt":"2023-05-19T13:27:42","guid":{"rendered":"https:\/\/blogs.sub.uni-hamburg.de\/hamburglesen\/?page_id=1806"},"modified":"2023-07-25T07:26:36","modified_gmt":"2023-07-25T07:26:36","slug":"longlist-2023","status":"publish","type":"page","link":"https:\/\/blogs.sub.uni-hamburg.de\/hamburglesen\/?page_id=1806","title":{"rendered":"Longlist 2023"},"content":{"rendered":"<p><a href=\"https:\/\/blogs.sub.uni-hamburg.de\/hamburglesen\/wp-content\/uploads\/2023\/05\/longlist-2023-breit-gr.jpg\"><img loading=\"lazy\" decoding=\"async\" src=\"https:\/\/blogs.sub.uni-hamburg.de\/hamburglesen\/wp-content\/uploads\/2023\/05\/longlist-2023-breit.jpg\" alt=\"Longlist 2023\" title=\"Longlist 2023\"  width=\"900\" height=\"278\" class=\"alignnone size-full wp-image-1808\" srcset=\"https:\/\/blogs.sub.uni-hamburg.de\/hamburglesen\/wp-content\/uploads\/2023\/05\/longlist-2023-breit.jpg 900w, https:\/\/blogs.sub.uni-hamburg.de\/hamburglesen\/wp-content\/uploads\/2023\/05\/longlist-2023-breit-300x93.jpg 300w, https:\/\/blogs.sub.uni-hamburg.de\/hamburglesen\/wp-content\/uploads\/2023\/05\/longlist-2023-breit-768x237.jpg 768w, https:\/\/blogs.sub.uni-hamburg.de\/hamburglesen\/wp-content\/uploads\/2023\/05\/longlist-2023-breit-624x193.jpg 624w\" sizes=\"auto, (max-width: 900px) 100vw, 900px\" \/><\/a><\/p>\n<p>Diese 31 Publikationen w\u00e4hlte die Auswahlkommission aus knapp 200 B\u00fcchern (<a href=\"https:\/\/blogs.sub.uni-hamburg.de\/hamburglesen\/?page_id=1799\">Vorschlagsliste<\/a>) aus:<br \/>\n(Die Signaturen unter den Titeln verlinken auf deren Eintrag im Katalog<strong><em>plus<\/em><\/strong>)<\/p>\n<p><strong><br \/>\nBartetzko, Daniel \/ Berkemann, Karin \/ Schmitz, Frank (Hg.)<br \/>\nTurm und Tunnel. Friedhelm Grundmann baut f\u00fcr Kirche und U-Bahn<\/strong><br \/>\nM\u00fcnchen; Hamburg: D\u00f6lling und Galitz Verlag, 2022<br \/>\n<a href=\"https:\/\/katalogplus.sub.uni-hamburg.de\/vufind\/Record\/1800932510\">B\/211108<\/a><\/p>\n<p><strong>Batz, Michael<br \/>\nNull Uhr Neunzehn. Hamburger Versuche, heute noch \u00fcber Krieg und Feuersturm zu sprechen<\/strong><br \/>\nM\u00fcnchen; Hamburg: D\u00f6lling und Galitz Verlag, 2023<br \/>\n<a href=\"https:\/\/katalogplus.sub.uni-hamburg.de\/vufind\/Record\/184163607X\">A\/809487<\/a><\/p>\n<p><strong>Chaplin, Chap<br \/>\nHamburg t\u00e4towiert. Geschichten, Kunst &#038; Handwerk aus den Studios der Stadt<\/strong><br \/>\nHamburg: Junius Verlag, 2022<br \/>\n<a href=\"https:\/\/katalogplus.sub.uni-hamburg.de\/vufind\/Record\/1806582791\">HH 7486\/1<\/a><\/p>\n<p><strong>Engelschall, Barbara \/ Poppendieck, Hans-Helmut \/ Schirarend, Carsten (Hg.)<br \/>\n200 Jahre Gartenlust und Forschergeist. Der Botanische Garten Hamburg<\/strong><br \/>\nM\u00fcnchen; Hamburg: D\u00f6lling und Galitz Verlag, 2022<br \/>\n<a href=\"https:\/\/katalogplus.sub.uni-hamburg.de\/vufind\/Record\/1759484954\">HH 2484\/7<\/a><\/p>\n<p><strong>Engholm, Bj\u00f6rn \/ Koch, Dieter \/ Wiechel-Kram\u00fcller, Christian<br \/>\nHWP. Lernen. Lehren. Leben. Absolventinnen und Absolventen der Hochschule f\u00fcr Wirtschaft und Politik erinnern sich<\/strong><br \/>\nSuhlendorf: WIEKRA Wissen, 2022<br \/>\n<a href=\"https:\/\/katalogplus.sub.uni-hamburg.de\/vufind\/Record\/1818525852\">B\/210655<\/a><\/p>\n<p><strong>Hamburg Ballett John Neumeier (Hg.)<br \/>\n50 Jahre Hamburg Ballett John Neumeier. Bilder einer \u00c4ra<\/strong><br \/>\nLeipzig: Henschel Verlag, 2022<br \/>\n<a href=\"https:\/\/katalogplus.sub.uni-hamburg.de\/vufind\/Record\/1800447124\">C\/21766<\/a><\/p>\n<p><strong>Hamburgische Vereinigung von Freunden der Kammermusik (Hg.)<br \/>\n\u201eEs ist das Leben!\u201c. 100 Jahre Hamburgische Vereinigung von Freunden der Kammermusik<\/strong><br \/>\nBerlin: Berg &#038; Feierabend Verlag, 2022<br \/>\n<a href=\"https:\/\/katalogplus.sub.uni-hamburg.de\/vufind\/Record\/1799573982\">A 2022\/5498<\/a><\/p>\n<p><strong>Irro, Werner (Hg.)<br \/>\nHamburg literarisch. Nicht irgendwo und irgendwie zu sein, sondern nur hier \u2026<\/strong><br \/>\nHamburg: Ellert &#038; Richter Verlag, 2022<br \/>\n<a href=\"https:\/\/katalogplus.sub.uni-hamburg.de\/vufind\/Record\/1807112985\">A\/803249<\/a><\/p>\n<p><strong>Justke, Sebastian<br \/>\nEin ehrbarer Kaufmann? Albert Sch\u00e4fer, sein Unternehmen und die Stadt Hamburg 1933-1956<\/strong><br \/>\nBerlin: Metropol Verlag, 2023<br \/>\n<a href=\"https:\/\/katalogplus.sub.uni-hamburg.de\/vufind\/Record\/1824079435\">A 2023\/543<\/a><\/p>\n<p><strong>K\u00e4hler, Gert (Hg.)<br \/>\nAlter Wall \u2013 Neue Stadt<\/strong><br \/>\nM\u00fcnchen; Hamburg: D\u00f6lling und Galitz Verlag, 2022<br \/>\n<a href=\"https:\/\/katalogplus.sub.uni-hamburg.de\/vufind\/Record\/1759488933\">B\/211111<\/a><\/p>\n<p><strong>Kohlhuber, Isabella \/ Leistert, Oliver (Hg.)<br \/>\nHamburg Maschine _revisited. Artistic and critical investigations into our digital condition<\/strong><br \/>\nHamburg: adocs publishing, Oliver Gemballa, 2022<br \/>\n<a href=\"https:\/\/katalogplus.sub.uni-hamburg.de\/vufind\/Record\/1801044198\">A\/798100<\/a><\/p>\n<p><strong>Kraske, Bernd M. \/ Winter, Hans-Gerd (Hg.)<br \/>\n\u201eHorch hinein in den Tumult deiner Abgr\u00fcnde\u201c. Wolfgang Borchert \u2013 Werk und Aktualit\u00e4t<\/strong><br \/>\nDarmstadt: wbg Academic, 2022<br \/>\n<a href=\"https:\/\/katalogplus.sub.uni-hamburg.de\/vufind\/Record\/1814140107\">A 2022\/5313<\/a>s<\/p>\n<p><strong>Krebs, Thomas \/ Ahrens, Michael (Hg.)<br \/>\nSAGA. 100 Jahre Wohnen in Hamburg<\/strong><br \/>\nM\u00fcnchen; Hamburg: D\u00f6lling und Galitz Verlag, 2022<br \/>\n<a href=\"https:\/\/katalogplus.sub.uni-hamburg.de\/vufind\/Record\/1799899403\">HH 2512\/26<\/a><\/p>\n<p><strong>Lau, Dirk<br \/>\nHafenkrankenhaus Hamburg. Polizeikrankenhaus. Unfallchirurgie. Gesundheitszentrum. 1900 bis 1997<\/strong><br \/>\nHamburg: St. Pauli-Archiv e.V., 2023<br \/>\n<a href=\"https:\/\/katalogplus.sub.uni-hamburg.de\/vufind\/Record\/1839831138\">B\/212964<\/a><\/p>\n<p><strong>Lenecke, Till<br \/>\nHamburg 1686<\/strong><br \/>\nSch\u00f6nwalde: Weissblech Comics, 2022<br \/>\n<a href=\"https:\/\/katalogplus.sub.uni-hamburg.de\/vufind\/Record\/1822715253\">A 2022\/5559<\/a><\/p>\n<p><strong>Luttmer, Nora<br \/>\nTiefer Grund<\/strong><br \/>\nHamburg: Rowohlt Taschenbuch Verlag , 2022<br \/>\n<a href=\"https:\/\/katalogplus.sub.uni-hamburg.de\/vufind\/Record\/175731184X\">A\/795747<\/a><\/p>\n<p><strong>Muhme, Andreas<br \/>\nFaces of St. Pauli<\/strong><br \/>\nK\u00f6ln: Weissmann Verlag, 2022<br \/>\n<a href=\"https:\/\/katalogplus.sub.uni-hamburg.de\/vufind\/Record\/1809343046\">B\/210522<\/a><\/p>\n<p><strong>Malthaner, Stefan \/ Simon Teune (Hg.)<br \/>\nEskalation. G20 in Hamburg, Protest und Gewalt<\/strong><br \/>\nHamburg: Hamburger Edition HIS Verlagsges. mbH, 2023<br \/>\n<a href=\"https:\/\/katalogplus.sub.uni-hamburg.de\/vufind\/Record\/1824098332?rank=1\">A\/809212<\/a><\/p>\n<p><strong>Meyer-Lenz, Johanna \/ Kopitzsch, Franklin \/ Hedrich, Markus (Hg.)<br \/>\nHamburg in der Novemberrevolution von 1918\/19. Dynamiken der politischen und gesellschaftlichen Transformation in der urbanen Metropole<\/strong><br \/>\nBielefeld: transcript Verlag, 2022<br \/>\n<a href=\"https:\/\/katalogplus.sub.uni-hamburg.de\/vufind\/Record\/1768371016\">A 2022\/2660<\/a><\/p>\n<p><strong>Mittelst\u00e4dt, Hanna<br \/>\nArbeitet nie! Die Erfindung eines anderen Lebens<\/strong><br \/>\nHamburg: Edition Nautilus, 2023<br \/>\n<a href=\"https:\/\/katalogplus.sub.uni-hamburg.de\/vufind\/Record\/1823326919\">A\/809828<\/a><\/p>\n<p><strong>M\u00fcller, Jan \/ Engler, Rasmus<br \/>\nVorgl\u00fchen<\/strong><br \/>\nBerlin: Ullstein Buchverlage, 2022<br \/>\n<a href=\"https:\/\/katalogplus.sub.uni-hamburg.de\/vufind\/Record\/1799585727\">A 2022\/3467<\/a><\/p>\n<p><strong>N\u00fcmann, Ekkehard<br \/>\nFreunde der Kunsthalle 1923-2023. 100 Jahre f\u00fcr die Kunst<\/strong><br \/>\nHamburg: Freunde der Kunsthalle e.V., 2022<br \/>\n<a href=\"https:\/\/katalogplus.sub.uni-hamburg.de\/vufind\/Record\/1832797813\">B\/211976<\/a><br \/>\n<a href=\"https:\/\/katalogplus.sub.uni-hamburg.de\/vufind\/Record\/1799906159\"><strong>Pi<\/a>eper, Dietmar<br \/>\nZucker, Schnaps und Nilpferdpeitsche. Wie hanseatische Kaufleute Deutschland zur Kolonialherrschaft trieben<\/strong><br \/>\nM\u00fcnchen: Piper Verlag, 2023<br \/>\n<a href=\"https:\/\/katalogplus.sub.uni-hamburg.de\/vufind\/Record\/1818832569\">A 2023\/541<\/a><\/p>\n<p><strong>Reiss, Jochen<br \/>\n111 Dinge \u00fcber den Hamburger Hafen, die man wissen muss<\/strong><br \/>\nK\u00f6ln: Emons Verlag, 2023<br \/>\n<a href=\"https:\/\/katalogplus.sub.uni-hamburg.de\/vufind\/Record\/1820539016\">A 2023\/1227<\/a><\/p>\n<p><strong><br \/>\nSchmidt, Daniel \/ K\u00f6hne, Olaf \/ K\u00e4fferlein, Peter<br \/>\nKiez. Kein Roman<\/strong><br \/>\nHamburg: Edel Books, 2022<br \/>\n<a href=\"https:\/\/katalogplus.sub.uni-hamburg.de\/vufind\/Record\/1800440006\">A\/803300<\/a><\/p>\n<p><strong>Schmuhl, Hans-Walter \/ Winkler, Ulrike<br \/>\nAusgeschlossen \u2013 Eingeschlossen. Die Evangelische Stiftung Alsterdorf von der Anstalt ins Quartier<\/strong><br \/>\nStuttgart: Verlag W. Kohlhammer, 2023<br \/>\n<a href=\"https:\/\/katalogplus.sub.uni-hamburg.de\/vufind\/Record\/1799906159\">A 2022\/5402<\/a><\/p>\n<p><strong>Schr\u00f6m, Oliver \/ Hollenstein, Oliver<br \/>\nDie Akte Scholz. Der Kanzler. Das Geld und die Macht<\/strong><br \/>\nBerlin: Aufbau Verlage, 2022<br \/>\n<a href=\"https:\/\/katalogplus.sub.uni-hamburg.de\/vufind\/Record\/1799883000\">A 2022\/3785<\/a><\/p>\n<p><strong>Schulze, Heiko K. L.<br \/>\nArthur Bock (1875-1957). Ein Hamburger Bildhauer<\/strong><br \/>\nKiel: Verlag Ludwig, 2022<br \/>\n<a href=\"https:\/\/katalogplus.sub.uni-hamburg.de\/vufind\/Record\/1787265838\">HH 4951\/3<\/a><\/p>\n<p><strong>Fritz-Schumacher-Institut (Hg.)<br \/>\nFritz Schumacher. Kulturpolitik eines Baumeisters<\/strong><br \/>\nM\u00fcnchen; Hamburg: D\u00f6lling und Galitz Verlag, 2022<br \/>\n<a href=\"https:\/\/katalogplus.sub.uni-hamburg.de\/vufind\/Record\/1800943172\">HH 5023\/54<\/a><\/p>\n<p><strong>Senenko, Ren\u00e9<br \/>\n\u00abMit revolution\u00e4ren Gr\u00fc\u00dfen\u00bb Postkarten der Hamburger Arbeiterbewegung 1900-1945 f\u00fcr eine Welt ohne Ausbeutung, Faschismus und Krieg\u201c<\/strong><br \/>\nHamburg: VSA: Verlag Hamburg, 2022<br \/>\n<a href=\"https:\/\/katalogplus.sub.uni-hamburg.de\/vufind\/Record\/1750256134\">A\/806035<\/a><\/p>\n<p><strong>Tietgen, J\u00f6rn<br \/>\nHambuch. Das Hamburger Hausbuch <\/strong><br \/>\nHamburg: Junius Verlag, 2022<br \/>\n<a href=\"https:\/\/katalogplus.sub.uni-hamburg.de\/vufind\/Record\/1819783693\">HH 1701\/9<\/a><\/p>\n","protected":false},"excerpt":{"rendered":"<p>Diese 31 Publikationen w\u00e4hlte die Auswahlkommission aus knapp 200 B\u00fcchern (Vorschlagsliste) aus: (Die Signaturen unter den Titeln verlinken auf deren Eintrag im Katalogplus) Bartetzko, Daniel \/ Berkemann, Karin \/ Schmitz, Frank (Hg.) Turm und Tunnel. Friedhelm Grundmann baut f\u00fcr Kirche und U-Bahn M\u00fcnchen; Hamburg: D\u00f6lling und Galitz Verlag, 2022 B\/211108 Batz, Michael Null Uhr Neunzehn. [&hellip;]<\/p>\n","protected":false},"author":2,"featured_media":0,"parent":0,"menu_order":0,"comment_status":"closed","ping_status":"closed","template":"","meta":{"footnotes":""},"class_list":["post-1806","page","type-page","status-publish","hentry"],"_links":{"self":[{"href":"https:\/\/blogs.sub.uni-hamburg.de\/hamburglesen\/index.php?rest_route=\/wp\/v2\/pages\/1806","targetHints":{"allow":["GET"]}}],"collection":[{"href":"https:\/\/blogs.sub.uni-hamburg.de\/hamburglesen\/index.php?rest_route=\/wp\/v2\/pages"}],"about":[{"href":"https:\/\/blogs.sub.uni-hamburg.de\/hamburglesen\/index.php?rest_route=\/wp\/v2\/types\/page"}],"author":[{"embeddable":true,"href":"https:\/\/blogs.sub.uni-hamburg.de\/hamburglesen\/index.php?rest_route=\/wp\/v2\/users\/2"}],"replies":[{"embeddable":true,"href":"https:\/\/blogs.sub.uni-hamburg.de\/hamburglesen\/index.php?rest_route=%2Fwp%2Fv2%2Fcomments&post=1806"}],"version-history":[{"count":9,"href":"https:\/\/blogs.sub.uni-hamburg.de\/hamburglesen\/index.php?rest_route=\/wp\/v2\/pages\/1806\/revisions"}],"predecessor-version":[{"id":1868,"href":"https:\/\/blogs.sub.uni-hamburg.de\/hamburglesen\/index.php?rest_route=\/wp\/v2\/pages\/1806\/revisions\/1868"}],"wp:attachment":[{"href":"https:\/\/blogs.sub.uni-hamburg.de\/hamburglesen\/index.php?rest_route=%2Fwp%2Fv2%2Fmedia&parent=1806"}],"curies":[{"name":"wp","href":"https:\/\/api.w.org\/{rel}","templated":true}]}}