{"id":16,"date":"2013-08-21T09:46:49","date_gmt":"2013-08-21T09:46:49","guid":{"rendered":"http:\/\/blogs.sub.uni-hamburg.de\/hamburglesen\/?page_id=16"},"modified":"2023-07-06T14:01:28","modified_gmt":"2023-07-06T14:01:28","slug":"kontaktimpressum","status":"publish","type":"page","link":"https:\/\/blogs.sub.uni-hamburg.de\/hamburglesen\/?page_id=16","title":{"rendered":"Kontakt\/Impressum"},"content":{"rendered":"<h1>Kontakt<\/h1>\n<div style=\"float: left;\">\n\n<div class=\"wpcf7 no-js\" id=\"wpcf7-f21-o1\" lang=\"en-US\" dir=\"ltr\" data-wpcf7-id=\"21\">\n<div class=\"screen-reader-response\"><p role=\"status\" aria-live=\"polite\" aria-atomic=\"true\"><\/p> <ul><\/ul><\/div>\n<form action=\"\/hamburglesen\/index.php?rest_route=%2Fwp%2Fv2%2Fpages%2F16#wpcf7-f21-o1\" method=\"post\" class=\"wpcf7-form init\" aria-label=\"Contact form\" novalidate=\"novalidate\" data-status=\"init\">\n<fieldset class=\"hidden-fields-container\"><input type=\"hidden\" name=\"_wpcf7\" value=\"21\" \/><input type=\"hidden\" name=\"_wpcf7_version\" value=\"6.1.5\" \/><input type=\"hidden\" name=\"_wpcf7_locale\" value=\"en_US\" \/><input type=\"hidden\" name=\"_wpcf7_unit_tag\" value=\"wpcf7-f21-o1\" \/><input type=\"hidden\" name=\"_wpcf7_container_post\" value=\"0\" \/><input type=\"hidden\" name=\"_wpcf7_posted_data_hash\" value=\"\" \/>\n<\/fieldset>\n<p>Ihr Name (Pflichtfeld)\n<\/p>\n<p><span class=\"wpcf7-form-control-wrap\" data-name=\"your-name\"><input size=\"40\" maxlength=\"400\" class=\"wpcf7-form-control wpcf7-text wpcf7-validates-as-required\" aria-required=\"true\" aria-invalid=\"false\" value=\"\" type=\"text\" name=\"your-name\" \/><\/span>\n<\/p>\n<p>Ihre E-Mail-Adresse (Pflichtfeld)\n<\/p>\n<p><span class=\"wpcf7-form-control-wrap\" data-name=\"your-email\"><input size=\"40\" maxlength=\"400\" class=\"wpcf7-form-control wpcf7-email wpcf7-validates-as-required wpcf7-text wpcf7-validates-as-email\" aria-required=\"true\" aria-invalid=\"false\" value=\"\" type=\"email\" name=\"your-email\" \/><\/span>\n<\/p>\n<p>Betreff\n<\/p>\n<p><span class=\"wpcf7-form-control-wrap\" data-name=\"your-subject\"><input size=\"40\" maxlength=\"400\" class=\"wpcf7-form-control wpcf7-text\" aria-invalid=\"false\" value=\"\" type=\"text\" name=\"your-subject\" \/><\/span>\n<\/p>\n<p>Ihre Nachricht\n<\/p>\n<p><span class=\"wpcf7-form-control-wrap\" data-name=\"your-message\"><textarea cols=\"40\" rows=\"10\" maxlength=\"2000\" class=\"wpcf7-form-control wpcf7-textarea\" aria-invalid=\"false\" name=\"your-message\"><\/textarea><\/span>\n<\/p>\n<p><input class=\"wpcf7-form-control wpcf7-submit has-spinner\" type=\"submit\" value=\"Senden\" \/>\n<\/p><div class=\"wpcf7-response-output\" aria-hidden=\"true\"><\/div>\n<\/form>\n<\/div>\n\n<\/div>\n<p><!-- \n\n\n<div style=\"float: right;\"> <a class=\"twitter-timeline\" href=\"https:\/\/twitter.com\/HamburgLesen\" data-widget-id=\"616505035162284032\">Tweets von @HamburgLesen <\/a>\n<script>!function(d,s,id){var js,fjs=d.getElementsByTagName(s)[0],p=\/^http:\/.test(d.location)?'http':'https';if(!d.getElementById(id)){js=d.createElement(s);js.id=id;js.src=p+\":\/\/platform.twitter.com\/widgets.js\";fjs.parentNode.insertBefore(js,fjs);}}(document,\"script\",\"twitter-wjs\");<\/script> \n<\/div>\n\n\n\/\/--><\/p>\n<h1>Impressum<\/h1>\n<p><a href=\"https:\/\/blogs.sub.uni-hamburg.de\/hamburglesen\/wp-content\/uploads\/2013\/09\/buecher-gr.jpg\"><img loading=\"lazy\" decoding=\"async\" src=\"https:\/\/blogs.sub.uni-hamburg.de\/hamburglesen\/wp-content\/uploads\/2013\/09\/buecher-gr-300x292.jpg\" alt=\"B\u00fccher-Stapel 2013\" width=\"300\" height=\"265\" style=\"float: right; padding-right:0px; margin-left:35px; margin-bottom:25px; margin-top:50px;\" \/><\/a> Staats- und Universit\u00e4tsbibliothek Hamburg Carl von Ossietzky<br \/>\nVon Melle Park 3<br \/>\n20146 Hamburg<br \/>\nTelefon: +49 40 42838 &#8211; 5918<br \/>\nE-Mail: <a href=\"mailto:pr@sub.uni-hamburg.de\">pr@sub.uni-hamburg.de<\/a><\/p>\n<p>Die Staatsbibliothek ist ein Landesbetrieb der Freien- und Hansestadt Hamburg. Er ist Teil der <a href=\"http:\/\/www.hamburg.de\/bwf\/\" target=\"_blank\" rel=\"noopener noreferrer\">Beh\u00f6rde f\u00fcr Wissenschaft, Forschung und Gleichstellung<\/a> und unterliegt deren Aufsicht. Der Landesbetrieb wird durch den leitenden Direktor Herrn Prof. Robert Zepf gesetzlich vertreten.<\/p>\n<p>Trotz unserer sorgf\u00e4ltigen Bem\u00fchungen k\u00f6nnen wir keine Gew\u00e4hr f\u00fcr die Richtigkeit, Vollst\u00e4ndigkeit und Aktualit\u00e4t unserer Webseiten geben. Weiter \u00fcbernehmen wir keine Haftung f\u00fcr die Inhalte externer Links. F\u00fcr den Inhalt der verlinkten Seiten sind ausschlie\u00dflich deren Betreiber verantwortlich.<\/p>\n","protected":false},"excerpt":{"rendered":"<p>Kontakt Impressum Staats- und Universit\u00e4tsbibliothek Hamburg Carl von Ossietzky Von Melle Park 3 20146 Hamburg Telefon: +49 40 42838 &#8211; 5918 E-Mail: pr@sub.uni-hamburg.de Die Staatsbibliothek ist ein Landesbetrieb der Freien- und Hansestadt Hamburg. Er ist Teil der Beh\u00f6rde f\u00fcr Wissenschaft, Forschung und Gleichstellung und unterliegt deren Aufsicht. Der Landesbetrieb wird durch den leitenden Direktor Herrn [&hellip;]<\/p>\n","protected":false},"author":2,"featured_media":0,"parent":0,"menu_order":5,"comment_status":"closed","ping_status":"closed","template":"","meta":{"footnotes":""},"class_list":["post-16","page","type-page","status-publish","hentry"],"_links":{"self":[{"href":"https:\/\/blogs.sub.uni-hamburg.de\/hamburglesen\/index.php?rest_route=\/wp\/v2\/pages\/16","targetHints":{"allow":["GET"]}}],"collection":[{"href":"https:\/\/blogs.sub.uni-hamburg.de\/hamburglesen\/index.php?rest_route=\/wp\/v2\/pages"}],"about":[{"href":"https:\/\/blogs.sub.uni-hamburg.de\/hamburglesen\/index.php?rest_route=\/wp\/v2\/types\/page"}],"author":[{"embeddable":true,"href":"https:\/\/blogs.sub.uni-hamburg.de\/hamburglesen\/index.php?rest_route=\/wp\/v2\/users\/2"}],"replies":[{"embeddable":true,"href":"https:\/\/blogs.sub.uni-hamburg.de\/hamburglesen\/index.php?rest_route=%2Fwp%2Fv2%2Fcomments&post=16"}],"version-history":[{"count":24,"href":"https:\/\/blogs.sub.uni-hamburg.de\/hamburglesen\/index.php?rest_route=\/wp\/v2\/pages\/16\/revisions"}],"predecessor-version":[{"id":1844,"href":"https:\/\/blogs.sub.uni-hamburg.de\/hamburglesen\/index.php?rest_route=\/wp\/v2\/pages\/16\/revisions\/1844"}],"wp:attachment":[{"href":"https:\/\/blogs.sub.uni-hamburg.de\/hamburglesen\/index.php?rest_route=%2Fwp%2Fv2%2Fmedia&parent=16"}],"curies":[{"name":"wp","href":"https:\/\/api.w.org\/{rel}","templated":true}]}}