{"id":9158,"date":"2020-11-25T11:39:49","date_gmt":"2020-11-25T10:39:49","guid":{"rendered":"http:\/\/blogs.sub.uni-hamburg.de\/bergedorf\/?page_id=9158"},"modified":"2022-01-20T17:00:37","modified_gmt":"2022-01-20T16:00:37","slug":"bergedorf-1921","status":"publish","type":"page","link":"https:\/\/blogs.sub.uni-hamburg.de\/bergedorf\/?page_id=9158","title":{"rendered":"Bergedorf 1921"},"content":{"rendered":"<p><a href=\"https:\/\/blogs.sub.uni-hamburg.de\/bergedorf\/wp-content\/uploads\/2014\/05\/BZ50001-Kopf-BZ.jpg\"><img loading=\"lazy\" decoding=\"async\" src=\"https:\/\/blogs.sub.uni-hamburg.de\/bergedorf\/wp-content\/uploads\/2020\/11\/bergedorf1921.jpg\" title=\"Bergedorfer Zeitung\" alt=\"Bergedorfer Zeitung\" width=\"640\" height=\"259\" class=\"alignnone size-full wp-image-9160\" \/><\/a><\/p>\n<div style=\"float: right; width: 300px; padding: 20px; margin-left: 20px; margin-bottom: 25px; background-color: #ded7c5; border: 1px solid black;\">\n<h2>Artikel zu Bergedorf 1921<\/h2>\n<p>Die Liste wird fortlaufend aktualisiert:<\/p>\n<ul>\n<li><a href=\"https:\/\/blogs.sub.uni-hamburg.de\/bergedorf\/?p=10519\" rel=\"bookmark\">Und nochmal: die Grippe<\/a><\/li>\r\n<li><a href=\"https:\/\/blogs.sub.uni-hamburg.de\/bergedorf\/?p=10508\" rel=\"bookmark\">Volkst\u00e4nze und Tiert\u00e4nze<\/a><\/li>\r\n<li><a href=\"https:\/\/blogs.sub.uni-hamburg.de\/bergedorf\/?p=10481\" rel=\"bookmark\">Eine R\u00e4uberpistole aus Bergedorf<\/a><\/li>\r\n<li><a href=\"https:\/\/blogs.sub.uni-hamburg.de\/bergedorf\/?p=10494\" rel=\"bookmark\">Spendenaufrufe und Sprachwandel<\/a><\/li>\r\n<li><a href=\"https:\/\/blogs.sub.uni-hamburg.de\/bergedorf\/?p=10471\" rel=\"bookmark\">Der aufschlussreiche PR-Artikel f\u00fcr die Fortbildungsschule<\/a><\/li>\r\n<li><a href=\"https:\/\/blogs.sub.uni-hamburg.de\/bergedorf\/?p=10461\" rel=\"bookmark\">Die enth\u00fcllte Wundergeige und ihr spiritistischer Erfinder<\/a><\/li>\r\n<li><a href=\"https:\/\/blogs.sub.uni-hamburg.de\/bergedorf\/?p=10409\" rel=\"bookmark\">Die gef\u00e4hrliche Winterlust<\/a><\/li>\r\n<li><a href=\"https:\/\/blogs.sub.uni-hamburg.de\/bergedorf\/?p=10446\" rel=\"bookmark\">Das Paradies und der Schaffner<\/a><\/li>\r\n<li><a href=\"https:\/\/blogs.sub.uni-hamburg.de\/bergedorf\/?p=10430\" rel=\"bookmark\">Die Mittagsschlie\u00dfung der Gesch\u00e4ftslokalit\u00e4ten<\/a><\/li>\r\n<li><a href=\"https:\/\/blogs.sub.uni-hamburg.de\/bergedorf\/?p=10420\" rel=\"bookmark\">Der Kleinkrieg der Lokalpresse<\/a><\/li>\r\n<li><a href=\"https:\/\/blogs.sub.uni-hamburg.de\/bergedorf\/?p=10384\" rel=\"bookmark\">Die Brandkatastrophe im Kino<\/a><\/li>\r\n<li><a href=\"https:\/\/blogs.sub.uni-hamburg.de\/bergedorf\/?p=10399\" rel=\"bookmark\">Teures Telefonieren und eine explodierende W\u00e4rmflasche<\/a><\/li>\r\n<li><a href=\"https:\/\/blogs.sub.uni-hamburg.de\/bergedorf\/?p=10364\" rel=\"bookmark\">Der Umzug des B\u00fcrgermeisters<\/a><\/li>\r\n<li><a href=\"https:\/\/blogs.sub.uni-hamburg.de\/bergedorf\/?p=10373\" rel=\"bookmark\">Das fisch\u00e4hnliche Ungeheuer in der Elbe<\/a><\/li>\r\n<li><a href=\"https:\/\/blogs.sub.uni-hamburg.de\/bergedorf\/?p=10341\" rel=\"bookmark\">Zentnerweise teure Kartoffeln<\/a><\/li>\r\n<li><a href=\"https:\/\/blogs.sub.uni-hamburg.de\/bergedorf\/?p=10354\" rel=\"bookmark\">Die \u00e4rmlichen H\u00e4user an der Bojewiese<\/a><\/li>\r\n<li><a href=\"https:\/\/blogs.sub.uni-hamburg.de\/bergedorf\/?p=10319\" rel=\"bookmark\">Burnout der Gemeindevorsitzenden?<\/a><\/li>\r\n<li><a href=\"https:\/\/blogs.sub.uni-hamburg.de\/bergedorf\/?p=10306\" rel=\"bookmark\">Die herbstliche Schweineschlachtung<\/a><\/li>\r\n<li><a href=\"https:\/\/blogs.sub.uni-hamburg.de\/bergedorf\/?p=10296\" rel=\"bookmark\">Weihnachtskringel und Affenzwinger: beh\u00f6rdlich verordnetes Bauen<\/a><\/li>\r\n<li><a href=\"https:\/\/blogs.sub.uni-hamburg.de\/bergedorf\/?p=10332\" rel=\"bookmark\">Die Verwahrlosung am Hundebaum<\/a><\/li>\r\n<li><a href=\"https:\/\/blogs.sub.uni-hamburg.de\/bergedorf\/?p=10284\" rel=\"bookmark\">Ehrenbuch und Baldachin<\/a><\/li>\r\n<li><a href=\"https:\/\/blogs.sub.uni-hamburg.de\/bergedorf\/?p=10270\" rel=\"bookmark\">Der Kampf um h\u00f6here L\u00f6hne<\/a><\/li>\r\n<li><a href=\"https:\/\/blogs.sub.uni-hamburg.de\/bergedorf\/?p=10260\" rel=\"bookmark\">Das vorsichtige Dienstm\u00e4dchen<\/a><\/li>\r\n<li><a href=\"https:\/\/blogs.sub.uni-hamburg.de\/bergedorf\/?p=10251\" rel=\"bookmark\">Die st\u00e4dtische Badewanne<\/a><\/li>\r\n<li><a href=\"https:\/\/blogs.sub.uni-hamburg.de\/bergedorf\/?p=10233\" rel=\"bookmark\">Carls Salchows Jubil\u00e4um und Wolfgang Borcherts Stuhl<\/a><\/li>\r\n<li><a href=\"https:\/\/blogs.sub.uni-hamburg.de\/bergedorf\/?p=10222\" rel=\"bookmark\">Kartoffelfeuer und Leuchtfeuer<\/a><\/li>\r\n<li><a href=\"https:\/\/blogs.sub.uni-hamburg.de\/bergedorf\/?p=10176\" rel=\"bookmark\">Hermann Distels Kriegerged\u00e4chtnismal f\u00fcr Kirchw\u00e4rder<\/a><\/li>\r\n<li><a href=\"https:\/\/blogs.sub.uni-hamburg.de\/bergedorf\/?p=10185\" rel=\"bookmark\">Die Pferdeschwemme wird beseitigt<\/a><\/li>\r\n<li><a href=\"https:\/\/blogs.sub.uni-hamburg.de\/bergedorf\/?p=10155\" rel=\"bookmark\">Das Bootshaus der Ruderer und die Tombola<\/a><\/li>\r\n<li><a href=\"https:\/\/blogs.sub.uni-hamburg.de\/bergedorf\/?p=10165\" rel=\"bookmark\">H\u00f6here Schule f\u00fcr T\u00f6chter \u2013 oder Schule f\u00fcr h\u00f6here T\u00f6chter?<\/a><\/li>\r\n<li><a href=\"https:\/\/blogs.sub.uni-hamburg.de\/bergedorf\/?p=10145\" rel=\"bookmark\">SMS und Messenger-Apps: Telekommunikation 1921<\/a><\/li>\r\n<li><a href=\"https:\/\/blogs.sub.uni-hamburg.de\/bergedorf\/?p=10134\" rel=\"bookmark\">Stimmung, Gl\u00fccksspiel und Kinderqu\u00e4lerei auf dem Bergedorfer Jahrmarkt<\/a><\/li>\r\n<li><a href=\"https:\/\/blogs.sub.uni-hamburg.de\/bergedorf\/?p=10119\" rel=\"bookmark\">Die Schande des politischen Mordes<\/a><\/li>\r\n<li><a href=\"https:\/\/blogs.sub.uni-hamburg.de\/bergedorf\/?p=10111\" rel=\"bookmark\">Eine Lobby f\u00fcr goldenen Boden<\/a><\/li>\r\n<li><a href=\"https:\/\/blogs.sub.uni-hamburg.de\/bergedorf\/?p=10082\" rel=\"bookmark\">Es str\u00e4uben sich die Nackenhaare \u2026<\/a><\/li>\r\n<li><a href=\"https:\/\/blogs.sub.uni-hamburg.de\/bergedorf\/?p=10095\" rel=\"bookmark\">Verkaufe G\u00f6pel \u2013 Suche M\u00e4dchen<\/a><\/li>\r\n<li><a href=\"https:\/\/blogs.sub.uni-hamburg.de\/bergedorf\/?p=10072\" rel=\"bookmark\">Das sich vervollkommnen wollende M\u00e4dchen<\/a><\/li>\r\n<li><a href=\"https:\/\/blogs.sub.uni-hamburg.de\/bergedorf\/?p=10057\" rel=\"bookmark\">Neues vom Auto-Omnibus<\/a><\/li>\r\n<li><a href=\"https:\/\/blogs.sub.uni-hamburg.de\/bergedorf\/?p=10033\" rel=\"bookmark\">Das Stadtexperiment von Bergedorf<\/a><\/li>\r\n<li><a href=\"https:\/\/blogs.sub.uni-hamburg.de\/bergedorf\/?p=10049\" rel=\"bookmark\">Markenbrot und markenfreies Brot<\/a><\/li>\r\n<li><a href=\"https:\/\/blogs.sub.uni-hamburg.de\/bergedorf\/?p=10025\" rel=\"bookmark\">Eierkochen im Sande?<\/a><\/li>\r\n<li><a href=\"https:\/\/blogs.sub.uni-hamburg.de\/bergedorf\/?p=10009\" rel=\"bookmark\">Die Modernisierung der l\u00e4ndlichen Feuerwehren<\/a><\/li>\r\n<li><a href=\"https:\/\/blogs.sub.uni-hamburg.de\/bergedorf\/?p=9976\" rel=\"bookmark\">Der erbitterte Streit um die Flaggenfarben<\/a><\/li>\r\n<li><a href=\"https:\/\/blogs.sub.uni-hamburg.de\/bergedorf\/?p=9994\" rel=\"bookmark\">Der Gesch\u00e4ftsbericht der Produktiven Erwerbslosenf\u00fcrsorge Bergedorf-Sande<\/a><\/li>\r\n<li><a href=\"https:\/\/blogs.sub.uni-hamburg.de\/bergedorf\/?p=9965\" rel=\"bookmark\">Die Hege und Pflege der Leibes\u00fcbungen<\/a><\/li>\r\n<li><a href=\"https:\/\/blogs.sub.uni-hamburg.de\/bergedorf\/?p=9947\" rel=\"bookmark\">Von Kalkbeinen, Mauke und anderem<\/a><\/li>\r\n<li><a href=\"https:\/\/blogs.sub.uni-hamburg.de\/bergedorf\/?p=9904\" rel=\"bookmark\">Die Hunde im Vorortsverkehr<\/a><\/li>\r\n<li><a href=\"https:\/\/blogs.sub.uni-hamburg.de\/bergedorf\/?p=9917\" rel=\"bookmark\">Der schlampige Nachruf auf den Stuhlrohr-Patriarchen<\/a><\/li>\r\n<li><a href=\"https:\/\/blogs.sub.uni-hamburg.de\/bergedorf\/?p=9892\" rel=\"bookmark\">K\u00fcnstlerisches Notgeld f\u00fcr Bergedorf?<\/a><\/li>\r\n<li><a href=\"https:\/\/blogs.sub.uni-hamburg.de\/bergedorf\/?p=9933\" rel=\"bookmark\">Der Neubau der Bed\u00fcrfnisanstalt mit Bootsvermietung<\/a><\/li>\r\n<li><a href=\"https:\/\/blogs.sub.uni-hamburg.de\/bergedorf\/?p=9847\" rel=\"bookmark\">Die Eisschr\u00e4nke<\/a><\/li>\r\n<li><a href=\"https:\/\/blogs.sub.uni-hamburg.de\/bergedorf\/?p=9837\" rel=\"bookmark\">Die Damen und das Bergedorfer Sch\u00fctzenfest 1921<\/a><\/li>\r\n<li><a href=\"https:\/\/blogs.sub.uni-hamburg.de\/bergedorf\/?p=9987\" rel=\"bookmark\">Das Badeverbot<\/a><\/li>\r\n<li><a href=\"https:\/\/blogs.sub.uni-hamburg.de\/bergedorf\/?p=9822\" rel=\"bookmark\">Alte Motorr\u00e4der und ein ganz fr\u00fcher Meybein<\/a><\/li>\r\n<li><a href=\"https:\/\/blogs.sub.uni-hamburg.de\/bergedorf\/?p=9800\" rel=\"bookmark\">100.000 Mark f\u00fcr die Brookwetterung<\/a><\/li>\r\n<li><a href=\"https:\/\/blogs.sub.uni-hamburg.de\/bergedorf\/?p=9809\" rel=\"bookmark\">Die neue Lustbarkeitssteuer<\/a><\/li>\r\n<li><a href=\"https:\/\/blogs.sub.uni-hamburg.de\/bergedorf\/?p=9763\" rel=\"bookmark\">Das Ende des Ausnahmezustands und der Sondergerichte<\/a><\/li>\r\n<li><a href=\"https:\/\/blogs.sub.uni-hamburg.de\/bergedorf\/?p=9791\" rel=\"bookmark\">Die Er\u00f6ffnung der Sportanlage Marienburg<\/a><\/li>\r\n<li><a href=\"https:\/\/blogs.sub.uni-hamburg.de\/bergedorf\/?p=9752\" rel=\"bookmark\">Die Freispr\u00fcche und die Fortbildungsschulpflicht<\/a><\/li>\r\n<li><a href=\"https:\/\/blogs.sub.uni-hamburg.de\/bergedorf\/?p=9741\" rel=\"bookmark\">Die geplante Verl\u00e4ngerung der h\u00f6heren Knabenschule<\/a><\/li>\r\n<li><a href=\"https:\/\/blogs.sub.uni-hamburg.de\/bergedorf\/?p=9731\" rel=\"bookmark\">Die weiterhin knappe Milch<\/a><\/li>\r\n<li><a href=\"https:\/\/blogs.sub.uni-hamburg.de\/bergedorf\/?p=9717\" rel=\"bookmark\">Die \u201eSchwarze Schmach\u201c in Sande \u2013 Rassismus pur<\/a><\/li>\r\n<li><a href=\"https:\/\/blogs.sub.uni-hamburg.de\/bergedorf\/?p=9773\" rel=\"bookmark\">Die patentierte Regenanlage<\/a><\/li>\r\n<li><a href=\"https:\/\/blogs.sub.uni-hamburg.de\/bergedorf\/?p=9703\" rel=\"bookmark\">Der Streit um die Schleusen der Elbarme<\/a><\/li>\r\n<li><a href=\"https:\/\/blogs.sub.uni-hamburg.de\/bergedorf\/?p=9668\" rel=\"bookmark\">Der Beginn des Personenverkehrs auf der Hamburger Marschbahn<\/a><\/li>\r\n<li><a href=\"https:\/\/blogs.sub.uni-hamburg.de\/bergedorf\/?p=9681\" rel=\"bookmark\">Die ausgebremste Motorisierung des Landgebiets<\/a><\/li>\r\n<li><a href=\"https:\/\/blogs.sub.uni-hamburg.de\/bergedorf\/?p=9642\" rel=\"bookmark\">Der vielf\u00e4ltig genutzte Sander Wasserturm<\/a><\/li>\r\n<li><a href=\"https:\/\/blogs.sub.uni-hamburg.de\/bergedorf\/?p=9655\" rel=\"bookmark\">Die Wohnungsluxussteuer<\/a><\/li>\r\n<li><a href=\"https:\/\/blogs.sub.uni-hamburg.de\/bergedorf\/?p=9615\" rel=\"bookmark\">Ausgrenzungen und Grenz\u00fcbertretungen im Vereinsleben<\/a><\/li>\r\n<li><a href=\"https:\/\/blogs.sub.uni-hamburg.de\/bergedorf\/?p=9628\" rel=\"bookmark\">BZ von schw\u00fclstig bis n\u00fcchtern \u2013 der 1. Mai in Bergedorf<\/a><\/li>\r\n<li><a href=\"https:\/\/blogs.sub.uni-hamburg.de\/bergedorf\/?p=9579\" rel=\"bookmark\">Honigende B\u00e4ume und ein \u00fcberraschtes Liebespaar<\/a><\/li>\r\n<li><a href=\"https:\/\/blogs.sub.uni-hamburg.de\/bergedorf\/?p=9607\" rel=\"bookmark\">Geesthachts Schwimmbad in \u00d6velg\u00f6nne?<\/a><\/li>\r\n<li><a href=\"https:\/\/blogs.sub.uni-hamburg.de\/bergedorf\/?p=9564\" rel=\"bookmark\">Die Hilfsschule \u2013 mit stark famili\u00e4rem Einschlag<\/a><\/li>\r\n<li><a href=\"https:\/\/blogs.sub.uni-hamburg.de\/bergedorf\/?p=9592\" rel=\"bookmark\">Bergedorfs zerlumpte Polizei<\/a><\/li>\r\n<li><a href=\"https:\/\/blogs.sub.uni-hamburg.de\/bergedorf\/?p=9536\" rel=\"bookmark\">Die starke Stellung der Schreber in Bergedorf<\/a><\/li>\r\n<li><a href=\"https:\/\/blogs.sub.uni-hamburg.de\/bergedorf\/?p=9550\" rel=\"bookmark\">Die bemerkenswerte Kooperation f\u00fcr den Wohnungsbau<\/a><\/li>\r\n<li><a href=\"https:\/\/blogs.sub.uni-hamburg.de\/bergedorf\/?p=9526\" rel=\"bookmark\">Bergedorfs Schulentwicklung unter Rektor M\u00fcller<\/a><\/li>\r\n<li><a href=\"https:\/\/blogs.sub.uni-hamburg.de\/bergedorf\/?p=9499\" rel=\"bookmark\">Vom N\u00e4hen und Schneidern<\/a><\/li>\r\n<li><a href=\"https:\/\/blogs.sub.uni-hamburg.de\/bergedorf\/?p=9488\" rel=\"bookmark\">KPD-Putsch in Geesthacht \u2013 Bergedorf im Bett<\/a><\/li>\r\n<li><a href=\"https:\/\/blogs.sub.uni-hamburg.de\/bergedorf\/?p=9472\" rel=\"bookmark\">Vom gekr\u00e4nkten Fl\u00fcgel und dem Klavierspiel in Bergedorf<\/a><\/li>\r\n<li><a href=\"https:\/\/blogs.sub.uni-hamburg.de\/bergedorf\/?p=9429\" rel=\"bookmark\">Entlaufene und unterschlagene Hunde<\/a><\/li>\r\n<li><a href=\"https:\/\/blogs.sub.uni-hamburg.de\/bergedorf\/?p=9451\" rel=\"bookmark\">Das Verbot hypnotischer Vorf\u00fchrungen<\/a><\/li>\r\n<li><a href=\"https:\/\/blogs.sub.uni-hamburg.de\/bergedorf\/?p=9393\" rel=\"bookmark\">Endlich: ein (staatliches) Lyzeum f\u00fcr Bergedorf<\/a><\/li>\r\n<li><a href=\"https:\/\/blogs.sub.uni-hamburg.de\/bergedorf\/?p=9409\" rel=\"bookmark\">Bauland f\u00fcr Siedlungslustige<\/a><\/li>\r\n<li><a href=\"https:\/\/blogs.sub.uni-hamburg.de\/bergedorf\/?p=9374\" rel=\"bookmark\">Verhasste und beliebte V\u00f6gel<\/a><\/li>\r\n<li><a href=\"https:\/\/blogs.sub.uni-hamburg.de\/bergedorf\/?p=9363\" rel=\"bookmark\">Augusta verdr\u00e4ngt August<\/a><\/li>\r\n<li><a href=\"https:\/\/blogs.sub.uni-hamburg.de\/bergedorf\/?p=9335\" rel=\"bookmark\">Der ersch\u00fctternde Verkehr mit Lastautomobilen<\/a><\/li>\r\n<li><a href=\"https:\/\/blogs.sub.uni-hamburg.de\/bergedorf\/?p=9356\" rel=\"bookmark\">Ironie und Torf<\/a><\/li>\r\n<li><a href=\"https:\/\/blogs.sub.uni-hamburg.de\/bergedorf\/?p=9329\" rel=\"bookmark\">Besserer Schutz f\u00fcr die Landp\u00e4chter<\/a><\/li>\r\n<li><a href=\"https:\/\/blogs.sub.uni-hamburg.de\/bergedorf\/?p=9347\" rel=\"bookmark\">Die Bergedorfer Bank und ihre Liquidation<\/a><\/li>\r\n<li><a href=\"https:\/\/blogs.sub.uni-hamburg.de\/bergedorf\/?p=9298\" rel=\"bookmark\">Der vielf\u00e4ltige Herr Weyrauch<\/a><\/li>\r\n<li><a href=\"https:\/\/blogs.sub.uni-hamburg.de\/bergedorf\/?p=9311\" rel=\"bookmark\">Die Stradivari aus Sande<\/a><\/li>\r\n<li><a href=\"https:\/\/blogs.sub.uni-hamburg.de\/bergedorf\/?p=9292\" rel=\"bookmark\">Oskar Schwindrazheim und der Verein f\u00fcr Vierl\u00e4nder Kunst und Heimatkunde<\/a><\/li>\r\n<li><a href=\"https:\/\/blogs.sub.uni-hamburg.de\/bergedorf\/?p=9282\" rel=\"bookmark\">Das Bergedorfer Schwanenhaus<\/a><\/li>\r\n<li><a href=\"https:\/\/blogs.sub.uni-hamburg.de\/bergedorf\/?p=9262\" rel=\"bookmark\">Das gar nicht mehr so neue Thalia-Theater<\/a><\/li>\r\n<li><a href=\"https:\/\/blogs.sub.uni-hamburg.de\/bergedorf\/?p=9272\" rel=\"bookmark\">Tischlein deck dich!<\/a><\/li>\r\n<li><a href=\"https:\/\/blogs.sub.uni-hamburg.de\/bergedorf\/?p=9233\" rel=\"bookmark\">Der schlagkr\u00e4ftige B\u00fcrgermeister<\/a><\/li>\r\n<li><a href=\"https:\/\/blogs.sub.uni-hamburg.de\/bergedorf\/?p=9244\" rel=\"bookmark\">Elektrischer Stuhl und Zauberei in Bergedorf<\/a><\/li>\r\n<li><a href=\"https:\/\/blogs.sub.uni-hamburg.de\/bergedorf\/?p=9225\" rel=\"bookmark\">Das staatliche Versuchsfeld und die L\u00e4usepflanze<\/a><\/li>\r\n<li><a href=\"https:\/\/blogs.sub.uni-hamburg.de\/bergedorf\/?p=9218\" rel=\"bookmark\">Die Ausgaben des Soldatenrats<\/a><\/li>\r\n<li><a href=\"https:\/\/blogs.sub.uni-hamburg.de\/bergedorf\/?p=9203\" rel=\"bookmark\">Gesundheitsreform 1921: Flatrate f\u00fcr Medikamente?<\/a><\/li>\r\n<li><a href=\"https:\/\/blogs.sub.uni-hamburg.de\/bergedorf\/?p=9208\" rel=\"bookmark\">Der Privatweg und die Schreberg\u00e4rtner<\/a><\/li>\r\n<li><a href=\"https:\/\/blogs.sub.uni-hamburg.de\/bergedorf\/?p=9179\" rel=\"bookmark\">Der Bergedorfer Steuerhammer zum Jahreswechsel<\/a><\/li>\r\n<li><a href=\"https:\/\/blogs.sub.uni-hamburg.de\/bergedorf\/?p=9191\" rel=\"bookmark\">Von Polizei und Wach- und Schlie\u00dfgesellschaft<\/a><\/li><\/ul>\n<\/div>\n<p>Der Krieg war zu Ende, der Kaiser war weg, die Neuordnung hatte begonnen, aber es blieben Probleme genug. Wie ging es weiter im Raum Bergedorf?<\/p>\n<p>In <a href=\"https:\/\/blogs.sub.uni-hamburg.de\/bergedorf\/?page_id=908\">Bergedorf 1914<\/a>, <a href=\"https:\/\/blogs.sub.uni-hamburg.de\/bergedorf\/?page_id=1424\">Bergedorf 1915<\/a>, <a href=\"https:\/\/blogs.sub.uni-hamburg.de\/bergedorf\/?page_id=2169\">Bergedorf 1916<\/a>, <a href=\"https:\/\/blogs.sub.uni-hamburg.de\/bergedorf\/?page_id=3374\">Bergedorf 1917<\/a> und <a href=\"https:\/\/blogs.sub.uni-hamburg.de\/bergedorf\/?page_id=4640\">Bergedorf 1918<\/a> wurde anhand ausgew\u00e4hlter Artikel gezeigt, wie sich das Leben in Bergedorf durch den Krieg \u00e4nderte. Diese Rubriken wurden entsprechend f\u00fcr die unmittelbare Nachkriegszeit, die Jahre <a href=\"https:\/\/blogs.sub.uni-hamburg.de\/bergedorf\/?page_id=6074\">1919<\/a> und <a href=\"https:\/\/blogs.sub.uni-hamburg.de\/bergedorf\/?page_id=7514\">1920<\/a>, und werden hier nun f\u00fcr das Jahr 1921 im Wochenrhythmus fortgef\u00fchrt.<\/p>\n","protected":false},"excerpt":{"rendered":"<p>Artikel zu Bergedorf 1921 Die Liste wird fortlaufend aktualisiert: Der Krieg war zu Ende, der Kaiser war weg, die Neuordnung hatte begonnen, aber es blieben Probleme genug. Wie ging es weiter im Raum Bergedorf? In Bergedorf 1914, Bergedorf 1915, Bergedorf &hellip; <a href=\"https:\/\/blogs.sub.uni-hamburg.de\/bergedorf\/?p=9191\">Weiterlesen <span class=\"meta-nav\">&rarr;<\/span><\/a><\/p>\n","protected":false},"author":2,"featured_media":0,"parent":0,"menu_order":0,"comment_status":"closed","ping_status":"closed","template":"","meta":{"footnotes":""},"class_list":["post-9158","page","type-page","status-publish","hentry"],"jetpack_sharing_enabled":true,"_links":{"self":[{"href":"https:\/\/blogs.sub.uni-hamburg.de\/bergedorf\/index.php?rest_route=\/wp\/v2\/pages\/9158","targetHints":{"allow":["GET"]}}],"collection":[{"href":"https:\/\/blogs.sub.uni-hamburg.de\/bergedorf\/index.php?rest_route=\/wp\/v2\/pages"}],"about":[{"href":"https:\/\/blogs.sub.uni-hamburg.de\/bergedorf\/index.php?rest_route=\/wp\/v2\/types\/page"}],"author":[{"embeddable":true,"href":"https:\/\/blogs.sub.uni-hamburg.de\/bergedorf\/index.php?rest_route=\/wp\/v2\/users\/2"}],"replies":[{"embeddable":true,"href":"https:\/\/blogs.sub.uni-hamburg.de\/bergedorf\/index.php?rest_route=%2Fwp%2Fv2%2Fcomments&post=9158"}],"version-history":[{"count":5,"href":"https:\/\/blogs.sub.uni-hamburg.de\/bergedorf\/index.php?rest_route=\/wp\/v2\/pages\/9158\/revisions"}],"predecessor-version":[{"id":10977,"href":"https:\/\/blogs.sub.uni-hamburg.de\/bergedorf\/index.php?rest_route=\/wp\/v2\/pages\/9158\/revisions\/10977"}],"wp:attachment":[{"href":"https:\/\/blogs.sub.uni-hamburg.de\/bergedorf\/index.php?rest_route=%2Fwp%2Fv2%2Fmedia&parent=9158"}],"curies":[{"name":"wp","href":"https:\/\/api.w.org\/{rel}","templated":true}]}}