{"id":7514,"date":"2019-12-03T14:15:03","date_gmt":"2019-12-03T13:15:03","guid":{"rendered":"http:\/\/blogs.sub.uni-hamburg.de\/bergedorf\/?page_id=7514"},"modified":"2022-01-20T17:26:19","modified_gmt":"2022-01-20T16:26:19","slug":"bergedorf-1920","status":"publish","type":"page","link":"https:\/\/blogs.sub.uni-hamburg.de\/bergedorf\/?page_id=7514","title":{"rendered":"Bergedorf 1920"},"content":{"rendered":"<p><a href=\"https:\/\/blogs.sub.uni-hamburg.de\/bergedorf\/wp-content\/uploads\/2014\/05\/BZ50001-Kopf-BZ.jpg\"><img loading=\"lazy\" decoding=\"async\" src=\"https:\/\/blogs.sub.uni-hamburg.de\/bergedorf\/wp-content\/uploads\/2019\/12\/bergedorf1920.jpg\" title=\"Bergedorfer Zeitung\" alt=\"Bergedorfer Zeitung\" width=\"640\" height=\"259\" class=\"alignnone size-full wp-image-7517\" srcset=\"https:\/\/blogs.sub.uni-hamburg.de\/bergedorf\/wp-content\/uploads\/2019\/12\/bergedorf1920.jpg 640w, https:\/\/blogs.sub.uni-hamburg.de\/bergedorf\/wp-content\/uploads\/2019\/12\/bergedorf1920-300x121.jpg 300w\" sizes=\"auto, (max-width: 640px) 100vw, 640px\" \/><\/a><\/p>\n<div style=\"float: right; width: 300px; padding: 20px; margin-left: 20px; margin-bottom: 25px; background-color: #ded7c5; border: 1px solid black;\">\n<h2>Artikel zu Bergedorf 1920<\/h2>\n<p>Die Liste wird fortlaufend aktualisiert:<\/p>\n<ul>\n<li><a href=\"https:\/\/blogs.sub.uni-hamburg.de\/bergedorf\/?p=9052\" rel=\"bookmark\">Die R\u00fcckkehr des Religionsunterrichts<\/a><\/li>\r\n<li><a href=\"https:\/\/blogs.sub.uni-hamburg.de\/bergedorf\/?p=8994\" rel=\"bookmark\">Von Feuerwehrleuten, -wachen und -meldewesen<\/a><\/li>\r\n<li><a href=\"https:\/\/blogs.sub.uni-hamburg.de\/bergedorf\/?p=9031\" rel=\"bookmark\">Die freiwillige Selbstbesteuerung f\u00fcr die produktive Erwerbslosenf\u00fcrsorge<\/a><\/li>\r\n<li><a href=\"https:\/\/blogs.sub.uni-hamburg.de\/bergedorf\/?p=9094\" rel=\"bookmark\">Der Pulverpatriarch geht<\/a><\/li>\r\n<li><a href=\"https:\/\/blogs.sub.uni-hamburg.de\/bergedorf\/?p=8979\" rel=\"bookmark\">Sande entwaffnet<\/a><\/li>\r\n<li><a href=\"https:\/\/blogs.sub.uni-hamburg.de\/bergedorf\/?p=9009\" rel=\"bookmark\">Kunst zum Verschenken: die Weihnachtsausstellungen<\/a><\/li>\r\n<li><a href=\"https:\/\/blogs.sub.uni-hamburg.de\/bergedorf\/?p=8951\" rel=\"bookmark\">Die geschlechtliche Aufkl\u00e4rung durch die Schule<\/a><\/li>\r\n<li><a href=\"https:\/\/blogs.sub.uni-hamburg.de\/bergedorf\/?p=8967\" rel=\"bookmark\">Der Bahn\u00fcbergang, die Revolution und die Lungenkranken<\/a><\/li>\r\n<li><a href=\"https:\/\/blogs.sub.uni-hamburg.de\/bergedorf\/?p=9069\" rel=\"bookmark\">Von Fischk\u00f6rben und -dieben<\/a><\/li>\r\n<li><a href=\"https:\/\/blogs.sub.uni-hamburg.de\/bergedorf\/?p=8932\" rel=\"bookmark\">Die nicht gefeierte Er\u00f6ffnung der Hamburger Marschbahn<\/a><\/li>\r\n<li><a href=\"https:\/\/blogs.sub.uni-hamburg.de\/bergedorf\/?p=8897\" rel=\"bookmark\">Der \u00dcberfall auf das Bergedorfer Auktionshaus<\/a><\/li>\r\n<li><a href=\"https:\/\/blogs.sub.uni-hamburg.de\/bergedorf\/?p=8921\" rel=\"bookmark\">Die Beitr\u00e4ge zur Krankenkasse, die gesunden und die kranken Versicherten<\/a><\/li>\r\n<li><a href=\"https:\/\/blogs.sub.uni-hamburg.de\/bergedorf\/?p=8883\" rel=\"bookmark\">Die Verstaatlichung der Bergedorfer Polizei<\/a><\/li>\r\n<li><a href=\"https:\/\/blogs.sub.uni-hamburg.de\/bergedorf\/?p=8911\" rel=\"bookmark\">Der Brotverteilungsverein Bergedorf e.V.<\/a><\/li>\r\n<li><a href=\"https:\/\/blogs.sub.uni-hamburg.de\/bergedorf\/?p=8854\" rel=\"bookmark\">Das Elend in Bergedorf<\/a><\/li>\r\n<li><a href=\"https:\/\/blogs.sub.uni-hamburg.de\/bergedorf\/?p=8808\" rel=\"bookmark\">Das Gro\u00dffeuer in Zollenspieker und seine Folgen<\/a><\/li>\r\n<li><a href=\"https:\/\/blogs.sub.uni-hamburg.de\/bergedorf\/?p=8865\" rel=\"bookmark\">Bergedorfs Wandermuseum<\/a><\/li>\r\n<li><a href=\"https:\/\/blogs.sub.uni-hamburg.de\/bergedorf\/?p=8834\" rel=\"bookmark\">Streit um die Gefallenenehrung<\/a><\/li>\r\n<li><a href=\"https:\/\/blogs.sub.uni-hamburg.de\/bergedorf\/?p=8759\" rel=\"bookmark\">Die Maul- und Klauenseuche und das Kussverbot<\/a><\/li>\r\n<li><a href=\"https:\/\/blogs.sub.uni-hamburg.de\/bergedorf\/?p=8788\" rel=\"bookmark\">Der Grundst\u00fcckstausch f\u00fcr das Amtsgericht und das Schillerufer<\/a><\/li>\r\n<li><a href=\"https:\/\/blogs.sub.uni-hamburg.de\/bergedorf\/?p=8746\" rel=\"bookmark\">Die Frakturtype und die Zuchtsau<\/a><\/li>\r\n<li><a href=\"https:\/\/blogs.sub.uni-hamburg.de\/bergedorf\/?p=8776\" rel=\"bookmark\">Wenig Platz f\u00fcr die Fortbildung zur Hausfrau und Mutter<\/a><\/li>\r\n<li><a href=\"https:\/\/blogs.sub.uni-hamburg.de\/bergedorf\/?p=8692\" rel=\"bookmark\">Kleinwohnungsh\u00e4user im Villenviertel<\/a><\/li>\r\n<li><a href=\"https:\/\/blogs.sub.uni-hamburg.de\/bergedorf\/?p=8707\" rel=\"bookmark\">Der Aushangkasten der Bergedorfer Zeitung<\/a><\/li>\r\n<li><a href=\"https:\/\/blogs.sub.uni-hamburg.de\/bergedorf\/?p=8661\" rel=\"bookmark\">Hohe Belohnungen und der Selbstschutz der Gesch\u00e4ftsleute<\/a><\/li>\r\n<li><a href=\"https:\/\/blogs.sub.uni-hamburg.de\/bergedorf\/?p=8648\" rel=\"bookmark\">Die Klassengesellschaft auf dem Bergedorfer Friedhof<\/a><\/li>\r\n<li><a href=\"https:\/\/blogs.sub.uni-hamburg.de\/bergedorf\/?p=8593\" rel=\"bookmark\">Gl\u00e4nzende Werbung f\u00fcr Schuhpflege<\/a><\/li>\r\n<li><a href=\"https:\/\/blogs.sub.uni-hamburg.de\/bergedorf\/?p=8633\" rel=\"bookmark\">Die Versch\u00e4rfung der Stra\u00dfenpolizei-Ordnung<\/a><\/li>\r\n<li><a href=\"https:\/\/blogs.sub.uni-hamburg.de\/bergedorf\/?p=8581\" rel=\"bookmark\">Der verschlammte Blickgraben<\/a><\/li>\r\n<li><a href=\"https:\/\/blogs.sub.uni-hamburg.de\/bergedorf\/?p=8610\" rel=\"bookmark\">Berufsberatung in Schieflage<\/a><\/li>\r\n<li><a href=\"https:\/\/blogs.sub.uni-hamburg.de\/bergedorf\/?p=8560\" rel=\"bookmark\">Beleuchtungsk\u00f6rper und Arbeitsmaschinen auf dem Lande<\/a><\/li>\r\n<li><a href=\"https:\/\/blogs.sub.uni-hamburg.de\/bergedorf\/?p=8542\" rel=\"bookmark\">Stra\u00dfenpflaster \u2013 und: Pferd zieht Auto<\/a><\/li>\r\n<li><a href=\"https:\/\/blogs.sub.uni-hamburg.de\/bergedorf\/?p=8509\" rel=\"bookmark\">Die St\u00f6rung einer Sedanfeier \u2013 zur Kl\u00e4rung der Machtfrage?<\/a><\/li>\r\n<li><a href=\"https:\/\/blogs.sub.uni-hamburg.de\/bergedorf\/?p=8524\" rel=\"bookmark\">Gef\u00e4ngnisausbruch: die Flucht endete im Schlossgraben<\/a><\/li>\r\n<li><a href=\"https:\/\/blogs.sub.uni-hamburg.de\/bergedorf\/?p=8492\" rel=\"bookmark\">Das Umpressen von H\u00fcten<\/a><\/li>\r\n<li><a href=\"https:\/\/blogs.sub.uni-hamburg.de\/bergedorf\/?p=8451\" rel=\"bookmark\">Die 500-Jahrfeier Vierlandens<\/a><\/li>\r\n<li><a href=\"https:\/\/blogs.sub.uni-hamburg.de\/bergedorf\/?p=8482\" rel=\"bookmark\">Der Bus kam versp\u00e4tet<\/a><\/li>\r\n<li><a href=\"https:\/\/blogs.sub.uni-hamburg.de\/bergedorf\/?p=8471\" rel=\"bookmark\">\u00dcberraschung: M\u00e4dchen an der Hansaschule<\/a><\/li>\r\n<li><a href=\"https:\/\/blogs.sub.uni-hamburg.de\/bergedorf\/?p=8422\" rel=\"bookmark\">Kukirol statt K\u00fcchenmesser<\/a><\/li>\r\n<li><a href=\"https:\/\/blogs.sub.uni-hamburg.de\/bergedorf\/?p=8433\" rel=\"bookmark\">Ein Jubil\u00e4um \u2013 aber welches?<\/a><\/li>\r\n<li><a href=\"https:\/\/blogs.sub.uni-hamburg.de\/bergedorf\/?p=8393\" rel=\"bookmark\">Margarine waggonweise<\/a><\/li>\r\n<li><a href=\"https:\/\/blogs.sub.uni-hamburg.de\/bergedorf\/?p=8408\" rel=\"bookmark\">Licht f\u00fcrs Land<\/a><\/li>\r\n<li><a href=\"https:\/\/blogs.sub.uni-hamburg.de\/bergedorf\/?p=8347\" rel=\"bookmark\">Die Uebelst\u00e4nde der Brookwetterung<\/a><\/li>\r\n<li><a href=\"https:\/\/blogs.sub.uni-hamburg.de\/bergedorf\/?p=8360\" rel=\"bookmark\">Kleinanzeigen mit Frdsw. und Hungerharke<\/a><\/li>\r\n<li><a href=\"https:\/\/blogs.sub.uni-hamburg.de\/bergedorf\/?p=8323\" rel=\"bookmark\">Die volle Erwerbslosigkeit<\/a><\/li>\r\n<li><a href=\"https:\/\/blogs.sub.uni-hamburg.de\/bergedorf\/?p=8333\" rel=\"bookmark\">Die Bahnhofswirtschaften ohne Bahn<\/a><\/li>\r\n<li><a href=\"https:\/\/blogs.sub.uni-hamburg.de\/bergedorf\/?p=8313\" rel=\"bookmark\">Der Selbstschutz der P\u00e4chter gegen Felddiebst\u00e4hle<\/a><\/li>\r\n<li><a href=\"https:\/\/blogs.sub.uni-hamburg.de\/bergedorf\/?p=8379\" rel=\"bookmark\">Sauberere Luft f\u00fcr Bergedorf<\/a><\/li>\r\n<li><a href=\"https:\/\/blogs.sub.uni-hamburg.de\/bergedorf\/?p=8292\" rel=\"bookmark\">Wieder Betreuung f\u00fcr die Zwerge<\/a><\/li>\r\n<li><a href=\"https:\/\/blogs.sub.uni-hamburg.de\/bergedorf\/?p=8275\" rel=\"bookmark\">Bismarck mit Blumen und Farbe<\/a><\/li>\r\n<li><a href=\"https:\/\/blogs.sub.uni-hamburg.de\/bergedorf\/?p=8258\" rel=\"bookmark\">Die Teuerungsunruhen im Sommer 1920<\/a><\/li>\r\n<li><a href=\"https:\/\/blogs.sub.uni-hamburg.de\/bergedorf\/?p=8242\" rel=\"bookmark\">Werbung in S\u00fctterlinschrift<\/a><\/li>\r\n<li><a href=\"https:\/\/blogs.sub.uni-hamburg.de\/bergedorf\/?p=8286\" rel=\"bookmark\">Der Freikauf von der Zwangseinquartierung<\/a><\/li>\r\n<li><a href=\"https:\/\/blogs.sub.uni-hamburg.de\/bergedorf\/?p=8233\" rel=\"bookmark\">Die Entw\u00e4sserung der Marschgebiete<\/a><\/li>\r\n<li><a href=\"https:\/\/blogs.sub.uni-hamburg.de\/bergedorf\/?p=8195\" rel=\"bookmark\">Pferdefuhrwerk versus Lastkraftwagen<\/a><\/li>\r\n<li><a href=\"https:\/\/blogs.sub.uni-hamburg.de\/bergedorf\/?p=8722\" rel=\"bookmark\">Explosionen in der Dynamitfabrik Kr\u00fcmmel<\/a><\/li>\r\n<li><a href=\"https:\/\/blogs.sub.uni-hamburg.de\/bergedorf\/?p=8172\" rel=\"bookmark\">Der ausgegrenzte Arbeiter-Schwimmverein in Sande<\/a><\/li>\r\n<li><a href=\"https:\/\/blogs.sub.uni-hamburg.de\/bergedorf\/?p=8124\" rel=\"bookmark\">Der Steuerabzug vom Lohn<\/a><\/li>\r\n<li><a href=\"https:\/\/blogs.sub.uni-hamburg.de\/bergedorf\/?p=8165\" rel=\"bookmark\">Ein \u201eFliegender Holl\u00e4nder\u201c in Bergedorf<\/a><\/li>\r\n<li><a href=\"https:\/\/blogs.sub.uni-hamburg.de\/bergedorf\/?p=8137\" rel=\"bookmark\">Die Reichstagswahl in Bergedorf: linker und rechter Rand st\u00e4rker<\/a><\/li>\r\n<li><a href=\"https:\/\/blogs.sub.uni-hamburg.de\/bergedorf\/?p=8149\" rel=\"bookmark\">Die gewichtigen S\u00e4nger von Kirchw\u00e4rder<\/a><\/li>\r\n<li><a href=\"https:\/\/blogs.sub.uni-hamburg.de\/bergedorf\/?p=8110\" rel=\"bookmark\">Merkw\u00fcrdige Spiele in Wentorf<\/a><\/li>\r\n<li><a href=\"https:\/\/blogs.sub.uni-hamburg.de\/bergedorf\/?p=8156\" rel=\"bookmark\">Die Qu\u00e4kerspeisung f\u00fcr Sch\u00fclerinnen und Sch\u00fcler<\/a><\/li>\r\n<li><a href=\"https:\/\/blogs.sub.uni-hamburg.de\/bergedorf\/?p=8083\" rel=\"bookmark\">Telefonieren teurer<\/a><\/li>\r\n<li><a href=\"https:\/\/blogs.sub.uni-hamburg.de\/bergedorf\/?p=8096\" rel=\"bookmark\">Der \u00c4rztestreik (oder -streit?) in Bergedorf<\/a><\/li>\r\n<li><a href=\"https:\/\/blogs.sub.uni-hamburg.de\/bergedorf\/?p=8057\" rel=\"bookmark\">Der Wahlkampf um die Elternr\u00e4te<\/a><\/li>\r\n<li><a href=\"https:\/\/blogs.sub.uni-hamburg.de\/bergedorf\/?p=8070\" rel=\"bookmark\">Von Streuels und Deichverb\u00e4nden<\/a><\/li>\r\n<li><a href=\"https:\/\/blogs.sub.uni-hamburg.de\/bergedorf\/?p=8041\" rel=\"bookmark\">Orchester zu verkaufen!<\/a><\/li>\r\n<li><a href=\"https:\/\/blogs.sub.uni-hamburg.de\/bergedorf\/?p=8144\" rel=\"bookmark\">Der Tarifkonflikt im Kleinhandel<\/a><\/li>\r\n<li><a href=\"https:\/\/blogs.sub.uni-hamburg.de\/bergedorf\/?p=8623\" rel=\"bookmark\">Fr\u00fcher Frauenfu\u00dfball in Bergedorf?<\/a><\/li>\r\n<li><a href=\"https:\/\/blogs.sub.uni-hamburg.de\/bergedorf\/?p=8025\" rel=\"bookmark\">Der Richtungsstreit in der USP<\/a><\/li>\r\n<li><a href=\"https:\/\/blogs.sub.uni-hamburg.de\/bergedorf\/?p=7977\" rel=\"bookmark\">Die erotischen Jahrmarktssensationen in Bergedorf und Sande<\/a><\/li>\r\n<li><a href=\"https:\/\/blogs.sub.uni-hamburg.de\/bergedorf\/?p=7958\" rel=\"bookmark\">Die Jugendherbergen in Bergedorfs Umgebung<\/a><\/li>\r\n<li><a href=\"https:\/\/blogs.sub.uni-hamburg.de\/bergedorf\/?p=7869\" rel=\"bookmark\">Barkasse Erich: kein Geschwindigkeitsrausch<\/a><\/li>\r\n<li><a href=\"https:\/\/blogs.sub.uni-hamburg.de\/bergedorf\/?p=7891\" rel=\"bookmark\">Bergedorfs \u00e4ltester Friedhof und die Eppendorfer Kohlwurzel<\/a><\/li>\r\n<li><a href=\"https:\/\/blogs.sub.uni-hamburg.de\/bergedorf\/?p=7861\" rel=\"bookmark\">Die Feldz\u00fcge der ABC-Sch\u00fctzen<\/a><\/li>\r\n<li><a href=\"https:\/\/blogs.sub.uni-hamburg.de\/bergedorf\/?p=7945\" rel=\"bookmark\">Fr\u00fchbaden und\/oder Bretterwand?<\/a><\/li>\r\n<li><a href=\"https:\/\/blogs.sub.uni-hamburg.de\/bergedorf\/?p=7908\" rel=\"bookmark\">Von freier Liebe und Wander\u00e4rzten<\/a><\/li>\r\n<li><a href=\"https:\/\/blogs.sub.uni-hamburg.de\/bergedorf\/?p=7933\" rel=\"bookmark\">Bergedorf dreht an der Geb\u00fchrenschraube<\/a><\/li>\r\n<li><a href=\"https:\/\/blogs.sub.uni-hamburg.de\/bergedorf\/?p=7844\" rel=\"bookmark\">Das verschollene Adressbuch<\/a><\/li>\r\n<li><a href=\"https:\/\/blogs.sub.uni-hamburg.de\/bergedorf\/?p=7819\" rel=\"bookmark\">Das Personalkarussell in Bergedorfs Stadtvertretung<\/a><\/li>\r\n<li><a href=\"https:\/\/blogs.sub.uni-hamburg.de\/bergedorf\/?p=7751\" rel=\"bookmark\">Der gef\u00e4hrdete Maulwurf<\/a><\/li>\r\n<li><a href=\"https:\/\/blogs.sub.uni-hamburg.de\/bergedorf\/?p=8009\" rel=\"bookmark\">Der Kapp-Putsch (Teil II): Bergedorfer Details<\/a><\/li>\r\n<li><a href=\"https:\/\/blogs.sub.uni-hamburg.de\/bergedorf\/?p=7998\" rel=\"bookmark\">Der Kapp-Putsch (Teil I): Aufregung auch in Bergedorf<\/a><\/li>\r\n<li><a href=\"https:\/\/blogs.sub.uni-hamburg.de\/bergedorf\/?p=7802\" rel=\"bookmark\">Die Kartoffellage und die Einkommensteuer<\/a><\/li>\r\n<li><a href=\"https:\/\/blogs.sub.uni-hamburg.de\/bergedorf\/?p=7712\" rel=\"bookmark\">Die Siedlung f\u00fcr Kriegsbesch\u00e4digte auf der Dom\u00e4ne Riepenburg und die Riepenburg<\/a><\/li>\r\n<li><a href=\"https:\/\/blogs.sub.uni-hamburg.de\/bergedorf\/?p=7735\" rel=\"bookmark\">Die Verstaatlichung der Dampfziegelei Reitbrook<\/a><\/li>\r\n<li><a href=\"https:\/\/blogs.sub.uni-hamburg.de\/bergedorf\/?p=7720\" rel=\"bookmark\">Die Abrundung nach oben &#8211; oder: Das Ende des Pfennigs<\/a><\/li>\r\n<li><a href=\"https:\/\/blogs.sub.uni-hamburg.de\/bergedorf\/?p=7788\" rel=\"bookmark\">Die Treibereien und die Rhabarber-Lobby<\/a><\/li>\r\n<li><a href=\"https:\/\/blogs.sub.uni-hamburg.de\/bergedorf\/?p=7700\" rel=\"bookmark\">Mit Torten und Tanz gegen die versch\u00e4mte Armut<\/a><\/li>\r\n<li><a href=\"https:\/\/blogs.sub.uni-hamburg.de\/bergedorf\/?p=7675\" rel=\"bookmark\">Mehr Bildung f\u00fcr alle f\u00e4higen M\u00e4dchen!<\/a><\/li>\r\n<li><a href=\"https:\/\/blogs.sub.uni-hamburg.de\/bergedorf\/?p=7684\" rel=\"bookmark\">Die luxussteuerpflichtigen Gold- und Silberm\u00fcnzen<\/a><\/li>\r\n<li><a href=\"https:\/\/blogs.sub.uni-hamburg.de\/bergedorf\/?p=7776\" rel=\"bookmark\">Die sozialisierte Torfgewinnung im Horster Moor<\/a><\/li>\r\n<li><a href=\"https:\/\/blogs.sub.uni-hamburg.de\/bergedorf\/?p=7649\" rel=\"bookmark\">Bergedorf maskiert und kost\u00fcmiert<\/a><\/li>\r\n<li><a href=\"https:\/\/blogs.sub.uni-hamburg.de\/bergedorf\/?p=7829\" rel=\"bookmark\">Die Bergedorfer Zeitung zum Tode Richard Dehmels<\/a><\/li>\r\n<li><a href=\"https:\/\/blogs.sub.uni-hamburg.de\/bergedorf\/?p=7658\" rel=\"bookmark\">Reichsbeh\u00f6rde sucht B\u00fcror\u00e4ume<\/a><\/li>\r\n<li><a href=\"https:\/\/blogs.sub.uni-hamburg.de\/bergedorf\/?p=7597\" rel=\"bookmark\">Kohlenferien und kalte Schulen<\/a><\/li>\r\n<li><a href=\"https:\/\/blogs.sub.uni-hamburg.de\/bergedorf\/?p=7639\" rel=\"bookmark\">Die Hochbahn und die Schafsgeduld der Bergedorfer<\/a><\/li>\r\n<li><a href=\"https:\/\/blogs.sub.uni-hamburg.de\/bergedorf\/?p=7575\" rel=\"bookmark\">Die Abrechnung des Arbeiterrats Bergedorf-Sande<\/a><\/li>\r\n<li><a href=\"https:\/\/blogs.sub.uni-hamburg.de\/bergedorf\/?p=7626\" rel=\"bookmark\">Die \u00fcberlasteten Ziegenb\u00f6cke<\/a><\/li>\r\n<li><a href=\"https:\/\/blogs.sub.uni-hamburg.de\/bergedorf\/?p=7589\" rel=\"bookmark\">Die Riesen im Brauthaus von St. Severini zu Kirchw\u00e4rder<\/a><\/li>\r\n<li><a href=\"https:\/\/blogs.sub.uni-hamburg.de\/bergedorf\/?p=7560\" rel=\"bookmark\">Die \u00d6l- und Gassuche in Boberg<\/a><\/li>\r\n<li><a href=\"https:\/\/blogs.sub.uni-hamburg.de\/bergedorf\/?p=7610\" rel=\"bookmark\">Das Ende der Bergedorfer Stadtkapelle<\/a><\/li>\r\n<li><a href=\"https:\/\/blogs.sub.uni-hamburg.de\/bergedorf\/?p=7550\" rel=\"bookmark\">Die durchgehende Arbeitszeit<\/a><\/li>\r\n<li><a href=\"https:\/\/blogs.sub.uni-hamburg.de\/bergedorf\/?p=7568\" rel=\"bookmark\">Die Not des Studenten Noth<\/a><\/li>\r\n<li><a href=\"https:\/\/blogs.sub.uni-hamburg.de\/bergedorf\/?p=7538\" rel=\"bookmark\">Von Haus-Gasometer und Telefonvermittlung<\/a><\/li><\/ul>\n<\/div>\n<p>Der Krieg war zu Ende, der Kaiser war weg, die Neuordnung hatte begonnen, aber es blieben Probleme genug. Wie ging es weiter im Raum Bergedorf?<\/p>\n<p>In <a href=\"https:\/\/blogs.sub.uni-hamburg.de\/bergedorf\/?page_id=908\">Bergedorf 1914<\/a>, <a href=\"https:\/\/blogs.sub.uni-hamburg.de\/bergedorf\/?page_id=1424\">Bergedorf 1915<\/a>, <a href=\"https:\/\/blogs.sub.uni-hamburg.de\/bergedorf\/?page_id=2169\">Bergedorf 1916<\/a>, <a href=\"https:\/\/blogs.sub.uni-hamburg.de\/bergedorf\/?page_id=3374\">Bergedorf 1917<\/a> und <a href=\"https:\/\/blogs.sub.uni-hamburg.de\/bergedorf\/?page_id=4640\">Bergedorf 1918<\/a> wurde anhand ausgew\u00e4hlter Artikel gezeigt, wie sich das Leben in Bergedorf durch den Krieg \u00e4nderte. Diese Rubriken wurden entsprechend f\u00fcr die unmittelbare Nachkriegszeit, das <a href=\"https:\/\/blogs.sub.uni-hamburg.de\/bergedorf\/?page_id=6074\">Jahr 1919<\/a>, und werden hier nun f\u00fcr das Jahr 1920 im Wochenrhythmus fortgef\u00fchrt.<\/p>\n","protected":false},"excerpt":{"rendered":"<p>Artikel zu Bergedorf 1920 Die Liste wird fortlaufend aktualisiert: Der Krieg war zu Ende, der Kaiser war weg, die Neuordnung hatte begonnen, aber es blieben Probleme genug. Wie ging es weiter im Raum Bergedorf? In Bergedorf 1914, Bergedorf 1915, Bergedorf &hellip; <a href=\"https:\/\/blogs.sub.uni-hamburg.de\/bergedorf\/?p=7538\">Weiterlesen <span class=\"meta-nav\">&rarr;<\/span><\/a><\/p>\n","protected":false},"author":2,"featured_media":0,"parent":0,"menu_order":0,"comment_status":"closed","ping_status":"closed","template":"","meta":{"footnotes":""},"class_list":["post-7514","page","type-page","status-publish","hentry"],"jetpack_sharing_enabled":true,"_links":{"self":[{"href":"https:\/\/blogs.sub.uni-hamburg.de\/bergedorf\/index.php?rest_route=\/wp\/v2\/pages\/7514","targetHints":{"allow":["GET"]}}],"collection":[{"href":"https:\/\/blogs.sub.uni-hamburg.de\/bergedorf\/index.php?rest_route=\/wp\/v2\/pages"}],"about":[{"href":"https:\/\/blogs.sub.uni-hamburg.de\/bergedorf\/index.php?rest_route=\/wp\/v2\/types\/page"}],"author":[{"embeddable":true,"href":"https:\/\/blogs.sub.uni-hamburg.de\/bergedorf\/index.php?rest_route=\/wp\/v2\/users\/2"}],"replies":[{"embeddable":true,"href":"https:\/\/blogs.sub.uni-hamburg.de\/bergedorf\/index.php?rest_route=%2Fwp%2Fv2%2Fcomments&post=7514"}],"version-history":[{"count":5,"href":"https:\/\/blogs.sub.uni-hamburg.de\/bergedorf\/index.php?rest_route=\/wp\/v2\/pages\/7514\/revisions"}],"predecessor-version":[{"id":10978,"href":"https:\/\/blogs.sub.uni-hamburg.de\/bergedorf\/index.php?rest_route=\/wp\/v2\/pages\/7514\/revisions\/10978"}],"wp:attachment":[{"href":"https:\/\/blogs.sub.uni-hamburg.de\/bergedorf\/index.php?rest_route=%2Fwp%2Fv2%2Fmedia&parent=7514"}],"curies":[{"name":"wp","href":"https:\/\/api.w.org\/{rel}","templated":true}]}}