{"id":51,"date":"2012-12-03T15:01:28","date_gmt":"2012-12-03T14:01:28","guid":{"rendered":"http:\/\/blogs.sub.uni-hamburg.de\/bergedorf\/?page_id=51"},"modified":"2021-12-20T15:14:03","modified_gmt":"2021-12-20T14:14:03","slug":"startseite","status":"publish","type":"page","link":"https:\/\/blogs.sub.uni-hamburg.de\/bergedorf\/","title":{"rendered":"Historische Betrachtungen anhand von Quellen der SUB HH"},"content":{"rendered":"<p><div id=\"attachment_105\" style=\"width: 310px\" class=\"wp-caption alignright\"><a href=\"https:\/\/blogs.sub.uni-hamburg.de\/bergedorf\/?page_id=2\"><img loading=\"lazy\" decoding=\"async\" aria-describedby=\"caption-attachment-105\" src=\"https:\/\/blogs.sub.uni-hamburg.de\/bergedorf\/wp-content\/uploads\/2012\/12\/karte1875-300.jpg\" alt=\"Karte der Stadt Bergedorf. Nach der Vermessung des Inspector D. A. Schuback im Jahre 1871 herausgegeben von der Bau-Deputation, Hamburg 1875 (in den Texten bezeichnet als \u201eKarte von 1875\u201c)\" title=\"Karte der Stadt Bergedorf. Nach der Vermessung des Inspector D. A. Schuback im Jahre 1871 herausgegeben von der Bau-Deputation, Hamburg 1875 (in den Texten bezeichnet als \u201eKarte von 1875\u201c)\" width=\"300\" height=\"190\" class=\"size-full wp-image-105\" \/><\/a><p id=\"caption-attachment-105\" class=\"wp-caption-text\">Karte der Stadt Bergedorf. Nach der Vermessung des Inspector D. A. Schuback im Jahre 1871 herausgegeben von der Bau-Deputation, Hamburg 1875 (in den Texten bezeichnet als \u201eKarte von 1875\u201c)<\/p><\/div> Ob Karten, Pl\u00e4ne, Zeitungen oder B\u00fccher \u2013 die Staats- und Universit\u00e4tsbibliothek Hamburg verf\u00fcgt \u00fcber einen gro\u00dfen Fundus an Bergedorf-Materialien, vieles davon in den \u201e<a href=\"http:\/\/digitalisate.sub.uni-hamburg.de\/\">Digitalisierten Best\u00e4nden<\/a>\u201c online zug\u00e4nglich. Das Bergedorf-Blog nutzt diese Vielfalt, um Blicke in die Geschichte der \u201eLandherrenschaft Bergedorf\u201c zu bieten.<\/p>\n<p>Der Einstieg kann \u00fcber zwei historische Karten erfolgen \u2013 die F\u00e4hnchen f\u00fchren direkt zu 25 Stationen der \u00f6rtlichen Geschichte des 19. und 20. Jahrhunderts. <\/p>\n<p>F\u00fcr die Zeit ab Juni 1914 versucht das Blog in w\u00f6chentlichen Beitr\u00e4gen aufzuzeigen, was das Leben der Menschen in der Stadt Bergedorf und umliegenden Gemeinden beeinflusste, wobei sich Wichtiges, Unwichtiges, auch Absonderliches und sehr gelegentlich eher Komisches mischen. Die Grundlage bilden in aller Regel Berichte der \u201eBergedorfer Zeitung\u201c vor jeweils einhundert Jahren, oft erl\u00e4utert und erg\u00e4nzt mit Abbildungen, Links und Literaturangaben, die zum Weiterst\u00f6bern anregen.<\/p>\n<div id=\"attachment_107\" style=\"width: 310px\" class=\"wp-caption alignleft\"><a href=\"https:\/\/blogs.sub.uni-hamburg.de\/bergedorf\/?page_id=103\"><img loading=\"lazy\" decoding=\"async\" aria-describedby=\"caption-attachment-107\" src=\"https:\/\/blogs.sub.uni-hamburg.de\/bergedorf\/wp-content\/uploads\/2012\/12\/karte1904-300.jpg\" alt=\"Plan der Stadt Bergedorf. Aufgrund amtlicher Unterlagen herausgegeben vom Verein f\u00fcr Fremdenverkehr in Bergedorf, Hamburg 1904 (in den Texten bezeichnet als \u201eKarte von 1904\u201c; Ma\u00dfstab ist entgegen dem Aufdruck 1:4.400, die Nordung ist nicht ganz korrekt.)\" title=\"Plan der Stadt Bergedorf. Aufgrund amtlicher Unterlagen herausgegeben vom Verein f\u00fcr Fremdenverkehr in Bergedorf, Hamburg 1904 (in den Texten bezeichnet als \u201eKarte von 1904\u201c; Ma\u00dfstab ist entgegen dem Aufdruck 1:4.400, die Nordung ist nicht ganz korrekt.)\" width=\"300\" height=\"253\" class=\"size-full wp-image-107\" \/><\/a><p id=\"caption-attachment-107\" class=\"wp-caption-text\">Plan der Stadt Bergedorf. Aufgr. amtlicher Unterlagen herausgegeben vom Verein f\u00fcr Fremdenverkehr in Bergedorf, Hamburg 1904 (in den Texten bez. als \u201eKarte von 1904\u201c; Ma\u00dfstab ist entgegen dem Aufdruck 1:4.400, die Nordung ist nicht ganz korrekt.)<\/p><\/div>\n<p>Ihre <a href=\"mailto:bergedorfblog@sub.uni-hamburg.de\">Kommentare<\/a> sind herzlich willkommen \u2013 sprechen Sie uns auch gern an, wenn Sie urheberrechtsfreie Fotos oder Abbildungen haben und in das Blog-Angebot einbringen m\u00f6chten!<\/p>\n<p>Manches von dem, was diese Ansichtskarte (s. Abbildung unten) aus dem fr\u00fchen 20. Jahrhundert zeigt, finden Sie auf den einzelnen Blog-Seiten wieder, dort dann gr\u00f6\u00dfer und ausf\u00fchrlicher. <\/p>\n<p><a href=\"https:\/\/blogs.sub.uni-hamburg.de\/bergedorf\/wp-content\/uploads\/2012\/12\/Berg_12_Kleinmotive_Blog_hq.jpg\"><img loading=\"lazy\" decoding=\"async\" src=\"https:\/\/blogs.sub.uni-hamburg.de\/bergedorf\/wp-content\/uploads\/2012\/12\/Berg_12_Kleinmotive_Blog-640.jpg\" alt=\"Postkarte Bergedorf\" title=\"Postkarte Bergedorf\" width=\"640\" height=\"418\" class=\"alignnone size-full wp-image-168\" srcset=\"https:\/\/blogs.sub.uni-hamburg.de\/bergedorf\/wp-content\/uploads\/2012\/12\/Berg_12_Kleinmotive_Blog-640.jpg 640w, https:\/\/blogs.sub.uni-hamburg.de\/bergedorf\/wp-content\/uploads\/2012\/12\/Berg_12_Kleinmotive_Blog-640-300x195.jpg 300w\" sizes=\"auto, (max-width: 640px) 100vw, 640px\" \/><\/a><\/p>\n","protected":false},"excerpt":{"rendered":"<p>Ob Karten, Pl\u00e4ne, Zeitungen oder B\u00fccher \u2013 die Staats- und Universit\u00e4tsbibliothek Hamburg verf\u00fcgt \u00fcber einen gro\u00dfen Fundus an Bergedorf-Materialien, vieles davon in den \u201eDigitalisierten Best\u00e4nden\u201c online zug\u00e4nglich. Das Bergedorf-Blog nutzt diese Vielfalt, um Blicke in die Geschichte der \u201eLandherrenschaft Bergedorf\u201c &hellip; <a href=\"https:\/\/blogs.sub.uni-hamburg.de\/bergedorf\/\">Weiterlesen <span class=\"meta-nav\">&rarr;<\/span><\/a><\/p>\n","protected":false},"author":2,"featured_media":0,"parent":0,"menu_order":0,"comment_status":"closed","ping_status":"closed","template":"","meta":{"footnotes":""},"class_list":["post-51","page","type-page","status-publish","hentry"],"jetpack_sharing_enabled":true,"_links":{"self":[{"href":"https:\/\/blogs.sub.uni-hamburg.de\/bergedorf\/index.php?rest_route=\/wp\/v2\/pages\/51","targetHints":{"allow":["GET"]}}],"collection":[{"href":"https:\/\/blogs.sub.uni-hamburg.de\/bergedorf\/index.php?rest_route=\/wp\/v2\/pages"}],"about":[{"href":"https:\/\/blogs.sub.uni-hamburg.de\/bergedorf\/index.php?rest_route=\/wp\/v2\/types\/page"}],"author":[{"embeddable":true,"href":"https:\/\/blogs.sub.uni-hamburg.de\/bergedorf\/index.php?rest_route=\/wp\/v2\/users\/2"}],"replies":[{"embeddable":true,"href":"https:\/\/blogs.sub.uni-hamburg.de\/bergedorf\/index.php?rest_route=%2Fwp%2Fv2%2Fcomments&post=51"}],"version-history":[{"count":25,"href":"https:\/\/blogs.sub.uni-hamburg.de\/bergedorf\/index.php?rest_route=\/wp\/v2\/pages\/51\/revisions"}],"predecessor-version":[{"id":10840,"href":"https:\/\/blogs.sub.uni-hamburg.de\/bergedorf\/index.php?rest_route=\/wp\/v2\/pages\/51\/revisions\/10840"}],"wp:attachment":[{"href":"https:\/\/blogs.sub.uni-hamburg.de\/bergedorf\/index.php?rest_route=%2Fwp%2Fv2%2Fmedia&parent=51"}],"curies":[{"name":"wp","href":"https:\/\/api.w.org\/{rel}","templated":true}]}}