{"id":2169,"date":"2015-11-26T13:29:01","date_gmt":"2015-11-26T12:29:01","guid":{"rendered":"http:\/\/blogs.sub.uni-hamburg.de\/bergedorf\/?page_id=2169"},"modified":"2022-01-20T17:28:19","modified_gmt":"2022-01-20T16:28:19","slug":"bergedorf-1916","status":"publish","type":"page","link":"https:\/\/blogs.sub.uni-hamburg.de\/bergedorf\/?page_id=2169","title":{"rendered":"Bergedorf 1916"},"content":{"rendered":"<p><a href=\"https:\/\/blogs.sub.uni-hamburg.de\/bergedorf\/wp-content\/uploads\/2014\/05\/BZ50001-Kopf-BZ.jpg\"><img loading=\"lazy\" decoding=\"async\" src=\"https:\/\/blogs.sub.uni-hamburg.de\/bergedorf\/wp-content\/uploads\/2015\/11\/bergedorf1916-header.jpg\" style=\"margin-bottom: 25px;\" title=\"Bergedorfer Zeitung\" alt=\"Bergedorfer Zeitung\" width=\"640\" height=\"259\" class=\"alignnone size-full wp-image-2171\" srcset=\"https:\/\/blogs.sub.uni-hamburg.de\/bergedorf\/wp-content\/uploads\/2015\/11\/bergedorf1916-header.jpg 640w, https:\/\/blogs.sub.uni-hamburg.de\/bergedorf\/wp-content\/uploads\/2015\/11\/bergedorf1916-header-300x121.jpg 300w\" sizes=\"auto, (max-width: 640px) 100vw, 640px\" \/><\/a><\/p>\n<div style=\"float: right; width: 300px; padding: 20px; margin-left: 20px; margin-bottom: 25px; background-color: #ded7c5; border: 1px solid black;\">\n<h2>Artikel zu Bergedorf 1916<\/h2>\n<p>Die Liste wird fortlaufend aktualisiert:<\/p>\n<ul>\n<li><a href=\"https:\/\/blogs.sub.uni-hamburg.de\/bergedorf\/?p=3358\" rel=\"bookmark\">Die dritte Kriegsweihnacht: bei der Jugendkompagnie<\/a><\/li>\r\n<li><a href=\"https:\/\/blogs.sub.uni-hamburg.de\/bergedorf\/?p=3324\" rel=\"bookmark\">Die Morgen-, Abend- und Nachtbeleuchtung<\/a><\/li>\r\n<li><a href=\"https:\/\/blogs.sub.uni-hamburg.de\/bergedorf\/?p=3274\" rel=\"bookmark\">Neue Ratm\u00e4nner und Wahlen zur B\u00fcrgervertretung<\/a><\/li>\r\n<li><a href=\"https:\/\/blogs.sub.uni-hamburg.de\/bergedorf\/?p=3309\" rel=\"bookmark\">Bargeldlos zum siegreichen Kriegsende<\/a><\/li>\r\n<li><a href=\"https:\/\/blogs.sub.uni-hamburg.de\/bergedorf\/?p=3331\" rel=\"bookmark\">Was schenkt man blo\u00df zu Weihnachten?<\/a><\/li>\r\n<li><a href=\"https:\/\/blogs.sub.uni-hamburg.de\/bergedorf\/?p=3230\" rel=\"bookmark\">Granatendrehen und andere Kriegsarbeit in Bergedorf und Sande<\/a><\/li>\r\n<li><a href=\"https:\/\/blogs.sub.uni-hamburg.de\/bergedorf\/?p=3242\" rel=\"bookmark\">Die Sander Schriftstellerin Thea Kahle<\/a><\/li>\r\n<li><a href=\"https:\/\/blogs.sub.uni-hamburg.de\/bergedorf\/?p=3217\" rel=\"bookmark\">Kriegs-Weihnachtsb\u00e4ume und die Einzelkerze<\/a><\/li>\r\n<li><a href=\"https:\/\/blogs.sub.uni-hamburg.de\/bergedorf\/?p=3211\" rel=\"bookmark\">Die Fressordnung im Ersten Weltkrieg und die Einkommen in Bergedorf<\/a><\/li>\r\n<li><a href=\"https:\/\/blogs.sub.uni-hamburg.de\/bergedorf\/?p=3295\" rel=\"bookmark\">Die Frauen und der Vaterl\u00e4ndische Hilfsdienst<\/a><\/li>\r\n<li><a href=\"https:\/\/blogs.sub.uni-hamburg.de\/bergedorf\/?p=3200\" rel=\"bookmark\">Der unerm\u00fcdliche Frauenverein und die Kinderbetreuung in Bergedorf<\/a><\/li>\r\n<li><a href=\"https:\/\/blogs.sub.uni-hamburg.de\/bergedorf\/?p=3188\" rel=\"bookmark\">Von der Kriegsk\u00fcche zur Volksk\u00fcche<\/a><\/li>\r\n<li><a href=\"https:\/\/blogs.sub.uni-hamburg.de\/bergedorf\/?p=3177\" rel=\"bookmark\">Leichtgesch\u00fcrztes Theater in Sande<\/a><\/li>\r\n<li><a href=\"https:\/\/blogs.sub.uni-hamburg.de\/bergedorf\/?p=3171\" rel=\"bookmark\">Von Hausschweinen und Pensionsschweinen<\/a><\/li>\r\n<li><a href=\"https:\/\/blogs.sub.uni-hamburg.de\/bergedorf\/?p=3165\" rel=\"bookmark\">Die Jugendwehr und die M\u00e4dchen in Sande<\/a><\/li>\r\n<li><a href=\"https:\/\/blogs.sub.uni-hamburg.de\/bergedorf\/?p=3083\" rel=\"bookmark\">Teure Textilien oder Brennnesseln auf der Haut<\/a><\/li>\r\n<li><a href=\"https:\/\/blogs.sub.uni-hamburg.de\/bergedorf\/?p=3116\" rel=\"bookmark\">Kreativer Umgang mit H\u00f6chstpreisen<\/a><\/li>\r\n<li><a href=\"https:\/\/blogs.sub.uni-hamburg.de\/bergedorf\/?p=3106\" rel=\"bookmark\">Eine Plagiatsaff\u00e4re in Bergedorf<\/a><\/li>\r\n<li><a href=\"https:\/\/blogs.sub.uni-hamburg.de\/bergedorf\/?p=3070\" rel=\"bookmark\">Hansasch\u00fcler als Erntehelfer<\/a><\/li>\r\n<li><a href=\"https:\/\/blogs.sub.uni-hamburg.de\/bergedorf\/?p=3015\" rel=\"bookmark\">Schlechte Zeiten f\u00fcr Mineralwasser<\/a><\/li>\r\n<li><a href=\"https:\/\/blogs.sub.uni-hamburg.de\/bergedorf\/?p=3043\" rel=\"bookmark\">Die 650. (und letzte) Verlustliste<\/a><\/li>\r\n<li><a href=\"https:\/\/blogs.sub.uni-hamburg.de\/bergedorf\/?p=3031\" rel=\"bookmark\">Erst Freude, dann Trauer bei Bergedorfs Guttemplern<\/a><\/li>\r\n<li><a href=\"https:\/\/blogs.sub.uni-hamburg.de\/bergedorf\/?p=3024\" rel=\"bookmark\">Brot ohne Gips, kein Poddern in der Gose-Elbe<\/a><\/li>\r\n<li><a href=\"https:\/\/blogs.sub.uni-hamburg.de\/bergedorf\/?p=2980\" rel=\"bookmark\">Kaffeeersatz, Fisch auf die Hand und 65.000 Zentner Kartoffeln<\/a><\/li>\r\n<li><a href=\"https:\/\/blogs.sub.uni-hamburg.de\/bergedorf\/?p=2950\" rel=\"bookmark\">Kyrillische Schrift, S\u00fctterlin und Geheimschrift<\/a><\/li>\r\n<li><a href=\"https:\/\/blogs.sub.uni-hamburg.de\/bergedorf\/?p=2920\" rel=\"bookmark\">Zwischen Spaltung und Burgfrieden: die SPD in Geesthacht, Sande und Bergedorf<\/a><\/li>\r\n<li><a href=\"https:\/\/blogs.sub.uni-hamburg.de\/bergedorf\/?p=2944\" rel=\"bookmark\">Wallensteins Lager und die Kient\u00f6pperei<\/a><\/li>\r\n<li><a href=\"https:\/\/blogs.sub.uni-hamburg.de\/bergedorf\/?p=2896\" rel=\"bookmark\">Die selbstkassierende Sprechstelle<\/a><\/li>\r\n<li><a href=\"https:\/\/blogs.sub.uni-hamburg.de\/bergedorf\/?p=2885\" rel=\"bookmark\">Gold gab ich f\u00fcr Papiergeld \u2026<\/a><\/li>\r\n<li><a href=\"https:\/\/blogs.sub.uni-hamburg.de\/bergedorf\/?p=2855\" rel=\"bookmark\">Keine Polon\u00e4se mehr in Bergedorf?<\/a><\/li>\r\n<li><a href=\"https:\/\/blogs.sub.uni-hamburg.de\/bergedorf\/?p=2870\" rel=\"bookmark\">Jugend unter Kontrolle<\/a><\/li>\r\n<li><a href=\"https:\/\/blogs.sub.uni-hamburg.de\/bergedorf\/?p=2847\" rel=\"bookmark\">Wanderflegel<\/a><\/li>\r\n<li><a href=\"https:\/\/blogs.sub.uni-hamburg.de\/bergedorf\/?p=2835\" rel=\"bookmark\">Kein Lazarett in Bergedorf<\/a><\/li>\r\n<li><a href=\"https:\/\/blogs.sub.uni-hamburg.de\/bergedorf\/?p=2799\" rel=\"bookmark\">\u201eDas dritte Jahr des Weltkrieges hat begonnen\u201c<\/a><\/li>\r\n<li><a href=\"https:\/\/blogs.sub.uni-hamburg.de\/bergedorf\/?p=2807\" rel=\"bookmark\">Ein Anzug f\u00fcr die Jugendwehr und die Bezugsscheine f\u00fcr Textilien<\/a><\/li>\r\n<li><a href=\"https:\/\/blogs.sub.uni-hamburg.de\/bergedorf\/?p=2788\" rel=\"bookmark\">Die Ferienkolonie in den Sander Tannen<\/a><\/li>\r\n<li><a href=\"https:\/\/blogs.sub.uni-hamburg.de\/bergedorf\/?p=2782\" rel=\"bookmark\">Die BGE und die (fast) geheime Kr\u00fcmmel-Bahn<\/a><\/li>\r\n<li><a href=\"https:\/\/blogs.sub.uni-hamburg.de\/bergedorf\/?p=2752\" rel=\"bookmark\">St\u00e4dtische Schweine in der alten Ziegelei<\/a><\/li>\r\n<li><a href=\"https:\/\/blogs.sub.uni-hamburg.de\/bergedorf\/?p=2743\" rel=\"bookmark\">Walli will weg \u2013 der B\u00fcrgermeister geht<\/a><\/li>\r\n<li><a href=\"https:\/\/blogs.sub.uni-hamburg.de\/bergedorf\/?p=2640\" rel=\"bookmark\">Altmaterial und Nervennahrung<\/a><\/li>\r\n<li><a href=\"https:\/\/blogs.sub.uni-hamburg.de\/bergedorf\/?p=2693\" rel=\"bookmark\">Ochsenwerders alte Akten und die Herrenbracks<\/a><\/li>\r\n<li><a href=\"https:\/\/blogs.sub.uni-hamburg.de\/bergedorf\/?p=2682\" rel=\"bookmark\">Ein besch\u00e4mendes Bild junger Bergedorferinnen<\/a><\/li>\r\n<li><a href=\"https:\/\/blogs.sub.uni-hamburg.de\/bergedorf\/?p=2674\" rel=\"bookmark\">Kommunalpolitik 1916: Hohler Weg und weniger Ratm\u00e4nner<\/a><\/li>\r\n<li><a href=\"https:\/\/blogs.sub.uni-hamburg.de\/bergedorf\/?p=2625\" rel=\"bookmark\">Himmelfahrt ohne Schinken und Schnaps<\/a><\/li>\r\n<li><a href=\"https:\/\/blogs.sub.uni-hamburg.de\/bergedorf\/?p=2668\" rel=\"bookmark\">Die Fortbildungsschule Bergedorf<\/a><\/li>\r\n<li><a href=\"https:\/\/blogs.sub.uni-hamburg.de\/bergedorf\/?p=2607\" rel=\"bookmark\">Tabuthema Geschlechtskrankheiten<\/a><\/li>\r\n<li><a href=\"https:\/\/blogs.sub.uni-hamburg.de\/bergedorf\/?p=2617\" rel=\"bookmark\">Kein Radrennen<\/a><\/li>\r\n<li><a href=\"https:\/\/blogs.sub.uni-hamburg.de\/bergedorf\/?p=2570\" rel=\"bookmark\">Explodierende Gewinne<\/a><\/li>\r\n<li><a href=\"https:\/\/blogs.sub.uni-hamburg.de\/bergedorf\/?p=2589\" rel=\"bookmark\">Kartenlegen im Belagerungszustand \u2013 und wo blieb das f\u00fcnfte Kaninchen?<\/a><\/li>\r\n<li><a href=\"https:\/\/blogs.sub.uni-hamburg.de\/bergedorf\/?p=2598\" rel=\"bookmark\">Morgensuppe und Beh\u00f6rdenschelte<\/a><\/li>\r\n<li><a href=\"https:\/\/blogs.sub.uni-hamburg.de\/bergedorf\/?p=2562\" rel=\"bookmark\">Die Brandschau in Sande<\/a><\/li>\r\n<li><a href=\"https:\/\/blogs.sub.uni-hamburg.de\/bergedorf\/?p=2552\" rel=\"bookmark\">Kleinkriminalit\u00e4t im Krieg<\/a><\/li>\r\n<li><a href=\"https:\/\/blogs.sub.uni-hamburg.de\/bergedorf\/?p=2542\" rel=\"bookmark\">Kein Zucker f\u00fcr Rhabarber<\/a><\/li>\r\n<li><a href=\"https:\/\/blogs.sub.uni-hamburg.de\/bergedorf\/?p=2530\" rel=\"bookmark\">Seife auf Brotkarte<\/a><\/li>\r\n<li><a href=\"https:\/\/blogs.sub.uni-hamburg.de\/bergedorf\/?p=2263\" rel=\"bookmark\">Das Schicksal eines einzelnen Soldaten und seiner Familie<\/a><\/li>\r\n<li><a href=\"https:\/\/blogs.sub.uni-hamburg.de\/bergedorf\/?p=2468\" rel=\"bookmark\">Schulkinder und Sonnenblumen im Dienst der guten Sache<\/a><\/li>\r\n<li><a href=\"https:\/\/blogs.sub.uni-hamburg.de\/bergedorf\/?p=2519\" rel=\"bookmark\">Ruhe und Ordnung beim Butterverkauf!<\/a><\/li>\r\n<li><a href=\"https:\/\/blogs.sub.uni-hamburg.de\/bergedorf\/?p=2455\" rel=\"bookmark\">Heiratsmarkt und Arbeitsmarkt<\/a><\/li>\r\n<li><a href=\"https:\/\/blogs.sub.uni-hamburg.de\/bergedorf\/?p=2449\" rel=\"bookmark\">Fahrrad gut, Auto schlecht<\/a><\/li>\r\n<li><a href=\"https:\/\/blogs.sub.uni-hamburg.de\/bergedorf\/?p=2428\" rel=\"bookmark\">T\u00f6richte Auffassungen einf\u00e4ltiger Leute<\/a><\/li>\r\n<li><a href=\"https:\/\/blogs.sub.uni-hamburg.de\/bergedorf\/?p=2401\" rel=\"bookmark\">Von Delikatessenklausel, Passionsgottesdienst und Kriegsanleihe<\/a><\/li>\r\n<li><a href=\"https:\/\/blogs.sub.uni-hamburg.de\/bergedorf\/?p=2393\" rel=\"bookmark\">Kein Homer-H\u00fct-Laufen im Krieg<\/a><\/li>\r\n<li><a href=\"https:\/\/blogs.sub.uni-hamburg.de\/bergedorf\/?p=2382\" rel=\"bookmark\">Laue Gewerkschafter in Geesthacht<\/a><\/li>\r\n<li><a href=\"https:\/\/blogs.sub.uni-hamburg.de\/bergedorf\/?p=2345\" rel=\"bookmark\">Hunde sind Mitesser!<\/a><\/li>\r\n<li><a href=\"https:\/\/blogs.sub.uni-hamburg.de\/bergedorf\/?p=2362\" rel=\"bookmark\">Die Erweiterung des Krankenhauses<\/a><\/li>\r\n<li><a href=\"https:\/\/blogs.sub.uni-hamburg.de\/bergedorf\/?p=2376\" rel=\"bookmark\">Eine Protestkundgebung bei B\u00fcrgermeister Walli<\/a><\/li>\r\n<li><a href=\"https:\/\/blogs.sub.uni-hamburg.de\/bergedorf\/?p=2335\" rel=\"bookmark\">Szenen beim Butterverkauf<\/a><\/li>\r\n<li><a href=\"https:\/\/blogs.sub.uni-hamburg.de\/bergedorf\/?p=2326\" rel=\"bookmark\">Die Arbeiterz\u00fcge der Bergedorf-Geesthachter Eisenbahn<\/a><\/li>\r\n<li><a href=\"https:\/\/blogs.sub.uni-hamburg.de\/bergedorf\/?p=2314\" rel=\"bookmark\">Verhalten bei Luftangriffen<\/a><\/li>\r\n<li><a href=\"https:\/\/blogs.sub.uni-hamburg.de\/bergedorf\/?p=2288\" rel=\"bookmark\">Geesthachts Lebensnerv: Die Pulverfabrik D\u00fcneberg<\/a><\/li>\r\n<li><a href=\"https:\/\/blogs.sub.uni-hamburg.de\/bergedorf\/?p=2243\" rel=\"bookmark\">Zu Kaisers Geburtstag: die Hindenburgspende<\/a><\/li>\r\n<li><a href=\"https:\/\/blogs.sub.uni-hamburg.de\/bergedorf\/?p=2208\" rel=\"bookmark\">Bergedorfs Stadtparlament: von Friedhofskapelle und verschwundenem Speck<\/a><\/li>\r\n<li><a href=\"https:\/\/blogs.sub.uni-hamburg.de\/bergedorf\/?p=2228\" rel=\"bookmark\">Gestempelte Brieftauben<\/a><\/li>\r\n<li><a href=\"https:\/\/blogs.sub.uni-hamburg.de\/bergedorf\/?p=2221\" rel=\"bookmark\">Von Schiffs- und Zug- und anderen Hunden<\/a><\/li>\r\n<li><a href=\"https:\/\/blogs.sub.uni-hamburg.de\/bergedorf\/?p=2235\" rel=\"bookmark\">Pappe statt Kupfer \u2013 das Schloss wird gepl\u00fcndert<\/a><\/li>\r\n<li><a href=\"https:\/\/blogs.sub.uni-hamburg.de\/bergedorf\/?p=2198\" rel=\"bookmark\">Karriere als Kaufmann<\/a><\/li>\n<\/ul>\n<\/div>\n<p>Bergedorf war im Ersten Weltkrieg kein Kriegsschauplatz \u2013 Gott sei Dank. Der ferne Krieg war dennoch ganz nah und im Leben jedes einzelnen sp\u00fcrbar.<\/p>\n<p>Bereits in <a href=\"https:\/\/blogs.sub.uni-hamburg.de\/bergedorf\/?page_id=908\">Bergedorf 1914<\/a> und <a href=\"https:\/\/blogs.sub.uni-hamburg.de\/bergedorf\/?page_id=1424\">Bergedorf 1915<\/a> wurde anhand ausgew\u00e4hlter Artikel gezeigt, wie sich das Leben in Bergedorf durch den Krieg \u00e4nderte. Diese Rubriken werden hier entsprechend f\u00fcr das Jahr 1916 im Wochenrhythmus fortgef\u00fchrt.<\/p>\n","protected":false},"excerpt":{"rendered":"<p>Artikel zu Bergedorf 1916 Die Liste wird fortlaufend aktualisiert: Bergedorf war im Ersten Weltkrieg kein Kriegsschauplatz \u2013 Gott sei Dank. Der ferne Krieg war dennoch ganz nah und im Leben jedes einzelnen sp\u00fcrbar. Bereits in Bergedorf 1914 und Bergedorf 1915 &hellip; <a href=\"https:\/\/blogs.sub.uni-hamburg.de\/bergedorf\/?p=2198\">Weiterlesen <span class=\"meta-nav\">&rarr;<\/span><\/a><\/p>\n","protected":false},"author":2,"featured_media":0,"parent":0,"menu_order":0,"comment_status":"closed","ping_status":"closed","template":"","meta":{"footnotes":""},"class_list":["post-2169","page","type-page","status-publish","hentry"],"jetpack_sharing_enabled":true,"_links":{"self":[{"href":"https:\/\/blogs.sub.uni-hamburg.de\/bergedorf\/index.php?rest_route=\/wp\/v2\/pages\/2169","targetHints":{"allow":["GET"]}}],"collection":[{"href":"https:\/\/blogs.sub.uni-hamburg.de\/bergedorf\/index.php?rest_route=\/wp\/v2\/pages"}],"about":[{"href":"https:\/\/blogs.sub.uni-hamburg.de\/bergedorf\/index.php?rest_route=\/wp\/v2\/types\/page"}],"author":[{"embeddable":true,"href":"https:\/\/blogs.sub.uni-hamburg.de\/bergedorf\/index.php?rest_route=\/wp\/v2\/users\/2"}],"replies":[{"embeddable":true,"href":"https:\/\/blogs.sub.uni-hamburg.de\/bergedorf\/index.php?rest_route=%2Fwp%2Fv2%2Fcomments&post=2169"}],"version-history":[{"count":19,"href":"https:\/\/blogs.sub.uni-hamburg.de\/bergedorf\/index.php?rest_route=\/wp\/v2\/pages\/2169\/revisions"}],"predecessor-version":[{"id":10982,"href":"https:\/\/blogs.sub.uni-hamburg.de\/bergedorf\/index.php?rest_route=\/wp\/v2\/pages\/2169\/revisions\/10982"}],"wp:attachment":[{"href":"https:\/\/blogs.sub.uni-hamburg.de\/bergedorf\/index.php?rest_route=%2Fwp%2Fv2%2Fmedia&parent=2169"}],"curies":[{"name":"wp","href":"https:\/\/api.w.org\/{rel}","templated":true}]}}