{"id":2,"date":"2012-11-13T07:54:00","date_gmt":"2012-11-13T07:54:00","guid":{"rendered":"http:\/\/blogs.sub.uni-hamburg.de\/bergedorf\/?page_id=2"},"modified":"2013-06-24T11:13:53","modified_gmt":"2013-06-24T09:13:53","slug":"sample-page","status":"publish","type":"page","link":"https:\/\/blogs.sub.uni-hamburg.de\/bergedorf\/?page_id=2","title":{"rendered":"Karte 1875"},"content":{"rendered":"<map name=\"Map\">\n<area shape=\"rect\" coords=\"186,99,201,123\" href=\"https:\/\/blogs.sub.uni-hamburg.de\/bergedorf\/?p=138\" title=\"Sande \u2013 Bergedorfs engster, aber wenig geliebter Nachbar\" >\n<area shape=\"rect\" coords=\"215,100,231,125\" href=\"https:\/\/blogs.sub.uni-hamburg.de\/bergedorf\/?p=131\" title=\"Das 'Bergedorfer Eisenwerk' im preu\u00dfischen Sande\">\n<area shape=\"rect\" coords=\"280,40,296,66\" href=\"https:\/\/blogs.sub.uni-hamburg.de\/bergedorf\/?p=74\" title=\"Friedrich Chrysander \u2013 Ein Forscher, Drucker und G\u00e4rtner an der Brauerstra\u00dfe\">\n<area shape=\"rect\" coords=\"122,237,138,266\" href=\"https:\/\/blogs.sub.uni-hamburg.de\/bergedorf\/?p=192\" title=\"Der Kamp \u2013 Bergedorfs Industiegebiet\">\n<area shape=\"rect\" coords=\"322,53,340,80\" href=\"https:\/\/blogs.sub.uni-hamburg.de\/bergedorf\/?p=176\" title=\"Bier f\u00fcr die Welt\">\n<area shape=\"rect\" coords=\"384,87,402,116\" href=\"https:\/\/blogs.sub.uni-hamburg.de\/bergedorf\/?p=150\" title=\"Das Schie\u00dfthal\">\n<area shape=\"rect\" coords=\"399,125,418,158\" href=\"https:\/\/blogs.sub.uni-hamburg.de\/bergedorf\/?p=57\" title=\"Bellevue \u2013 ein Hotel auf der H\u00f6he\">\n<area shape=\"rect\" coords=\"333,133,351,164\" href=\"https:\/\/blogs.sub.uni-hamburg.de\/bergedorf\/?p=134\" title=\"Das Villenviertel\">\n<area shape=\"rect\" coords=\"421,288,440,320\" href=\"https:\/\/blogs.sub.uni-hamburg.de\/bergedorf\/?p=158\" title=\"Der Israelitische Begr&auml;bnisplatz\">\n<area shape=\"rect\" coords=\"389,296,408,329\" href=\"https:\/\/blogs.sub.uni-hamburg.de\/bergedorf\/?p=30\" title=\"Der Brunnen an der Brunnenstra\u00dfe\">\n<area shape=\"rect\" coords=\"341,229,361,258\" href=\"https:\/\/blogs.sub.uni-hamburg.de\/bergedorf\/?p=140\" title=\"Das erste Krankenhaus\">\n<area shape=\"rect\" coords=\"288,181,304,210\" href=\"https:\/\/blogs.sub.uni-hamburg.de\/bergedorf\/?p=161\" title=\"Die Kirche St. Marien\">\n<area shape=\"rect\" coords=\"265,189,281,210\" href=\"https:\/\/blogs.sub.uni-hamburg.de\/bergedorf\/?p=1\" title=\"Der Blickgraben \u2013 vom Stadtgraben zum hygienischen Problem\">\n<area shape=\"rect\" coords=\"335,194,353,224\" href=\"https:\/\/blogs.sub.uni-hamburg.de\/bergedorf\/?p=190\" title=\"Der Prinz von Bergedorf und seine Residenz\">\n<area shape=\"rect\" coords=\"261,153,276,183\" href=\"https:\/\/blogs.sub.uni-hamburg.de\/bergedorf\/?p=180\" title=\"Das Schloss und sein Park\">\n<area shape=\"rect\" coords=\"248,163,261,188\" href=\"https:\/\/blogs.sub.uni-hamburg.de\/bergedorf\/?p=182\" title=\"Das Schloss und seine Nutzungen\">\n<area shape=\"rect\" coords=\"248,141,261,163\" href=\"https:\/\/blogs.sub.uni-hamburg.de\/bergedorf\/?p=184\" title=\"Das Schloss und der Einzug der Neogotik\">\n<area shape=\"rect\" coords=\"235,172,248,201\" href=\"https:\/\/blogs.sub.uni-hamburg.de\/bergedorf\/?p=178\" title=\"Die Kirche St. Petri und Pauli\">\n<area shape=\"rect\" coords=\"223,151,236,182\" href=\"https:\/\/blogs.sub.uni-hamburg.de\/bergedorf\/?p=194\" title=\"Die Insel am M&uuml;hlendamm (Holstenstra&szlig;e) und der Verkehr\">\n<area shape=\"rect\" coords=\"211,168,224,195\" href=\"https:\/\/blogs.sub.uni-hamburg.de\/bergedorf\/?p=173\" title=\"Der neue Hafen am Serrahn\">\n<area shape=\"rect\" coords=\"272,214,287,242\" href=\"https:\/\/blogs.sub.uni-hamburg.de\/bergedorf\/?p=198\" title=\"Colosseum\">\n<area shape=\"rect\" coords=\"264,238,276,266\" href=\"https:\/\/blogs.sub.uni-hamburg.de\/bergedorf\/?p=200\" title=\"Portici\">\n<area shape=\"rect\" coords=\"232,249,245,275\" href=\"https:\/\/blogs.sub.uni-hamburg.de\/bergedorf\/?p=202\" title=\"Frascati\">\n<area shape=\"rect\" coords=\"252,236,264,258\" href=\"https:\/\/blogs.sub.uni-hamburg.de\/bergedorf\/?p=196\" title=\"Das &bdquo;Italienische Viertel&ldquo; und Alexis de Chateauneuf\">\n<area shape=\"poly\" coords=\"262,239,259,218,274,218,261,238,272,233\" href=\"https:\/\/blogs.sub.uni-hamburg.de\/bergedorf\/?p=48\" title=\"Neue Stra&szlig;e &ndash; Die &bdquo;Keimzelle&ldquo; der Dr&auml;gerwerke\">\n<\/map>\n<p><img loading=\"lazy\" decoding=\"async\" src=\"https:\/\/blogs.sub.uni-hamburg.de\/bergedorf\/wp-content\/uploads\/2012\/12\/karte-bergedorf1875-640.jpg\" alt=\"Karte der Stadt Bergedorf. 1875\" title=\"Karte der Stadt Bergedorf. 1875\" width=\"640\" height=\"405\" class=\"alignnone size-full wp-image-123\" usemap=\"#Map\" \/><\/p>\n<p>Per Klick auf die F\u00e4hnchen in obiger Karte gelangen Sie zum jeweiligen Blogartikel.<br \/>\nOriginal im Ma\u00dfstab 1:4.000, reprod. im Ma\u00dfstab 1:5.000:<br \/>\n<a href=\"http:\/\/resolver.sub.uni-hamburg.de\/goobi\/PPN735422826\">Karte der Stadt Bergedorf 1875<\/a> (dort zoombare Karte und Download als PDF). <\/p>\n<p><a href=\"https:\/\/blogs.sub.uni-hamburg.de\/bergedorf\/wp-content\/uploads\/2012\/12\/karte1875-7000.jpg\"> <img loading=\"lazy\" decoding=\"async\" src=\"https:\/\/blogs.sub.uni-hamburg.de\/bergedorf\/wp-content\/uploads\/2012\/11\/karte-fahnen-1875-gr.jpg\" alt=\"Karte Bergedorf 1875 - in sehr gro\u00dfer Aufl\u00f6sung\" title=\"Karte Bergedorf 1875 - in sehr gro\u00dfer Aufl\u00f6sung\" width=\"250\" height=\"242\" style=\"float: right; padding-right:0px; margin-left:25px;\"  \/><\/a> <strong>Karte von 1875 in gro\u00dfer Aufl\u00f6sung<\/strong> <\/p>\n<p>Um sich in die Karte in sehr gro\u00dfer Aufl\u00f6sung hinein zu zoomen, k\u00f6nnen Sie <a href=\"https:\/\/blogs.sub.uni-hamburg.de\/bergedorf\/wp-content\/uploads\/2012\/12\/karte1875-7000.jpg\">diese Version<\/a> aufrufen. Bitte beachten Sie, dass es sich dabei um eine sehr gro\u00dfe Datei (6,5 MByte) handelt.<\/p>\n<p>Bei Interesse an einer Reproduktion wenden Sie sich bitte an <a href=\"mailto:bergedorfblog@sub.uni-hamburg.de\">bergedorfblog@sub.uni-hamburg.de<\/a>.<\/p>\n","protected":false},"excerpt":{"rendered":"<p>Per Klick auf die F\u00e4hnchen in obiger Karte gelangen Sie zum jeweiligen Blogartikel. Original im Ma\u00dfstab 1:4.000, reprod. im Ma\u00dfstab 1:5.000: Karte der Stadt Bergedorf 1875 (dort zoombare Karte und Download als PDF). Karte von 1875 in gro\u00dfer Aufl\u00f6sung Um &hellip; <a href=\"https:\/\/blogs.sub.uni-hamburg.de\/bergedorf\/?page_id=2\">Weiterlesen <span class=\"meta-nav\">&rarr;<\/span><\/a><\/p>\n","protected":false},"author":1,"featured_media":0,"parent":0,"menu_order":0,"comment_status":"closed","ping_status":"closed","template":"","meta":{"footnotes":""},"class_list":["post-2","page","type-page","status-publish","hentry"],"jetpack_sharing_enabled":true,"_links":{"self":[{"href":"https:\/\/blogs.sub.uni-hamburg.de\/bergedorf\/index.php?rest_route=\/wp\/v2\/pages\/2","targetHints":{"allow":["GET"]}}],"collection":[{"href":"https:\/\/blogs.sub.uni-hamburg.de\/bergedorf\/index.php?rest_route=\/wp\/v2\/pages"}],"about":[{"href":"https:\/\/blogs.sub.uni-hamburg.de\/bergedorf\/index.php?rest_route=\/wp\/v2\/types\/page"}],"author":[{"embeddable":true,"href":"https:\/\/blogs.sub.uni-hamburg.de\/bergedorf\/index.php?rest_route=\/wp\/v2\/users\/1"}],"replies":[{"embeddable":true,"href":"https:\/\/blogs.sub.uni-hamburg.de\/bergedorf\/index.php?rest_route=%2Fwp%2Fv2%2Fcomments&post=2"}],"version-history":[{"count":70,"href":"https:\/\/blogs.sub.uni-hamburg.de\/bergedorf\/index.php?rest_route=\/wp\/v2\/pages\/2\/revisions"}],"predecessor-version":[{"id":893,"href":"https:\/\/blogs.sub.uni-hamburg.de\/bergedorf\/index.php?rest_route=\/wp\/v2\/pages\/2\/revisions\/893"}],"wp:attachment":[{"href":"https:\/\/blogs.sub.uni-hamburg.de\/bergedorf\/index.php?rest_route=%2Fwp%2Fv2%2Fmedia&parent=2"}],"curies":[{"name":"wp","href":"https:\/\/api.w.org\/{rel}","templated":true}]}}