{"id":16529,"date":"2025-12-05T17:23:04","date_gmt":"2025-12-05T16:23:04","guid":{"rendered":"https:\/\/blogs.sub.uni-hamburg.de\/bergedorf\/?page_id=16529"},"modified":"2025-12-05T17:23:04","modified_gmt":"2025-12-05T16:23:04","slug":"bergedorf-1926","status":"publish","type":"page","link":"https:\/\/blogs.sub.uni-hamburg.de\/bergedorf\/?page_id=16529","title":{"rendered":"Bergedorf 1926"},"content":{"rendered":"<p><a href=\"https:\/\/blogs.sub.uni-hamburg.de\/bergedorf\/wp-content\/uploads\/2014\/05\/BZ50001-Kopf-BZ.jpg\"><img loading=\"lazy\" decoding=\"async\" src=\"https:\/\/blogs.sub.uni-hamburg.de\/bergedorf\/wp-content\/uploads\/2025\/12\/bergedorf1926.jpg\" title=\"Bergedorfer Zeitung\" alt=\"Bergedorfer Zeitung\" width=\"650\" height=\"263\" class=\"alignleft size-full wp-image-16531\" srcset=\"https:\/\/blogs.sub.uni-hamburg.de\/bergedorf\/wp-content\/uploads\/2025\/12\/bergedorf1926.jpg 650w, https:\/\/blogs.sub.uni-hamburg.de\/bergedorf\/wp-content\/uploads\/2025\/12\/bergedorf1926-300x121.jpg 300w\" sizes=\"auto, (max-width: 650px) 100vw, 650px\" \/><\/a><\/p>\n<div style=\"float: right; width: 300px; padding: 20px; margin-left: 20px; margin-bottom: 25px; background-color: #ded7c5; border: 1px solid black;\">\n<h2>Artikel zu Bergedorf 1926<\/h2>\n<p>Die Liste wird fortlaufend aktualisiert:<\/p>\n<ul>\n<li><a href=\"https:\/\/blogs.sub.uni-hamburg.de\/bergedorf\/?p=16705\" rel=\"bookmark\">Ostergr\u00fc\u00dfe per Post<\/a><\/li>\r\n<li><a href=\"https:\/\/blogs.sub.uni-hamburg.de\/bergedorf\/?p=16696\" rel=\"bookmark\">Die Schlager-Charts 1925\/26<\/a><\/li>\r\n<li><a href=\"https:\/\/blogs.sub.uni-hamburg.de\/bergedorf\/?p=16686\" rel=\"bookmark\">Die Reden auf Erna Martens \u2013 Gesagtes und Ungesagtes<\/a><\/li>\r\n<li><a href=\"https:\/\/blogs.sub.uni-hamburg.de\/bergedorf\/?p=16647\" rel=\"bookmark\">Bergedorfs gef\u00e4hrliche Reeperbahn<\/a><\/li>\r\n<li><a href=\"https:\/\/blogs.sub.uni-hamburg.de\/bergedorf\/?p=16638\" rel=\"bookmark\">Bergedorfs Bahnprobleme<\/a><\/li>\r\n<li><a href=\"https:\/\/blogs.sub.uni-hamburg.de\/bergedorf\/?p=16624\" rel=\"bookmark\">Eisenbahnr\u00fcckst\u00e4nde und andere D\u00fcngemittel<\/a><\/li>\r\n<li><a href=\"https:\/\/blogs.sub.uni-hamburg.de\/bergedorf\/?p=16615\" rel=\"bookmark\">Die Nettelnburger Wander-Verkaufsstelle<\/a><\/li>\r\n<li><a href=\"https:\/\/blogs.sub.uni-hamburg.de\/bergedorf\/?p=16600\" rel=\"bookmark\">Mit staatlichen Giftspritzen gegen Obstbaumsch\u00e4dlinge<\/a><\/li>\r\n<li><a href=\"https:\/\/blogs.sub.uni-hamburg.de\/bergedorf\/?p=16571\" rel=\"bookmark\">Fahrschulen: vom Pferd zu Pferdest\u00e4rken<\/a><\/li>\r\n<li><a href=\"https:\/\/blogs.sub.uni-hamburg.de\/bergedorf\/?p=16549\" rel=\"bookmark\">Geesthacht zwischen Dorf und Stadt<\/a><\/li>\r\n<li><a href=\"https:\/\/blogs.sub.uni-hamburg.de\/bergedorf\/?p=16523\" rel=\"bookmark\">Das sozial gerechte Schulgeld<\/a><\/li>\r\n<li><a href=\"https:\/\/blogs.sub.uni-hamburg.de\/bergedorf\/?p=16510\" rel=\"bookmark\">Eisbahn, Eishacken und Frostbeulen<\/a><\/li>\r\n<li><a href=\"https:\/\/blogs.sub.uni-hamburg.de\/bergedorf\/?p=16500\" rel=\"bookmark\">Der Bubikopf kommt nach Bergedorf<\/a><\/li>\r\n<li><a href=\"https:\/\/blogs.sub.uni-hamburg.de\/bergedorf\/?p=16491\" rel=\"bookmark\">Kleing\u00e4rtner raus!<\/a><\/li>\r\n\n<\/ul>\n<\/div>\n<p>Es waren Jahre mit tiefgreifenden \u00c4nderungen f\u00fcr die Bergedorferinnen und Bergedorfer: in <a href=\"https:\/\/blogs.sub.uni-hamburg.de\/bergedorf\/?page_id=908\">Bergedorf 1914<\/a>, <a href=\"https:\/\/blogs.sub.uni-hamburg.de\/bergedorf\/?page_id=1424\">Bergedorf 1915<\/a>, <a href=\"https:\/\/blogs.sub.uni-hamburg.de\/bergedorf\/?page_id=2169\">Bergedorf 1916<\/a>, <a href=\"https:\/\/blogs.sub.uni-hamburg.de\/bergedorf\/?page_id=3374\">Bergedorf 1917<\/a> und <a href=\"https:\/\/blogs.sub.uni-hamburg.de\/bergedorf\/?page_id=4640\">Bergedorf 1918<\/a> wurde anhand ausgew\u00e4hlter Artikel gezeigt, wie sich das Leben der Menschen im und durch den Ersten Weltkrieg \u00e4nderte.<\/p>\n<p>Die Nachkriegszeit brachte die Errichtung der Demokratie, die aber immer wieder von links- wie rechtsau\u00dfen bedroht wurde, und manchen gesellschaftlichen Wandel, doch die wirtschaftlichen Probleme blieben, wie aus <a href=\"https:\/\/blogs.sub.uni-hamburg.de\/bergedorf\/?page_id=6074\">Bergedorf 1919<\/a>, <a href=\"https:\/\/blogs.sub.uni-hamburg.de\/bergedorf\/?page_id=7514\">Bergedorf 1920<\/a>, <a href=\"https:\/\/blogs.sub.uni-hamburg.de\/bergedorf\/?page_id=9158\">Bergedorf 1921<\/a>, <a href=\"https:\/\/blogs.sub.uni-hamburg.de\/bergedorf\/?page_id=10606\">Bergedorf 1922<\/a>, <a href=\"https:\/\/blogs.sub.uni-hamburg.de\/bergedorf\/?page_id=11946\">Bergedorf 1923<\/a>, <a href=\"https:\/\/blogs.sub.uni-hamburg.de\/bergedorf\/?page_id=13475\">Bergedorf 1924<\/a> und <a href=\"https:\/\/blogs.sub.uni-hamburg.de\/bergedorf\/?page_id=15190\">Bergedorf 1925<\/a> zu ersehen.<\/p>\n<p>Die Artikel werden hier nun f\u00fcr das Jahr 1926 im Wochenrhythmus fortgef\u00fchrt.<\/p>\n","protected":false},"excerpt":{"rendered":"<p>Artikel zu Bergedorf 1926 Die Liste wird fortlaufend aktualisiert: Es waren Jahre mit tiefgreifenden \u00c4nderungen f\u00fcr die Bergedorferinnen und Bergedorfer: in Bergedorf 1914, Bergedorf 1915, Bergedorf 1916, Bergedorf 1917 und Bergedorf 1918 wurde anhand ausgew\u00e4hlter Artikel gezeigt, wie sich das &hellip; <a href=\"https:\/\/blogs.sub.uni-hamburg.de\/bergedorf\/?p=16491\">Weiterlesen <span class=\"meta-nav\">&rarr;<\/span><\/a><\/p>\n","protected":false},"author":2,"featured_media":0,"parent":0,"menu_order":0,"comment_status":"closed","ping_status":"closed","template":"","meta":{"footnotes":""},"class_list":["post-16529","page","type-page","status-publish","hentry"],"jetpack_sharing_enabled":true,"_links":{"self":[{"href":"https:\/\/blogs.sub.uni-hamburg.de\/bergedorf\/index.php?rest_route=\/wp\/v2\/pages\/16529","targetHints":{"allow":["GET"]}}],"collection":[{"href":"https:\/\/blogs.sub.uni-hamburg.de\/bergedorf\/index.php?rest_route=\/wp\/v2\/pages"}],"about":[{"href":"https:\/\/blogs.sub.uni-hamburg.de\/bergedorf\/index.php?rest_route=\/wp\/v2\/types\/page"}],"author":[{"embeddable":true,"href":"https:\/\/blogs.sub.uni-hamburg.de\/bergedorf\/index.php?rest_route=\/wp\/v2\/users\/2"}],"replies":[{"embeddable":true,"href":"https:\/\/blogs.sub.uni-hamburg.de\/bergedorf\/index.php?rest_route=%2Fwp%2Fv2%2Fcomments&post=16529"}],"version-history":[{"count":6,"href":"https:\/\/blogs.sub.uni-hamburg.de\/bergedorf\/index.php?rest_route=\/wp\/v2\/pages\/16529\/revisions"}],"predecessor-version":[{"id":16543,"href":"https:\/\/blogs.sub.uni-hamburg.de\/bergedorf\/index.php?rest_route=\/wp\/v2\/pages\/16529\/revisions\/16543"}],"wp:attachment":[{"href":"https:\/\/blogs.sub.uni-hamburg.de\/bergedorf\/index.php?rest_route=%2Fwp%2Fv2%2Fmedia&parent=16529"}],"curies":[{"name":"wp","href":"https:\/\/api.w.org\/{rel}","templated":true}]}}