{"id":1424,"date":"2014-12-19T14:13:16","date_gmt":"2014-12-19T13:13:16","guid":{"rendered":"http:\/\/blogs.sub.uni-hamburg.de\/bergedorf\/?page_id=1424"},"modified":"2022-01-20T17:28:41","modified_gmt":"2022-01-20T16:28:41","slug":"bergedorf-1915","status":"publish","type":"page","link":"https:\/\/blogs.sub.uni-hamburg.de\/bergedorf\/?page_id=1424","title":{"rendered":"Bergedorf 1915"},"content":{"rendered":"<p><a href=\"https:\/\/blogs.sub.uni-hamburg.de\/bergedorf\/wp-content\/uploads\/2014\/05\/BZ50001-Kopf-BZ.jpg\"><img loading=\"lazy\" decoding=\"async\" src=\"https:\/\/blogs.sub.uni-hamburg.de\/bergedorf\/wp-content\/uploads\/2014\/12\/bergedorf1915-header.jpg\" style=\"margin-bottom: 25px;\" title=\"Bergedorfer Zeitung\" alt=\"Bergedorfer Zeitung\" width=\"640\" height=\"259\" class=\"alignnone size-full wp-image-1426\" srcset=\"https:\/\/blogs.sub.uni-hamburg.de\/bergedorf\/wp-content\/uploads\/2014\/12\/bergedorf1915-header.jpg 640w, https:\/\/blogs.sub.uni-hamburg.de\/bergedorf\/wp-content\/uploads\/2014\/12\/bergedorf1915-header-300x121.jpg 300w\" sizes=\"auto, (max-width: 640px) 100vw, 640px\" \/><\/a><\/p>\n<div style=\"float: right; width: 300px; padding: 20px; margin-left: 20px; margin-bottom: 25px; background-color: #ded7c5; border: 1px solid black;\">\n<h2>Artikel zu Bergedorf 1915<\/h2>\n<p>Das waren die Artikel zum Jahr 1915:<\/p>\n<ul>\n<li><a href=\"https:\/\/blogs.sub.uni-hamburg.de\/bergedorf\/?p=2147\" rel=\"bookmark\">Die zweite Kriegsweihnacht<\/a><\/li>\r\n<li><a href=\"https:\/\/blogs.sub.uni-hamburg.de\/bergedorf\/?p=2132\" rel=\"bookmark\">Bescherung zwischen Spielzeug und Armut<\/a><\/li>\r\n<li><a href=\"https:\/\/blogs.sub.uni-hamburg.de\/bergedorf\/?p=2125\" rel=\"bookmark\">Der Kriegsgefangene als Mensch<\/a><\/li>\r\n<li><a href=\"https:\/\/blogs.sub.uni-hamburg.de\/bergedorf\/?p=2119\" rel=\"bookmark\">Ein Erfolg f\u00fcr die Sozialdemokraten<\/a><\/li>\r\n<li><a href=\"https:\/\/blogs.sub.uni-hamburg.de\/bergedorf\/?p=2113\" rel=\"bookmark\">Heimarmee: die Hausfrau als Soldatin<\/a><\/li>\r\n<li><a href=\"https:\/\/blogs.sub.uni-hamburg.de\/bergedorf\/?p=2083\" rel=\"bookmark\">Petroleum, Gold und Waschseife: Not macht erfinderisch<\/a><\/li>\r\n<li><a href=\"https:\/\/blogs.sub.uni-hamburg.de\/bergedorf\/?p=2034\" rel=\"bookmark\">Der Krieg wird langweilig<\/a><\/li>\r\n<li><a href=\"https:\/\/blogs.sub.uni-hamburg.de\/bergedorf\/?p=2070\" rel=\"bookmark\">Kartoffeln, Gefrierfleisch und Veggie Days<\/a><\/li>\r\n<li><a href=\"https:\/\/blogs.sub.uni-hamburg.de\/bergedorf\/?p=2016\" rel=\"bookmark\">Geesthachts musikfreudiges Wachtkommando<\/a><\/li>\r\n<li><a href=\"https:\/\/blogs.sub.uni-hamburg.de\/bergedorf\/?p=2010\" rel=\"bookmark\">Gepr\u00fcfte Preise<\/a><\/li>\r\n<li><a href=\"https:\/\/blogs.sub.uni-hamburg.de\/bergedorf\/?p=1993\" rel=\"bookmark\">Hotel &#8222;Stadt L\u00fcbeck&#8220; im Kriegsjahr 1915<\/a><\/li>\r\n<li><a href=\"https:\/\/blogs.sub.uni-hamburg.de\/bergedorf\/?p=1981\" rel=\"bookmark\">Sch\u00fctzengr\u00e4ben und Freibier an der Elbe<\/a><\/li>\r\n<li><a href=\"https:\/\/blogs.sub.uni-hamburg.de\/bergedorf\/?p=1953\" rel=\"bookmark\">Sande: \u201eunhaltbare Zust\u00e4nde\u201c beim Brot<\/a><\/li>\r\n<li><a href=\"https:\/\/blogs.sub.uni-hamburg.de\/bergedorf\/?p=1988\" rel=\"bookmark\">Ein Versammlungsverbot<\/a><\/li>\r\n<li><a href=\"https:\/\/blogs.sub.uni-hamburg.de\/bergedorf\/?p=1964\" rel=\"bookmark\">Von altem Zopf und H\u00fctef\u00e4ssern<\/a><\/li>\r\n<li><a href=\"https:\/\/blogs.sub.uni-hamburg.de\/bergedorf\/?p=1932\" rel=\"bookmark\">Ein Spion!<\/a><\/li>\r\n<li><a href=\"https:\/\/blogs.sub.uni-hamburg.de\/bergedorf\/?p=1924\" rel=\"bookmark\">Die Lazarett-Ausfl\u00fcge \u2013 und: Goldgeld lacht<\/a><\/li>\r\n<li><a href=\"https:\/\/blogs.sub.uni-hamburg.de\/bergedorf\/?p=1912\" rel=\"bookmark\">Fahnenflucht und Flucht \u2013 unklare Schicksale<\/a><\/li>\r\n<li><a href=\"https:\/\/blogs.sub.uni-hamburg.de\/bergedorf\/?p=1905\" rel=\"bookmark\">Der Krieg und die Verwaltung in Bergedorf<\/a><\/li>\r\n<li><a href=\"https:\/\/blogs.sub.uni-hamburg.de\/bergedorf\/?p=1893\" rel=\"bookmark\">Fahne zu verkaufen &#8211; und Knast f\u00fcr K\u00f6m<\/a><\/li>\r\n<li><a href=\"https:\/\/blogs.sub.uni-hamburg.de\/bergedorf\/?p=1835\" rel=\"bookmark\">W\u00fcste Vorg\u00e4nge in Bergedorf<\/a><\/li>\r\n<li><a href=\"https:\/\/blogs.sub.uni-hamburg.de\/bergedorf\/?p=1829\" rel=\"bookmark\">Zur\u00fcck aus der Finsternis &#8211; die Hamburger Sternwarte in Bergedorf<\/a><\/li>\r\n<li><a href=\"https:\/\/blogs.sub.uni-hamburg.de\/bergedorf\/?p=1845\" rel=\"bookmark\">\u201eNach einem Jahr\u201c<\/a><\/li>\r\n<li><a href=\"https:\/\/blogs.sub.uni-hamburg.de\/bergedorf\/?p=1860\" rel=\"bookmark\">Die Erweiterung des Postgeb\u00e4udes<\/a><\/li>\r\n<li><a href=\"https:\/\/blogs.sub.uni-hamburg.de\/bergedorf\/?p=1817\" rel=\"bookmark\">Bergedorf trockengelegt<\/a><\/li>\r\n<li><a href=\"https:\/\/blogs.sub.uni-hamburg.de\/bergedorf\/?p=1811\" rel=\"bookmark\">Heimatkunst: \u201eKnust un Nudel\u201c<\/a><\/li>\r\n<li><a href=\"https:\/\/blogs.sub.uni-hamburg.de\/bergedorf\/?p=1796\" rel=\"bookmark\">Barfu\u00df zur Schule<\/a><\/li>\r\n<li><a href=\"https:\/\/blogs.sub.uni-hamburg.de\/bergedorf\/?p=1775\" rel=\"bookmark\">Bergedorfs Eisernes Wappen<\/a><\/li>\r\n<li><a href=\"https:\/\/blogs.sub.uni-hamburg.de\/bergedorf\/?p=1788\" rel=\"bookmark\">Die B\u00fccherhalle: Bergedorf liest<\/a><\/li>\r\n<li><a href=\"https:\/\/blogs.sub.uni-hamburg.de\/bergedorf\/?p=1739\" rel=\"bookmark\">Die Feldbefestigung in Bergedorf<\/a><\/li>\r\n<li><a href=\"https:\/\/blogs.sub.uni-hamburg.de\/bergedorf\/?p=1715\" rel=\"bookmark\">Flaschenpfand und Einkochstelle<\/a><\/li>\r\n<li><a href=\"https:\/\/blogs.sub.uni-hamburg.de\/bergedorf\/?p=1685\" rel=\"bookmark\">Bergedorfs Bille-Bad \u2013 und ein Fahnenfl\u00fcchtiger in Sande<\/a><\/li>\r\n<li><a href=\"https:\/\/blogs.sub.uni-hamburg.de\/bergedorf\/?p=1698\" rel=\"bookmark\">Bergedorfs Stadtparlament: vom Geldsegen \u00fcber ein \u00dcberschwemmungsgebiet zur Kriegsteuerungszulage<\/a><\/li>\r\n<li><a href=\"https:\/\/blogs.sub.uni-hamburg.de\/bergedorf\/?p=1663\" rel=\"bookmark\">To Pingsten, ach wie scheun \u2026<\/a><\/li>\r\n<li><a href=\"https:\/\/blogs.sub.uni-hamburg.de\/bergedorf\/?p=1730\" rel=\"bookmark\">Ferkel, Fischwilderei und 1,7 Enten<\/a><\/li>\r\n<li><a href=\"https:\/\/blogs.sub.uni-hamburg.de\/bergedorf\/?p=1671\" rel=\"bookmark\">Kriegsgefangene in Ochsenwerder<\/a><\/li>\r\n<li><a href=\"https:\/\/blogs.sub.uni-hamburg.de\/bergedorf\/?p=1692\" rel=\"bookmark\">Der Krieg als F\u00f6rderer des Stra\u00dfenbaus<\/a><\/li>\r\n<li><a href=\"https:\/\/blogs.sub.uni-hamburg.de\/bergedorf\/?p=1704\" rel=\"bookmark\">Langlebige Ruten<\/a><\/li>\r\n<li><a href=\"https:\/\/blogs.sub.uni-hamburg.de\/bergedorf\/?p=1641\" rel=\"bookmark\">Vierl\u00e4nder vs. Maltakartoffeln<\/a><\/li>\r\n<li><a href=\"https:\/\/blogs.sub.uni-hamburg.de\/bergedorf\/?p=1606\" rel=\"bookmark\">Who was who in Bergedorf und umrum?<\/a><\/li>\r\n<li><a href=\"https:\/\/blogs.sub.uni-hamburg.de\/bergedorf\/?p=1621\" rel=\"bookmark\">(Keine) Dampfentw\u00e4sserung<\/a><\/li>\r\n<li><a href=\"https:\/\/blogs.sub.uni-hamburg.de\/bergedorf\/?p=1578\" rel=\"bookmark\">Feierverbot f\u00fcr Freidenker<\/a><\/li>\r\n<li><a href=\"https:\/\/blogs.sub.uni-hamburg.de\/bergedorf\/?p=1613\" rel=\"bookmark\">\u201eWenn Brot knapp ist \u2026\u201c<\/a><\/li>\r\n<li><a href=\"https:\/\/blogs.sub.uni-hamburg.de\/bergedorf\/?p=1573\" rel=\"bookmark\">\u201e\u2026 sollen sie Kuchen essen!\u201c<\/a><\/li>\r\n<li><a href=\"https:\/\/blogs.sub.uni-hamburg.de\/bergedorf\/?p=1564\" rel=\"bookmark\">Eine sichere Geldanlage<\/a><\/li>\r\n<li><a href=\"https:\/\/blogs.sub.uni-hamburg.de\/bergedorf\/?p=1552\" rel=\"bookmark\">Deutsche Barbaren<\/a><\/li>\r\n<li><a href=\"https:\/\/blogs.sub.uni-hamburg.de\/bergedorf\/?p=1544\" rel=\"bookmark\">Die SPD und der \u201eaufgezwungene Aushungerungskrieg\u201c<\/a><\/li>\r\n<li><a href=\"https:\/\/blogs.sub.uni-hamburg.de\/bergedorf\/?p=1519\" rel=\"bookmark\">Hassges\u00e4nge des Hasse-Chors<\/a><\/li>\r\n<li><a href=\"https:\/\/blogs.sub.uni-hamburg.de\/bergedorf\/?p=1500\" rel=\"bookmark\">Mehr Mangel, weniger welsche Worte<\/a><\/li>\r\n<li><a href=\"https:\/\/blogs.sub.uni-hamburg.de\/bergedorf\/?p=1492\" rel=\"bookmark\">Abfallwirtschaft<\/a><\/li>\r\n<li><a href=\"https:\/\/blogs.sub.uni-hamburg.de\/bergedorf\/?p=1486\" rel=\"bookmark\">Burgfriede und Dreiklassenwahl in Sande<\/a><\/li>\r\n<li><a href=\"https:\/\/blogs.sub.uni-hamburg.de\/bergedorf\/?p=1459\" rel=\"bookmark\">Boomtown Geesthacht?<\/a><\/li>\r\n<li><a href=\"https:\/\/blogs.sub.uni-hamburg.de\/bergedorf\/?p=1446\" rel=\"bookmark\">Der B\u00fcrgerverein und die Sammlung von Kriegserinnerungen<\/a><\/li>\r\n<li><a href=\"https:\/\/blogs.sub.uni-hamburg.de\/bergedorf\/?p=1437\" rel=\"bookmark\">Kaisersgeburtstagsspende und Reichswollwoche<\/a><\/li>\r\n<li><a href=\"https:\/\/blogs.sub.uni-hamburg.de\/bergedorf\/?p=1481\" rel=\"bookmark\">J\u00fcnglinge f\u00fcr die Jugendwehr und das Kastenwesen im Landgebiet<\/a><\/li>\r\n<li><a href=\"https:\/\/blogs.sub.uni-hamburg.de\/bergedorf\/?p=1419\" rel=\"bookmark\">Landarbeiter und Landarbeiterinnen gesucht!<\/a><\/li>\r\n<li><a href=\"https:\/\/blogs.sub.uni-hamburg.de\/bergedorf\/?p=1471\" rel=\"bookmark\">\u201eSie k\u00f6nnen auch nicht mehr und m\u00f6chten Frieden.\u201c<\/a><\/li>\r\n<li><a href=\"https:\/\/blogs.sub.uni-hamburg.de\/bergedorf\/?p=1468\" rel=\"bookmark\">Der R\u00fcckblick auf das Jahr 1914: Sande, Geesthacht und Vierlande<\/a><\/li>\r\n<li><a href=\"https:\/\/blogs.sub.uni-hamburg.de\/bergedorf\/?p=1429\" rel=\"bookmark\">Der R\u00fcckblick auf das Jahr 1914: Bergedorf<\/a><\/li><\/ul>\n<\/div>\n<p>Bergedorf war im Ersten Weltkrieg kein Kriegsschauplatz \u2013 Gott sei Dank. Der ferne Krieg war dennoch ganz nah und im Leben jedes einzelnen sp\u00fcrbar.<\/p>\n<p>Bereits in <a href=\"https:\/\/blogs.sub.uni-hamburg.de\/bergedorf\/?page_id=908\">Bergedorf 1914<\/a> wurde anhand ausgew\u00e4hlter Artikel gezeigt, wie sich das Leben in Bergedorf durch den Krieg \u00e4nderte. Diese Rubrik wird hier f\u00fcr das Jahr 1915 entsprechend im Wochenrhythmus fortgef\u00fchrt.<\/p>\n","protected":false},"excerpt":{"rendered":"<p>Artikel zu Bergedorf 1915 Das waren die Artikel zum Jahr 1915: Bergedorf war im Ersten Weltkrieg kein Kriegsschauplatz \u2013 Gott sei Dank. Der ferne Krieg war dennoch ganz nah und im Leben jedes einzelnen sp\u00fcrbar. Bereits in Bergedorf 1914 wurde &hellip; <a href=\"https:\/\/blogs.sub.uni-hamburg.de\/bergedorf\/?p=1429\">Weiterlesen <span class=\"meta-nav\">&rarr;<\/span><\/a><\/p>\n","protected":false},"author":2,"featured_media":0,"parent":0,"menu_order":0,"comment_status":"closed","ping_status":"closed","template":"","meta":{"footnotes":""},"class_list":["post-1424","page","type-page","status-publish","hentry"],"jetpack_sharing_enabled":true,"_links":{"self":[{"href":"https:\/\/blogs.sub.uni-hamburg.de\/bergedorf\/index.php?rest_route=\/wp\/v2\/pages\/1424","targetHints":{"allow":["GET"]}}],"collection":[{"href":"https:\/\/blogs.sub.uni-hamburg.de\/bergedorf\/index.php?rest_route=\/wp\/v2\/pages"}],"about":[{"href":"https:\/\/blogs.sub.uni-hamburg.de\/bergedorf\/index.php?rest_route=\/wp\/v2\/types\/page"}],"author":[{"embeddable":true,"href":"https:\/\/blogs.sub.uni-hamburg.de\/bergedorf\/index.php?rest_route=\/wp\/v2\/users\/2"}],"replies":[{"embeddable":true,"href":"https:\/\/blogs.sub.uni-hamburg.de\/bergedorf\/index.php?rest_route=%2Fwp%2Fv2%2Fcomments&post=1424"}],"version-history":[{"count":10,"href":"https:\/\/blogs.sub.uni-hamburg.de\/bergedorf\/index.php?rest_route=\/wp\/v2\/pages\/1424\/revisions"}],"predecessor-version":[{"id":10983,"href":"https:\/\/blogs.sub.uni-hamburg.de\/bergedorf\/index.php?rest_route=\/wp\/v2\/pages\/1424\/revisions\/10983"}],"wp:attachment":[{"href":"https:\/\/blogs.sub.uni-hamburg.de\/bergedorf\/index.php?rest_route=%2Fwp%2Fv2%2Fmedia&parent=1424"}],"curies":[{"name":"wp","href":"https:\/\/api.w.org\/{rel}","templated":true}]}}