{"id":10616,"date":"2021-12-01T17:01:28","date_gmt":"2021-12-01T16:01:28","guid":{"rendered":"https:\/\/blogs.sub.uni-hamburg.de\/bergedorf\/?page_id=10616"},"modified":"2021-12-02T09:48:54","modified_gmt":"2021-12-02T08:48:54","slug":"anderes","status":"publish","type":"page","link":"https:\/\/blogs.sub.uni-hamburg.de\/bergedorf\/?page_id=10616","title":{"rendered":"Anderes"},"content":{"rendered":"<p><a href=\"https:\/\/blogs.sub.uni-hamburg.de\/bergedorf\/wp-content\/uploads\/2021\/12\/bergedorfblog-schloss-gr.jpg\"><img loading=\"lazy\" decoding=\"async\" src=\"https:\/\/blogs.sub.uni-hamburg.de\/bergedorf\/wp-content\/uploads\/2021\/12\/bergedorfblog-schloss.jpg\" alt=\"Das Schloss und der Einzug der Neogotik\" title=\"Das Schloss und der Einzug der Neogotik\" width=\"300\" height=\"285\" class=\"alignleft size-full wp-image-10653\" style=\"margin-right: 55px;\"\/><\/a> Hier finden Sie Texte, historische und aktuelle Abbildungen zu verschiedenen Aspekten der Bergedorfer Geschichte. Die grundlegenden Quellen sind Medien der Staats- und Universit\u00e4tsbibliothek Hamburg: Bergedorf-Karten, Zeitungen und B\u00fccher sowie Zeitschriften. Links und Literaturangaben erm\u00f6glichen die Vertiefung der jeweiligen Themen.<\/p>\n<p>\u00a0<\/p>\n<\/p>\n<ul>\n<li>\n\t\t<a href=\"https:\/\/blogs.sub.uni-hamburg.de\/bergedorf\/?p=6427\">Neues und Altes von der Schule<\/a>\n\t\t<\/li>\n<li>\n\t\t<a href=\"https:\/\/blogs.sub.uni-hamburg.de\/bergedorf\/?p=1\">Der Blickgraben \u2013 vom Stadtgraben zum hygienischen Problem<\/a>\n\t\t<\/li>\n<li>\n\t\t<a href=\"https:\/\/blogs.sub.uni-hamburg.de\/bergedorf\/?p=182\">Das Schloss und seine Nutzungen<\/a>\n\t\t<\/li>\n<li>\n\t\t<a href=\"https:\/\/blogs.sub.uni-hamburg.de\/bergedorf\/?p=184\">Das Schloss und der Einzug der Neogotik<\/a>\n\t\t<\/li>\n<li>\n\t\t<a href=\"https:\/\/blogs.sub.uni-hamburg.de\/bergedorf\/?p=180\">Das Schloss und sein Park<\/a>\n\t\t<\/li>\n<li>\n\t\t<a href=\"https:\/\/blogs.sub.uni-hamburg.de\/bergedorf\/?p=178\">Die Kirche St. Petri und Pauli<\/a>\n\t\t<\/li>\n<li>\n\t\t<a href=\"https:\/\/blogs.sub.uni-hamburg.de\/bergedorf\/?p=194\">Die Insel am M\u00fchlendamm (Holstenstra\u00dfe) und der Verkehr<\/a>\n\t\t<\/li>\n<li>\n\t\t<a href=\"https:\/\/blogs.sub.uni-hamburg.de\/bergedorf\/?p=196\">Das \u201eItalienische Viertel\u201c und Alexis de Chateauneuf<\/a>\n\t\t<\/li>\n<li>\n\t\t<a href=\"https:\/\/blogs.sub.uni-hamburg.de\/bergedorf\/?p=202\">Das \u201eFrascati\u201c<\/a>\n\t\t<\/li>\n<li>\n\t\t<a href=\"https:\/\/blogs.sub.uni-hamburg.de\/bergedorf\/?p=200\">Das \u201ePortici\u201c<\/a>\n\t\t<\/li>\n<li>\n\t\t<a href=\"https:\/\/blogs.sub.uni-hamburg.de\/bergedorf\/?p=198\">Das \u201eColosseum\u201c<\/a>\n\t\t<\/li>\n<li>\n\t\t<a href=\"https:\/\/blogs.sub.uni-hamburg.de\/bergedorf\/?p=48\">Neue Stra\u00dfe \u2013 Die \u201eKeimzelle\u201c der Dr\u00e4gerwerke<\/a>\n\t\t<\/li>\n<li>\n\t\t<a href=\"https:\/\/blogs.sub.uni-hamburg.de\/bergedorf\/?p=140\">Das erste Krankenhaus<\/a>\n\t\t<\/li>\n<li>\n\t\t<a href=\"https:\/\/blogs.sub.uni-hamburg.de\/bergedorf\/?p=30\">Der Brunnen an der Brunnenstra\u00dfe<\/a>\n\t\t<\/li>\n<li>\n\t\t<a href=\"https:\/\/blogs.sub.uni-hamburg.de\/bergedorf\/?p=158\">Der Israelitische Begr\u00e4bnisplatz<\/a>\n\t\t<\/li>\n<li>\n\t\t<a href=\"https:\/\/blogs.sub.uni-hamburg.de\/bergedorf\/?p=134\">Das Villenviertel und Georg Hulbe<\/a>\n\t\t<\/li>\n<li>\n\t\t<a href=\"https:\/\/blogs.sub.uni-hamburg.de\/bergedorf\/?p=57\">Bellevue \u2013 ein Hotel auf der H\u00f6he<\/a>\n\t\t<\/li>\n<li>\n\t\t<a href=\"https:\/\/blogs.sub.uni-hamburg.de\/bergedorf\/?p=150\">Das Schie\u00dfthal<\/a>\n\t\t<\/li>\n<li>\n\t\t<a href=\"https:\/\/blogs.sub.uni-hamburg.de\/bergedorf\/?p=161\">Die Kirche St. Marien<\/a>\n\t\t<\/li>\n<li>\n\t\t<a href=\"https:\/\/blogs.sub.uni-hamburg.de\/bergedorf\/?p=190\">Der Prinz von Bergedorf und seine Residenz<\/a>\n\t\t<\/li>\n<li>\n\t\t<a href=\"https:\/\/blogs.sub.uni-hamburg.de\/bergedorf\/?p=74\">Friedrich Chrysander<\/a>\n\t\t<\/li>\n<li>\n\t\t<a href=\"https:\/\/blogs.sub.uni-hamburg.de\/bergedorf\/?p=176\">Bier f\u00fcr die Welt<\/a>\n\t\t<\/li>\n<li>\n\t\t<a href=\"https:\/\/blogs.sub.uni-hamburg.de\/bergedorf\/?p=192\">Der Kamp \u2013 Bergedorfs Industriegebiet<\/a>\n\t\t<\/li>\n<li>\n\t\t<a href=\"https:\/\/blogs.sub.uni-hamburg.de\/bergedorf\/?p=173\">Der neue Hafen am Serrahn<\/a>\n\t\t<\/li>\n<li>\n\t\t<a href=\"https:\/\/blogs.sub.uni-hamburg.de\/bergedorf\/?p=138\">Sande \u2013 Bergedorfs engster, aber wenig geliebter Nachbar<\/a>\n\t\t<\/li>\n<\/ul>\n","protected":false},"excerpt":{"rendered":"<p>Hier finden Sie Texte, historische und aktuelle Abbildungen zu verschiedenen Aspekten der Bergedorfer Geschichte. Die grundlegenden Quellen sind Medien der Staats- und Universit\u00e4tsbibliothek Hamburg: Bergedorf-Karten, Zeitungen und B\u00fccher sowie Zeitschriften. Links und Literaturangaben erm\u00f6glichen die Vertiefung der jeweiligen Themen. \u00a0 &hellip; <a href=\"https:\/\/blogs.sub.uni-hamburg.de\/bergedorf\/?page_id=10616\">Weiterlesen <span class=\"meta-nav\">&rarr;<\/span><\/a><\/p>\n","protected":false},"author":2,"featured_media":0,"parent":0,"menu_order":0,"comment_status":"closed","ping_status":"closed","template":"","meta":{"footnotes":""},"class_list":["post-10616","page","type-page","status-publish","hentry"],"jetpack_sharing_enabled":true,"_links":{"self":[{"href":"https:\/\/blogs.sub.uni-hamburg.de\/bergedorf\/index.php?rest_route=\/wp\/v2\/pages\/10616","targetHints":{"allow":["GET"]}}],"collection":[{"href":"https:\/\/blogs.sub.uni-hamburg.de\/bergedorf\/index.php?rest_route=\/wp\/v2\/pages"}],"about":[{"href":"https:\/\/blogs.sub.uni-hamburg.de\/bergedorf\/index.php?rest_route=\/wp\/v2\/types\/page"}],"author":[{"embeddable":true,"href":"https:\/\/blogs.sub.uni-hamburg.de\/bergedorf\/index.php?rest_route=\/wp\/v2\/users\/2"}],"replies":[{"embeddable":true,"href":"https:\/\/blogs.sub.uni-hamburg.de\/bergedorf\/index.php?rest_route=%2Fwp%2Fv2%2Fcomments&post=10616"}],"version-history":[{"count":13,"href":"https:\/\/blogs.sub.uni-hamburg.de\/bergedorf\/index.php?rest_route=\/wp\/v2\/pages\/10616\/revisions"}],"predecessor-version":[{"id":10660,"href":"https:\/\/blogs.sub.uni-hamburg.de\/bergedorf\/index.php?rest_route=\/wp\/v2\/pages\/10616\/revisions\/10660"}],"wp:attachment":[{"href":"https:\/\/blogs.sub.uni-hamburg.de\/bergedorf\/index.php?rest_route=%2Fwp%2Fv2%2Fmedia&parent=10616"}],"curies":[{"name":"wp","href":"https:\/\/api.w.org\/{rel}","templated":true}]}}