{"id":10599,"date":"2021-11-30T16:24:55","date_gmt":"2021-11-30T15:24:55","guid":{"rendered":"https:\/\/blogs.sub.uni-hamburg.de\/bergedorf\/?page_id=10599"},"modified":"2026-01-01T19:27:59","modified_gmt":"2026-01-01T18:27:59","slug":"archiv-1914ff","status":"publish","type":"page","link":"https:\/\/blogs.sub.uni-hamburg.de\/bergedorf\/?page_id=10599","title":{"rendered":"Archiv 1914ff."},"content":{"rendered":"<p><a href=\"https:\/\/blogs.sub.uni-hamburg.de\/bergedorf\/wp-content\/uploads\/2014\/05\/BZ50001-Kopf-BZ.jpg\"><img loading=\"lazy\" decoding=\"async\" src=\"https:\/\/blogs.sub.uni-hamburg.de\/bergedorf\/wp-content\/uploads\/2021\/11\/bergedorf1914ff.jpg\" alt=\"Bergedorfer Zeitung 1914ff.\" title=\"Bergedorfer Zeitung 1914ff.\" width=\"640\" height=\"259\" class=\"alignnone size-full wp-image-10600\" srcset=\"https:\/\/blogs.sub.uni-hamburg.de\/bergedorf\/wp-content\/uploads\/2021\/11\/bergedorf1914ff.jpg 640w, https:\/\/blogs.sub.uni-hamburg.de\/bergedorf\/wp-content\/uploads\/2021\/11\/bergedorf1914ff-300x121.jpg 300w\" sizes=\"auto, (max-width: 640px) 100vw, 640px\" \/><\/a><\/p>\n<p>Auf dieser Archivseite gelangen Sie zu den einzelnen Jahresseiten:<\/p>\n<ul>\n<li><a href=\"https:\/\/blogs.sub.uni-hamburg.de\/bergedorf\/?page_id=908\">Bergedorf 1914<\/a><\/li>\n<li><a href=\"https:\/\/blogs.sub.uni-hamburg.de\/bergedorf\/?page_id=1424\">Bergedorf 1915<\/a><\/li>\n<li><a href=\"https:\/\/blogs.sub.uni-hamburg.de\/bergedorf\/?page_id=2169\">Bergedorf 1916<\/a><\/li>\n<li><a href=\"https:\/\/blogs.sub.uni-hamburg.de\/bergedorf\/?page_id=3374\">Bergedorf 1917<\/a><\/li>\n<li><a href=\"https:\/\/blogs.sub.uni-hamburg.de\/bergedorf\/?page_id=4640\">Bergedorf 1918<\/a><\/li>\n<li><a href=\"https:\/\/blogs.sub.uni-hamburg.de\/bergedorf\/?page_id=6074\">Bergedorf 1919<\/a><\/li>\n<li><a href=\"https:\/\/blogs.sub.uni-hamburg.de\/bergedorf\/?page_id=7514\">Bergedorf 1920<\/a><\/li>\n<li><a href=\"https:\/\/blogs.sub.uni-hamburg.de\/bergedorf\/?page_id=9158\">Bergedorf 1921<\/a><\/li>\n<li><a href=\"https:\/\/blogs.sub.uni-hamburg.de\/bergedorf\/?page_id=10606\">Beitr\u00e4ge 1922<\/a><\/li>\n<li><a href=\"https:\/\/blogs.sub.uni-hamburg.de\/bergedorf\/?page_id=11946\">Beitr\u00e4ge 1923<\/a><\/li>\n<li><a href=\"https:\/\/blogs.sub.uni-hamburg.de\/bergedorf\/?page_id=13475\">Beitr\u00e4ge 1924<\/a><\/li>\n<li><a href=\"https:\/\/blogs.sub.uni-hamburg.de\/bergedorf\/?page_id=15190\">Beitr\u00e4ge 1925<\/a><\/li>\n<\/ul>\n","protected":false},"excerpt":{"rendered":"<p>Auf dieser Archivseite gelangen Sie zu den einzelnen Jahresseiten: Bergedorf 1914 Bergedorf 1915 Bergedorf 1916 Bergedorf 1917 Bergedorf 1918 Bergedorf 1919 Bergedorf 1920 Bergedorf 1921 Beitr\u00e4ge 1922 Beitr\u00e4ge 1923 Beitr\u00e4ge 1924 Beitr\u00e4ge 1925<\/p>\n","protected":false},"author":2,"featured_media":0,"parent":0,"menu_order":0,"comment_status":"closed","ping_status":"closed","template":"","meta":{"footnotes":""},"class_list":["post-10599","page","type-page","status-publish","hentry"],"jetpack_sharing_enabled":true,"_links":{"self":[{"href":"https:\/\/blogs.sub.uni-hamburg.de\/bergedorf\/index.php?rest_route=\/wp\/v2\/pages\/10599","targetHints":{"allow":["GET"]}}],"collection":[{"href":"https:\/\/blogs.sub.uni-hamburg.de\/bergedorf\/index.php?rest_route=\/wp\/v2\/pages"}],"about":[{"href":"https:\/\/blogs.sub.uni-hamburg.de\/bergedorf\/index.php?rest_route=\/wp\/v2\/types\/page"}],"author":[{"embeddable":true,"href":"https:\/\/blogs.sub.uni-hamburg.de\/bergedorf\/index.php?rest_route=\/wp\/v2\/users\/2"}],"replies":[{"embeddable":true,"href":"https:\/\/blogs.sub.uni-hamburg.de\/bergedorf\/index.php?rest_route=%2Fwp%2Fv2%2Fcomments&post=10599"}],"version-history":[{"count":10,"href":"https:\/\/blogs.sub.uni-hamburg.de\/bergedorf\/index.php?rest_route=\/wp\/v2\/pages\/10599\/revisions"}],"predecessor-version":[{"id":16682,"href":"https:\/\/blogs.sub.uni-hamburg.de\/bergedorf\/index.php?rest_route=\/wp\/v2\/pages\/10599\/revisions\/16682"}],"wp:attachment":[{"href":"https:\/\/blogs.sub.uni-hamburg.de\/bergedorf\/index.php?rest_route=%2Fwp%2Fv2%2Fmedia&parent=10599"}],"curies":[{"name":"wp","href":"https:\/\/api.w.org\/{rel}","templated":true}]}}