{"id":943,"date":"2021-04-13T12:31:12","date_gmt":"2021-04-13T11:31:12","guid":{"rendered":"https:\/\/blogs.sub.uni-hamburg.de\/akte\/?page_id=943"},"modified":"2021-04-13T12:31:12","modified_gmt":"2021-04-13T11:31:12","slug":"impressum","status":"publish","type":"page","link":"https:\/\/blogs.sub.uni-hamburg.de\/akte\/impressum\/","title":{"rendered":"Impressum"},"content":{"rendered":"\n<p>Staats- und Universit\u00e4tsbibliothek Hamburg \u2013 Carl von Ossietzky<br>\nVon-Melle-Park 3<br>\n20146 Hamburg<br>\nTelefon: +49 40 42838 \u2013 2233 Fax: +49 40 42838 \u2013 3352<br>\nE-Mail: auskunft@sub.uni-hamburg.de<\/p>\n\n\n\n<p>Die Staatsbibliothek ist ein Landesbetrieb der Freien- und Hansestadt\n Hamburg. Er ist Teil der Beh\u00f6rde f\u00fcr Wissenschaft und Forschung und \nGleichstellung und unterliegt deren Aufsicht. Der Landesbetrieb wird \ndurch den leitenden Direktor Herrn Prof. Robert Zepf gesetzlich \nvertreten.<\/p>\n\n\n\n<p>Trotz unserer sorgf\u00e4ltigen Bem\u00fchungen k\u00f6nnen wir keine Gew\u00e4hr f\u00fcr die\n Richtigkeit, Vollst\u00e4ndigkeit und Aktualit\u00e4t unserer Webseiten geben. \nWeiter \u00fcbernehmen wir keine Haftung f\u00fcr die Inhalte externer Links. F\u00fcr \nden Inhalt der verlinkten Seiten sind ausschlie\u00dflich deren Betreiber \nverantwortlich.<\/p>\n","protected":false},"excerpt":{"rendered":"<p>Staats- und Universit\u00e4tsbibliothek Hamburg \u2013 Carl von Ossietzky Von-Melle-Park 3 20146 Hamburg Telefon: +49 40 42838 \u2013 2233 Fax: +49 40 42838 \u2013 3352 E-Mail: auskunft@sub.uni-hamburg.de Die Staatsbibliothek ist ein Landesbetrieb der Freien- und Hansestadt Hamburg. Er ist Teil der Beh\u00f6rde f\u00fcr Wissenschaft und Forschung und Gleichstellung und unterliegt deren Aufsicht. Der Landesbetrieb wird durch [&hellip;]<\/p>\n","protected":false},"author":4,"featured_media":0,"parent":0,"menu_order":0,"comment_status":"closed","ping_status":"closed","template":"","meta":{"footnotes":""},"class_list":["post-943","page","type-page","status-publish","hentry"],"_links":{"self":[{"href":"https:\/\/blogs.sub.uni-hamburg.de\/akte\/wp-json\/wp\/v2\/pages\/943","targetHints":{"allow":["GET"]}}],"collection":[{"href":"https:\/\/blogs.sub.uni-hamburg.de\/akte\/wp-json\/wp\/v2\/pages"}],"about":[{"href":"https:\/\/blogs.sub.uni-hamburg.de\/akte\/wp-json\/wp\/v2\/types\/page"}],"author":[{"embeddable":true,"href":"https:\/\/blogs.sub.uni-hamburg.de\/akte\/wp-json\/wp\/v2\/users\/4"}],"replies":[{"embeddable":true,"href":"https:\/\/blogs.sub.uni-hamburg.de\/akte\/wp-json\/wp\/v2\/comments?post=943"}],"version-history":[{"count":1,"href":"https:\/\/blogs.sub.uni-hamburg.de\/akte\/wp-json\/wp\/v2\/pages\/943\/revisions"}],"predecessor-version":[{"id":944,"href":"https:\/\/blogs.sub.uni-hamburg.de\/akte\/wp-json\/wp\/v2\/pages\/943\/revisions\/944"}],"wp:attachment":[{"href":"https:\/\/blogs.sub.uni-hamburg.de\/akte\/wp-json\/wp\/v2\/media?parent=943"}],"curies":[{"name":"wp","href":"https:\/\/api.w.org\/{rel}","templated":true}]}}