{"id":62,"date":"2010-04-19T11:43:01","date_gmt":"2010-04-19T11:43:01","guid":{"rendered":"http:\/\/projektakte.sub.uni-hamburg.de\/?page_id=62"},"modified":"2021-04-13T12:34:56","modified_gmt":"2021-04-13T11:34:56","slug":"about","status":"publish","type":"page","link":"https:\/\/blogs.sub.uni-hamburg.de\/akte\/about\/","title":{"rendered":"\u00fcber das projekt"},"content":{"rendered":"<p>Das Projekt @kte20.09 \u2013 Aufbau einer virtuellen Fachbibliothek Verwaltungs- und Kommunalwissenschaften ist im Februar 2010 gestartet. Es wird von der <a title=\"zur Deutschen Forschungsgemeinschaft\" href=\"https:\/\/www.dfg.de\">DFG<\/a> gef\u00f6rdert und hat eine Laufzeit von 33 Monaten.<\/p>\n<p><strong>Ziel<\/strong><\/p>\n<p>Ziel ist es, verwaltungs-und kommunalwissenschaftlich relevante Informationen \u00fcber ein Fachportal leicht recherchier- und beschaffbar zu machen. Dazu wird das Rechercheportal <a title=\"ViFaPol - das Rechercheportal\" href=\"https:\/\/www.vifapol.de\">ViFaPol<\/a> technisch erneuert und inhaltlich erweitert.<\/p>\n<p><strong>Nutzerzentrierte Entwicklung<\/strong><\/p>\n<p>Ein besonderer Schwerpunkt auf der Seite des Projektmanagements liegt auf der Orientierung an denjenigen, denen das Portal einmal ein Hilfe sein soll. Dazu werden w\u00e4hrend des gesamten Projekts <a title=\"Mehr zum Vorgehen bei den user-studies\" href=\"https:\/\/projektakte.sub.uni-hamburg.de\/user-studies\/vorgehen\/\">user-studies<\/a> betrieben. In der Anfangsphase helfen qualitative Interviews bei der Beantwortung der Frage, welche Hindernisse Nutzern bei der Recherche h\u00e4ufig \u00c4rger bereiten und wie die Module der virtuellen Fachbibliothek konkret gestaltet werden sollten, um diesen Problemen entgegenzutreten. An fr\u00fchen Prototypen wird die Usability getestet. Feedback der Nutzer flie\u00dft w\u00e4hrend der gesamten Laufzeit in die Entwicklung ein. Die Ausgestaltung des Projekts wird dadurch sowohl durch die Experten im Beirat als auch durch die Community der (zuk\u00fcnftigen) Nutzerinnen und Nutzer mitgesteuert.<\/p>\n<p><strong>Partner<\/strong><\/p>\n<p>Der Aufbau der virtuellen Fachbibliothek wird betrieben von:<\/p>\n<ul>\n<li>Der <a title=\"zur SUB Hamburg\" href=\"https:\/\/www.sub.uni-hamburg.de\/\">Staats- und Universit\u00e4tsbibliothek Hamburg<\/a><\/li>\n<li>Der <a title=\"zur SeBi Berlin\" href=\"https:\/\/www.senatsbibliothek.de\/index.php?de_home\">Senatsbibliothek Berlin<\/a><\/li>\n<li>Der <a title=\"zur DHV Speyer\" href=\"https:\/\/www.dhv-speyer.de\/js-start.htm\">Deutschen Hochschule f\u00fcr Verwaltungswissenschaften Speyer<\/a><\/li>\n<li>Dem <a title=\"zum difu\" href=\"https:\/\/www.difu.de\/\">Deutschen Institut f\u00fcr Urbanistik in Berlin<\/a><\/li>\n<\/ul>\n<p>Auch Sie k\u00f6nnen sich beteiligen. Nehmen Sie Kontakt mit uns auf und geben Sie uns Hinweise, z.B. welche Funktionalit\u00e4t in jedem Fall ben\u00f6tigt wird und was sie andererseits an Webseiten st\u00f6rt.<\/p>\n","protected":false},"excerpt":{"rendered":"<p>Das Projekt @kte20.09 \u2013 Aufbau einer virtuellen Fachbibliothek Verwaltungs- und Kommunalwissenschaften ist im Februar 2010 gestartet. Es wird von der DFG gef\u00f6rdert und hat eine Laufzeit von 33 Monaten. Ziel Ziel ist es, verwaltungs-und kommunalwissenschaftlich relevante Informationen \u00fcber ein Fachportal leicht recherchier- und beschaffbar zu machen. Dazu wird das Rechercheportal ViFaPol technisch erneuert und inhaltlich [&hellip;]<\/p>\n","protected":false},"author":2,"featured_media":0,"parent":0,"menu_order":1,"comment_status":"open","ping_status":"open","template":"","meta":{"footnotes":""},"class_list":["post-62","page","type-page","status-publish","hentry"],"_links":{"self":[{"href":"https:\/\/blogs.sub.uni-hamburg.de\/akte\/wp-json\/wp\/v2\/pages\/62","targetHints":{"allow":["GET"]}}],"collection":[{"href":"https:\/\/blogs.sub.uni-hamburg.de\/akte\/wp-json\/wp\/v2\/pages"}],"about":[{"href":"https:\/\/blogs.sub.uni-hamburg.de\/akte\/wp-json\/wp\/v2\/types\/page"}],"author":[{"embeddable":true,"href":"https:\/\/blogs.sub.uni-hamburg.de\/akte\/wp-json\/wp\/v2\/users\/2"}],"replies":[{"embeddable":true,"href":"https:\/\/blogs.sub.uni-hamburg.de\/akte\/wp-json\/wp\/v2\/comments?post=62"}],"version-history":[{"count":8,"href":"https:\/\/blogs.sub.uni-hamburg.de\/akte\/wp-json\/wp\/v2\/pages\/62\/revisions"}],"predecessor-version":[{"id":946,"href":"https:\/\/blogs.sub.uni-hamburg.de\/akte\/wp-json\/wp\/v2\/pages\/62\/revisions\/946"}],"wp:attachment":[{"href":"https:\/\/blogs.sub.uni-hamburg.de\/akte\/wp-json\/wp\/v2\/media?parent=62"}],"curies":[{"name":"wp","href":"https:\/\/api.w.org\/{rel}","templated":true}]}}