{"id":59,"date":"2013-08-30T14:57:58","date_gmt":"2013-08-30T14:57:58","guid":{"rendered":"http:\/\/blogs.sub.uni-hamburg.de\/academic-linkshare\/?page_id=59"},"modified":"2021-04-13T12:28:25","modified_gmt":"2021-04-13T11:28:25","slug":"impressum","status":"publish","type":"page","link":"https:\/\/blogs.sub.uni-hamburg.de\/academic-linkshare\/impressum\/","title":{"rendered":"Impressum"},"content":{"rendered":"<p>Staats- und Universit\u00e4tsbibliothek Hamburg \u2013 Carl von Ossietzky<br \/>\nVon-Melle-Park 3<br \/>\n20146 Hamburg<br \/>\nTelefon: +49 40 42838 &#8211; 2233 Fax: +49 40 42838 &#8211; 3352<br \/>\nE-Mail: auskunft@sub.uni-hamburg.de<\/p>\n<p>Die Staatsbibliothek ist ein Landesbetrieb der Freien- und Hansestadt Hamburg. Er ist Teil der Beh\u00f6rde f\u00fcr Wissenschaft und Forschung und Gleichstellung und unterliegt deren Aufsicht. Der Landesbetrieb wird durch den leitenden Direktor Herrn Prof. Robert Zepf gesetzlich vertreten.<\/p>\n<p>Trotz unserer sorgf\u00e4ltigen Bem\u00fchungen k\u00f6nnen wir keine Gew\u00e4hr f\u00fcr die Richtigkeit, Vollst\u00e4ndigkeit und Aktualit\u00e4t unserer Webseiten geben. Weiter \u00fcbernehmen wir keine Haftung f\u00fcr die Inhalte externer Links. F\u00fcr den Inhalt der verlinkten Seiten sind ausschlie\u00dflich deren Betreiber verantwortlich.<\/p>\n","protected":false},"excerpt":{"rendered":"<p>Staats- und Universit\u00e4tsbibliothek Hamburg \u2013 Carl von Ossietzky Von-Melle-Park 3 20146 Hamburg Telefon: +49 40 42838 &#8211; 2233 Fax: +49 40 42838 &#8211; 3352 E-Mail: auskunft@sub.uni-hamburg.de Die Staatsbibliothek ist ein Landesbetrieb der Freien- und Hansestadt Hamburg. Er ist Teil der<span class=\"ellipsis\">&hellip;<\/span><\/p>\n<div class=\"read-more\"><a href=\"https:\/\/blogs.sub.uni-hamburg.de\/academic-linkshare\/impressum\/\">Read more &#8250;<\/a><\/div>\n<p><!-- end of .read-more --><\/p>\n","protected":false},"author":3,"featured_media":0,"parent":0,"menu_order":0,"comment_status":"closed","ping_status":"closed","template":"","meta":{"footnotes":"","_links_to":"","_links_to_target":"_blank"},"class_list":["post-59","page","type-page","status-publish","hentry"],"_links":{"self":[{"href":"https:\/\/blogs.sub.uni-hamburg.de\/academic-linkshare\/wp-json\/wp\/v2\/pages\/59","targetHints":{"allow":["GET"]}}],"collection":[{"href":"https:\/\/blogs.sub.uni-hamburg.de\/academic-linkshare\/wp-json\/wp\/v2\/pages"}],"about":[{"href":"https:\/\/blogs.sub.uni-hamburg.de\/academic-linkshare\/wp-json\/wp\/v2\/types\/page"}],"author":[{"embeddable":true,"href":"https:\/\/blogs.sub.uni-hamburg.de\/academic-linkshare\/wp-json\/wp\/v2\/users\/3"}],"replies":[{"embeddable":true,"href":"https:\/\/blogs.sub.uni-hamburg.de\/academic-linkshare\/wp-json\/wp\/v2\/comments?post=59"}],"version-history":[{"count":2,"href":"https:\/\/blogs.sub.uni-hamburg.de\/academic-linkshare\/wp-json\/wp\/v2\/pages\/59\/revisions"}],"predecessor-version":[{"id":592,"href":"https:\/\/blogs.sub.uni-hamburg.de\/academic-linkshare\/wp-json\/wp\/v2\/pages\/59\/revisions\/592"}],"wp:attachment":[{"href":"https:\/\/blogs.sub.uni-hamburg.de\/academic-linkshare\/wp-json\/wp\/v2\/media?parent=59"}],"curies":[{"name":"wp","href":"https:\/\/api.w.org\/{rel}","templated":true}]}}