{"id":314,"date":"2013-09-30T11:31:38","date_gmt":"2013-09-30T11:31:38","guid":{"rendered":"http:\/\/blogs.sub.uni-hamburg.de\/academic-linkshare\/?page_id=314"},"modified":"2013-11-05T13:31:55","modified_gmt":"2013-11-05T13:31:55","slug":"informationsmaterialien","status":"publish","type":"page","link":"https:\/\/blogs.sub.uni-hamburg.de\/academic-linkshare\/informationsmaterialien\/","title":{"rendered":"Informationsmaterialien"},"content":{"rendered":"<h3>Flyer \/ Brosch\u00fcren<\/h3>\n<ul>\n<li><a title=\"Flyer Academic LinkShare\" href=\"https:\/\/blogs.sub.uni-hamburg.de\/academic-linkshare\/wp-content\/uploads\/2013\/09\/als_flyer1.pdf\">Flyer Academic LinkShare<\/a><\/li>\n<\/ul>\n<h3>Logo<\/h3>\n<p><a href=\"https:\/\/blogs.sub.uni-hamburg.de\/academic-linkshare\/wp-content\/uploads\/2013\/08\/cropped-ALSlogo1.gif\"><img loading=\"lazy\" decoding=\"async\" class=\"alignnone size-full wp-image-7\" alt=\"cropped-ALSlogo1.gif\" src=\"https:\/\/blogs.sub.uni-hamburg.de\/academic-linkshare\/wp-content\/uploads\/2013\/08\/cropped-ALSlogo1.gif\" width=\"168\" height=\"41\" \/><\/a><\/p>\n<p>Bildschirmversionen<\/p>\n<ul>\n<li><a href=\"https:\/\/blogs.sub.uni-hamburg.de\/academic-linkshare\/wp-content\/uploads\/2013\/09\/als_logo_200x43px.gif\">200 x 43 Pixel<\/a><\/li>\n<li><a href=\"https:\/\/blogs.sub.uni-hamburg.de\/academic-linkshare\/wp-content\/uploads\/2013\/09\/als_logo_500x108px.gif\">500 x 108 Pixel<\/a><\/li>\n<li><a href=\"https:\/\/blogs.sub.uni-hamburg.de\/academic-linkshare\/wp-content\/uploads\/2013\/09\/als_logo_1955x422px.gif\">1955 x 422 Pixel<\/a><\/li>\n<\/ul>\n<p>Druckversionen<\/p>\n<ul>\n<li><a title=\"ALS Printversion (EPS)\" href=\"https:\/\/blogs.sub.uni-hamburg.de\/academic-linkshare\/wp-content\/uploads\/2013\/11\/ALS_Printversion_EPS.eps\">ALS Printversion (EPS)<\/a><\/li>\n<li><a title=\"ALS Printversion (PDF)\" href=\"https:\/\/blogs.sub.uni-hamburg.de\/academic-linkshare\/wp-content\/uploads\/2013\/09\/ALS_Printversion.pdf\" target=\"_blank\">ALS Printversion (PDF)<\/a><\/li>\n<\/ul>\n<h3>Fachartikel<\/h3>\n<p style=\"padding-left: 30px;\">K\u00f6lbl, Andrea Pia: <a href=\"https:\/\/www.bsb-muenchen.de\/fileadmin\/imageswww\/pdf-dateien\/bibliotheksforum\/2010-1\/BFB_0110_03_Koelbl_V03.pdf\" target=\"_blank\"><strong>Willkommen &#8211; Bienvenue &#8211; Benvenuti! Das fach\u00fcbergreifende Informationsportal f\u00fcr die Frankreich- und Italienforschung sowie die Allgemeine Romanistik: Die Virtuelle Fachbibliothek Romanischer Kulturkreis (Vifarom)<\/strong><\/a><br \/>\nin: Bibliotheksforum Bayern 4 (2010) 1, S. 6-9<\/p>\n<p style=\"padding-left: 30px;\">Pohl, Angela; Vogel, Ivo: <strong>Die Virtuelle Fachbibliothek Recht &#8211; Fachportal f\u00fcr die Rechtswissenschaft!?<\/strong><br \/>\nin: RBD &#8211; Recht &#8211; Bibliothek &#8211; Dokumentation 36 (2006) 3, S. 110-128<\/p>\n<p style=\"padding-left: 30px;\">Causemann, Nina ; Vogel, Ivo: <a href=\"https:\/\/www.zlb.de\/aktivitaeten\/bd_neu\/heftinhalte2005\/DigitaleBibliothek0505.pdf\" target=\"_blank\"><strong>Die Virtuelle Fachbibliothek Recht : Konzept, Module, Ausblick<\/strong><\/a><br \/>\nin: Bibliotheksdienst 39 (2005) 5, S. 599 &#8211; 614<\/p>\n<p style=\"padding-left: 30px;\">Christof, J\u00fcrgen ; Fingerle, Birgit ; Heyke, Katja: <a href=\"https:\/\/www.academic-linkshare.de\/download\/doc\/verbundkatalogisierung_zfbb_3-2004.pdf\" target=\"_blank\"><strong>Metadata-Sharing : Verbundkatalogisierung von Internetquellen<\/strong><\/a><br \/>\nin: ZfBB 51 (2004) 3, S. 152 &#8211; 158<\/p>\n<p style=\"padding-left: 30px;\">Christof, J\u00fcrgen: <a href=\"https:\/\/bibliotheksdienst.zlb.de\/2003\/03_08_06.pdf\" target=\"_blank\"><strong>ViFaPol \u2013 Virtuelle Fachbibliothek Politikwissenschaft<\/strong><\/a><br \/>\nin: Bibliotheksdienst 37 (2003) 8\/9, S. 1066 &#8211; 1076<\/p>\n<p style=\"padding-left: 30px;\">Ersfeld, Alexandra ; Fingerle, Birgit: <a href=\"https:\/\/bibliotheksdienst.zlb.de\/2003\/03_03_05.pdf\" target=\"_blank\"><strong>EconBiz \u2013 Die Virtuelle Fachbibliothek Wirtschaftswissenschaften ; ein Gemeinschaftsprojekt der USB K\u00f6ln und der ZBW<\/strong><\/a><br \/>\nin: Bibliotheksdienst 37 (2003) 3, S. 320 &#8211; 329<\/p>\n","protected":false},"excerpt":{"rendered":"<p>Flyer \/ Brosch\u00fcren Flyer Academic LinkShare Logo Bildschirmversionen 200 x 43 Pixel 500 x 108 Pixel 1955 x 422 Pixel Druckversionen ALS Printversion (EPS) ALS Printversion (PDF) Fachartikel K\u00f6lbl, Andrea Pia: Willkommen &#8211; Bienvenue &#8211; Benvenuti! Das fach\u00fcbergreifende Informationsportal f\u00fcr<span class=\"ellipsis\">&hellip;<\/span><\/p>\n<div class=\"read-more\"><a href=\"https:\/\/blogs.sub.uni-hamburg.de\/academic-linkshare\/informationsmaterialien\/\">Read more &#8250;<\/a><\/div>\n<p><!-- end of .read-more --><\/p>\n","protected":false},"author":1,"featured_media":0,"parent":0,"menu_order":0,"comment_status":"closed","ping_status":"closed","template":"","meta":{"footnotes":"","_links_to":"","_links_to_target":""},"class_list":["post-314","page","type-page","status-publish","hentry"],"_links":{"self":[{"href":"https:\/\/blogs.sub.uni-hamburg.de\/academic-linkshare\/wp-json\/wp\/v2\/pages\/314","targetHints":{"allow":["GET"]}}],"collection":[{"href":"https:\/\/blogs.sub.uni-hamburg.de\/academic-linkshare\/wp-json\/wp\/v2\/pages"}],"about":[{"href":"https:\/\/blogs.sub.uni-hamburg.de\/academic-linkshare\/wp-json\/wp\/v2\/types\/page"}],"author":[{"embeddable":true,"href":"https:\/\/blogs.sub.uni-hamburg.de\/academic-linkshare\/wp-json\/wp\/v2\/users\/1"}],"replies":[{"embeddable":true,"href":"https:\/\/blogs.sub.uni-hamburg.de\/academic-linkshare\/wp-json\/wp\/v2\/comments?post=314"}],"version-history":[{"count":20,"href":"https:\/\/blogs.sub.uni-hamburg.de\/academic-linkshare\/wp-json\/wp\/v2\/pages\/314\/revisions"}],"predecessor-version":[{"id":325,"href":"https:\/\/blogs.sub.uni-hamburg.de\/academic-linkshare\/wp-json\/wp\/v2\/pages\/314\/revisions\/325"}],"wp:attachment":[{"href":"https:\/\/blogs.sub.uni-hamburg.de\/academic-linkshare\/wp-json\/wp\/v2\/media?parent=314"}],"curies":[{"name":"wp","href":"https:\/\/api.w.org\/{rel}","templated":true}]}}