{"id":25,"date":"2013-08-29T14:49:50","date_gmt":"2013-08-29T14:49:50","guid":{"rendered":"http:\/\/blogs.sub.uni-hamburg.de\/academic-linkshare\/?page_id=25"},"modified":"2013-11-01T15:02:54","modified_gmt":"2013-11-01T15:02:54","slug":"prasentation","status":"publish","type":"page","link":"https:\/\/blogs.sub.uni-hamburg.de\/academic-linkshare\/metadata-sharing\/prasentation\/","title":{"rendered":"Pr\u00e4sentation"},"content":{"rendered":"<h1>Dezentrale Pr\u00e4sentation<\/h1>\n<p>Die Unabh\u00e4ngigkeit der Erfassung und der Pr\u00e4sentation der Internetquellen ist ein Leitgedanke von Academic LinkShare. Die dezentrale Pr\u00e4sentation erm\u00f6glicht die gemeinsame Nutzung des selben Datenbestands f\u00fcr verschiedene Fachrichtungen, ohne dass dies einen inhaltlichen Qualit\u00e4tsverlust f\u00fcr die einzelnen Fachinformationsf\u00fchrer zur Folge hat. Zugleich profitieren alle beteiligten Einrichtungen von der gro\u00dfen inhaltlichen \u00fcberschneidung der Wirtschafts-, Rechts-, Sozial- und Regionalwissenschaften.<\/p>\n<p>Alle Informationen zu einer Internetquelle liegen in einem zentral gespeicherten Datensatz vor. Jeder Partner von Academic LinkShare kann jedoch flexibel entscheiden, welche Inhalte aus diesem Datensatz in seinem eigenen Fachinformationsf\u00fchrer dargestellt werden sollen. Die formalen Erschlie\u00dfungsinformationen sind f\u00fcr alle Fachrichtungen identisch, hierin liegt der <strong>gr\u00f6\u00dfte Vorteil<\/strong> des Metadata Sharing.<br \/>\nDar\u00fcber hinaus k\u00f6nnen eigene Klassifikationen oder Fachthesauri der Kooperationspartner in das System integriert werden, so dass die Partner f\u00fcr die Pr\u00e4sentation ihres Datenbestandes in ihrer Webumgebung zus\u00e4tzlich die gewohnten Sacherschlie\u00dfungsinformationen verwenden k\u00f6nnen.<\/p>\n<p>Ein weiterer wichtiger Aspekt der dezentralen Pr\u00e4sentation ist die M\u00f6glichkeit der fachspezifischen Selektion von Datens\u00e4tzen. Nicht jeder Datensatz, der in der zentralen Datenbank gespeichert ist, wird in jedem Fachinformationsf\u00fchrer pr\u00e4sentiert. Zwar ist der \u00fcberschneidungsgrad der Sammelprofile von Fachinformationsf\u00fchrern der Wirtschafts-, Rechts-, Sozial- und Regionalwissenschaften hoch, dennoch ist es notwendig, dass f\u00fcr jeden Fachinformationsf\u00fchrer individuell aus dem Datenpool ausgew\u00e4hlt werden kann, welche Internetquellen f\u00fcr das eigene Fachgebiet wirklich relevant sind. Nur die ausgew\u00e4hlten Quellen werden in der jeweils eigenen Umgebung angezeigt.<\/p>\n","protected":false},"excerpt":{"rendered":"<p>Dezentrale Pr\u00e4sentation Die Unabh\u00e4ngigkeit der Erfassung und der Pr\u00e4sentation der Internetquellen ist ein Leitgedanke von Academic LinkShare. Die dezentrale Pr\u00e4sentation erm\u00f6glicht die gemeinsame Nutzung des selben Datenbestands f\u00fcr verschiedene Fachrichtungen, ohne dass dies einen inhaltlichen Qualit\u00e4tsverlust f\u00fcr die einzelnen Fachinformationsf\u00fchrer<span class=\"ellipsis\">&hellip;<\/span><\/p>\n<div class=\"read-more\"><a href=\"https:\/\/blogs.sub.uni-hamburg.de\/academic-linkshare\/metadata-sharing\/prasentation\/\">Read more &#8250;<\/a><\/div>\n<p><!-- end of .read-more --><\/p>\n","protected":false},"author":1,"featured_media":0,"parent":21,"menu_order":3,"comment_status":"open","ping_status":"open","template":"","meta":{"footnotes":"","_links_to":"","_links_to_target":""},"class_list":["post-25","page","type-page","status-publish","hentry"],"_links":{"self":[{"href":"https:\/\/blogs.sub.uni-hamburg.de\/academic-linkshare\/wp-json\/wp\/v2\/pages\/25","targetHints":{"allow":["GET"]}}],"collection":[{"href":"https:\/\/blogs.sub.uni-hamburg.de\/academic-linkshare\/wp-json\/wp\/v2\/pages"}],"about":[{"href":"https:\/\/blogs.sub.uni-hamburg.de\/academic-linkshare\/wp-json\/wp\/v2\/types\/page"}],"author":[{"embeddable":true,"href":"https:\/\/blogs.sub.uni-hamburg.de\/academic-linkshare\/wp-json\/wp\/v2\/users\/1"}],"replies":[{"embeddable":true,"href":"https:\/\/blogs.sub.uni-hamburg.de\/academic-linkshare\/wp-json\/wp\/v2\/comments?post=25"}],"version-history":[{"count":3,"href":"https:\/\/blogs.sub.uni-hamburg.de\/academic-linkshare\/wp-json\/wp\/v2\/pages\/25\/revisions"}],"predecessor-version":[{"id":438,"href":"https:\/\/blogs.sub.uni-hamburg.de\/academic-linkshare\/wp-json\/wp\/v2\/pages\/25\/revisions\/438"}],"up":[{"embeddable":true,"href":"https:\/\/blogs.sub.uni-hamburg.de\/academic-linkshare\/wp-json\/wp\/v2\/pages\/21"}],"wp:attachment":[{"href":"https:\/\/blogs.sub.uni-hamburg.de\/academic-linkshare\/wp-json\/wp\/v2\/media?parent=25"}],"curies":[{"name":"wp","href":"https:\/\/api.w.org\/{rel}","templated":true}]}}