{"id":238,"date":"2013-09-26T14:57:03","date_gmt":"2013-09-26T14:57:03","guid":{"rendered":"http:\/\/blogs.sub.uni-hamburg.de\/academic-linkshare\/?page_id=238"},"modified":"2013-11-01T15:57:34","modified_gmt":"2013-11-01T15:57:34","slug":"datenimport","status":"publish","type":"page","link":"https:\/\/blogs.sub.uni-hamburg.de\/academic-linkshare\/lss-erfassungssystem-2\/datenimport\/","title":{"rendered":"Datenimport"},"content":{"rendered":"<h1>Importm\u00f6glichkeiten in das Erfassungssystem<\/h1>\n<h3>Einmaliger Import aus strukturierten Quellen<\/h3>\n<p>In vielen F\u00e4llen bringen unsere Kooperationspartner eigene Datenbest\u00e4nde in das LinkShare System (LSS) ein. Diese m\u00fcssen in der Regel einmalig importiert werden. Danach erfolgt die Pflege des Datenbestandes ausschlie\u00dflich \u00fcber das LSS. Einmalige Importe stellen aus technischer Sicht meist kein Problem dar, vorausgesetzt die Daten liegen in strukturierter Form vor. Beim Import pr\u00fcfen wir individuell, welcher Aufwand auf unserer Seite durch den Import entsteht. Importe sind m\u00f6glich aus:<\/p>\n<ul>\n<li>HTML-Seiten (Linksammlungen wie die <a href=\"https:\/\/staatsbibliothek-berlin.de\/die-staatsbibliothek\/abteilungen\/bestandsaufbau\/amtsdruckschriften\/\" target=\"_blank\">Amtsdruckschriften der SBB<\/a>)<\/li>\n<li>SQL-Datenbanken (z.B. MySQL, PostgreSQL, Access)<\/li>\n<li>ggf. anderen Datenbanken<\/li>\n<li>Webservices: XML \u00fcber HTTP (z.B. <a href=\"https:\/\/ezb.uni-regensburg.de\/\" target=\"_blank\">EZB<\/a>)<\/li>\n<li>tabellarischen Daten im Excel- oder CSV-Format<\/li>\n<\/ul>\n<h3>Strukturierter Import<\/h3>\n<p>Liegen die zu importierenden Daten in einer Datenbank vor, muss vor dem Import eine Konkordanz zwischen dem Format der Ursprungsdatenbank und dem LinkShare System hergestellt werden. Bislang haben wir u.a. Konkordanzen hergestellt zwischen UNIMARC, MAB2, SUTRS einerseits und dem LinkShare Application Profile (AP), das sich am <a href=\"https:\/\/www.dl-forum.de\/dateien\/vascoda_AP_1.0_vorb.pdf\" target=\"_blank\">vascoda AP 1.0 <\/a>auf Dublin Core-Basis orientiert, anderseits. Technisch gesehen werden die Daten in einem ersten Schritt extrahiert und anschlie\u00dfend konvertiert. Auf diesem Weg k\u00f6nnen nicht nur Daten in das LinkShare System importiert werden. Auf demselben Weg haben wir f\u00fcr <a href=\"https:\/\/www.vifapol.de\/\" target=\"_blank\">ViFaPol<\/a> zahlreiche Datenbanken in die Metasuche eingebunden.<\/p>\n<p>&nbsp;<\/p>\n","protected":false},"excerpt":{"rendered":"<p>Importm\u00f6glichkeiten in das Erfassungssystem Einmaliger Import aus strukturierten Quellen In vielen F\u00e4llen bringen unsere Kooperationspartner eigene Datenbest\u00e4nde in das LinkShare System (LSS) ein. Diese m\u00fcssen in der Regel einmalig importiert werden. Danach erfolgt die Pflege des Datenbestandes ausschlie\u00dflich \u00fcber das<span class=\"ellipsis\">&hellip;<\/span><\/p>\n<div class=\"read-more\"><a href=\"https:\/\/blogs.sub.uni-hamburg.de\/academic-linkshare\/lss-erfassungssystem-2\/datenimport\/\">Read more &#8250;<\/a><\/div>\n<p><!-- end of .read-more --><\/p>\n","protected":false},"author":1,"featured_media":0,"parent":227,"menu_order":0,"comment_status":"closed","ping_status":"closed","template":"","meta":{"footnotes":"","_links_to":"","_links_to_target":""},"class_list":["post-238","page","type-page","status-publish","hentry"],"_links":{"self":[{"href":"https:\/\/blogs.sub.uni-hamburg.de\/academic-linkshare\/wp-json\/wp\/v2\/pages\/238","targetHints":{"allow":["GET"]}}],"collection":[{"href":"https:\/\/blogs.sub.uni-hamburg.de\/academic-linkshare\/wp-json\/wp\/v2\/pages"}],"about":[{"href":"https:\/\/blogs.sub.uni-hamburg.de\/academic-linkshare\/wp-json\/wp\/v2\/types\/page"}],"author":[{"embeddable":true,"href":"https:\/\/blogs.sub.uni-hamburg.de\/academic-linkshare\/wp-json\/wp\/v2\/users\/1"}],"replies":[{"embeddable":true,"href":"https:\/\/blogs.sub.uni-hamburg.de\/academic-linkshare\/wp-json\/wp\/v2\/comments?post=238"}],"version-history":[{"count":4,"href":"https:\/\/blogs.sub.uni-hamburg.de\/academic-linkshare\/wp-json\/wp\/v2\/pages\/238\/revisions"}],"predecessor-version":[{"id":452,"href":"https:\/\/blogs.sub.uni-hamburg.de\/academic-linkshare\/wp-json\/wp\/v2\/pages\/238\/revisions\/452"}],"up":[{"embeddable":true,"href":"https:\/\/blogs.sub.uni-hamburg.de\/academic-linkshare\/wp-json\/wp\/v2\/pages\/227"}],"wp:attachment":[{"href":"https:\/\/blogs.sub.uni-hamburg.de\/academic-linkshare\/wp-json\/wp\/v2\/media?parent=238"}],"curies":[{"name":"wp","href":"https:\/\/api.w.org\/{rel}","templated":true}]}}