{"id":229,"date":"2013-09-26T14:55:18","date_gmt":"2013-09-26T14:55:18","guid":{"rendered":"http:\/\/blogs.sub.uni-hamburg.de\/academic-linkshare\/?page_id=229"},"modified":"2013-11-01T15:55:33","modified_gmt":"2013-11-01T15:55:33","slug":"vifaplus","status":"publish","type":"page","link":"https:\/\/blogs.sub.uni-hamburg.de\/academic-linkshare\/lss-erfassungssystem-2\/vifaplus\/","title":{"rendered":"ViFaPlus"},"content":{"rendered":"<p>Bei der Erschlie\u00dfung von Internetquellen ist vor allem die Mitarbeit der Wissenschaftlerinnen und Wissenschaftler wichtig. Oft haben aber gerade sie keine Zeit, wichtige Quellen weiterzugeben. Damit aber wirklich alle relevanten Internetquellen wichtiger Themengebiete erschlossen werden und wichtige Aufs\u00e4tze nicht fehlen, haben wir ViFaPlus konzipiert. Mithilfe dieses Instrumentariums ist der Vorschlag einer Quelle mit nur zwei Klicks m\u00f6glich. Daf\u00fcr muss <a title=\"ViFaPlus\" href=\"https:\/\/lss2.sub.uni-hamburg.de\/vifaplus.html\" target=\"_blank\">ViFaPlus<\/a>\u00a0lediglich einmalig in den Browser integriert werden.<\/p>\n<p><a href=\"https:\/\/lss2.sub.uni-hamburg.de\/vifaplus.html\"><img loading=\"lazy\" decoding=\"async\" class=\"alignnone size-full wp-image-443\" alt=\"ViFaPlus\" src=\"https:\/\/blogs.sub.uni-hamburg.de\/academic-linkshare\/wp-content\/uploads\/2013\/09\/ViFaPlus.jpg\" width=\"125\" height=\"26\" \/><\/a><\/p>\n<p>Hat der Wissenschaftler eine Website gefunden, die er vorschlagen m\u00f6chte, klickt er auf ViFaPlus in der Funktionsleiste des Browsers. Es \u00f6ffnet sich ein neues Browserfenster mit einem Formular, in dem Felder mit Titel, URL, Schlagw\u00f6rtern oder Kurzbeschreibung der Website vorausgef\u00fcllt enthalten sind. Ein Kommentar kann noch hinzugef\u00fcgt werden.<\/p>\n<p><a href=\"https:\/\/blogs.sub.uni-hamburg.de\/academic-linkshare\/wp-content\/uploads\/2013\/09\/Vifaplusmaske2.jpg\"><img loading=\"lazy\" decoding=\"async\" class=\"alignnone  wp-image-450\" alt=\"Vifaplusmaske2\" src=\"https:\/\/blogs.sub.uni-hamburg.de\/academic-linkshare\/wp-content\/uploads\/2013\/09\/Vifaplusmaske2.jpg\" width=\"452\" height=\"466\" srcset=\"https:\/\/blogs.sub.uni-hamburg.de\/academic-linkshare\/wp-content\/uploads\/2013\/09\/Vifaplusmaske2.jpg 646w, https:\/\/blogs.sub.uni-hamburg.de\/academic-linkshare\/wp-content\/uploads\/2013\/09\/Vifaplusmaske2-290x300.jpg 290w\" sizes=\"auto, (max-width: 452px) 100vw, 452px\" \/><\/a><\/p>\n<p>Nach dem Versenden des Vorschlags wird im LinkShare System ein neuer Datensatz erzeugt, der anschlie\u00dfend durch einen ALS-Redakteur bearbeitet wird. Mithilfe eines Dubletten-Checks wird die Doppelaufnahme einer vorgeschlagenen Quelle bereits an dieser Stelle verhindert.<\/p>\n<h3>Zielgruppe von ViFaPlus<\/h3>\n<p>Bereits jetzt ist ViFaPlus ein sehr erfolgreiches und viel genutztes Instrument. ViFaPlus richtet sich in erster Linie an forschende Wissenschaftler, die das Internet zur Quellenrecherche f\u00fcr ihr thematisches Spezialgebiet nutzen.<\/p>\n<h3>Kontakt<\/h3>\n<p>Sollten Sie Interesse an der Nutzung von ViFaPlus haben, wenden Sie sich bitte an den zust\u00e4ndigen Projektkoordinator der <a title=\"Partner\" href=\"https:\/\/blogs.sub.uni-hamburg.de\/academic-linkshare\/?page_id=64\">beteiligten Virtuellen Fachbibliothek.<\/a><\/p>\n","protected":false},"excerpt":{"rendered":"<p>Bei der Erschlie\u00dfung von Internetquellen ist vor allem die Mitarbeit der Wissenschaftlerinnen und Wissenschaftler wichtig. Oft haben aber gerade sie keine Zeit, wichtige Quellen weiterzugeben. Damit aber wirklich alle relevanten Internetquellen wichtiger Themengebiete erschlossen werden und wichtige Aufs\u00e4tze nicht fehlen,<span class=\"ellipsis\">&hellip;<\/span><\/p>\n<div class=\"read-more\"><a href=\"https:\/\/blogs.sub.uni-hamburg.de\/academic-linkshare\/lss-erfassungssystem-2\/vifaplus\/\">Read more &#8250;<\/a><\/div>\n<p><!-- end of .read-more --><\/p>\n","protected":false},"author":1,"featured_media":0,"parent":227,"menu_order":0,"comment_status":"closed","ping_status":"closed","template":"","meta":{"footnotes":"","_links_to":"","_links_to_target":""},"class_list":["post-229","page","type-page","status-publish","hentry"],"_links":{"self":[{"href":"https:\/\/blogs.sub.uni-hamburg.de\/academic-linkshare\/wp-json\/wp\/v2\/pages\/229","targetHints":{"allow":["GET"]}}],"collection":[{"href":"https:\/\/blogs.sub.uni-hamburg.de\/academic-linkshare\/wp-json\/wp\/v2\/pages"}],"about":[{"href":"https:\/\/blogs.sub.uni-hamburg.de\/academic-linkshare\/wp-json\/wp\/v2\/types\/page"}],"author":[{"embeddable":true,"href":"https:\/\/blogs.sub.uni-hamburg.de\/academic-linkshare\/wp-json\/wp\/v2\/users\/1"}],"replies":[{"embeddable":true,"href":"https:\/\/blogs.sub.uni-hamburg.de\/academic-linkshare\/wp-json\/wp\/v2\/comments?post=229"}],"version-history":[{"count":10,"href":"https:\/\/blogs.sub.uni-hamburg.de\/academic-linkshare\/wp-json\/wp\/v2\/pages\/229\/revisions"}],"predecessor-version":[{"id":451,"href":"https:\/\/blogs.sub.uni-hamburg.de\/academic-linkshare\/wp-json\/wp\/v2\/pages\/229\/revisions\/451"}],"up":[{"embeddable":true,"href":"https:\/\/blogs.sub.uni-hamburg.de\/academic-linkshare\/wp-json\/wp\/v2\/pages\/227"}],"wp:attachment":[{"href":"https:\/\/blogs.sub.uni-hamburg.de\/academic-linkshare\/wp-json\/wp\/v2\/media?parent=229"}],"curies":[{"name":"wp","href":"https:\/\/api.w.org\/{rel}","templated":true}]}}