{"id":227,"date":"2013-09-26T14:54:52","date_gmt":"2013-09-26T14:54:52","guid":{"rendered":"http:\/\/blogs.sub.uni-hamburg.de\/academic-linkshare\/?page_id=227"},"modified":"2013-11-01T16:00:25","modified_gmt":"2013-11-01T16:00:25","slug":"lss-erfassungssystem-2","status":"publish","type":"page","link":"https:\/\/blogs.sub.uni-hamburg.de\/academic-linkshare\/lss-erfassungssystem-2\/","title":{"rendered":"LSS-Erfassungssystem"},"content":{"rendered":"<h1>Das technische System: LinkShare System<\/h1>\n<p>Das LinkShare System (LSS) ist ein modulares System, das f\u00fcr die kooperative Erschlie\u00dfung und Verwaltung digitaler Netzobjekte konzipiert wurde. Dazu geh\u00f6ren u.a. Internetquellen, wissenschaftliche Volltexte, (elektronische) Zeitschriften oder Fach- und Faktendatenbanken. Die Erfassung der Quellen erfolgt webbasiert \u00fcber eine Erfassungsmaske durch die kooperierenden Institutionen.<\/p>\n<p>Das LSS ist seit Juni 2001 im Einsatz \u2013 bis Anfang 2005 unter dem Namen \u201eVerbunddatenbank Internetquellen \u2013 VI\u201c. Inzwischen beteiligen sich mehr als 35 Einrichtungen mit \u00fcber 120 LSS-Redakteuren an der Erschlie\u00dfung der Quellen mit diesem System.<\/p>\n<p>Die Herausforderungen bei der Entwicklung des Erfassungssystems lagen und liegen in der Ergonomie sowie in der Flexibilit\u00e4t des Systems, das sowohl den bibliothekarischen Erfordernissen als auch den organisationalen Bed\u00fcrfnissen und Voraussetzungen der unterschiedlichen Kooperationspartner gerecht werden muss, denn nur so wird das System auch auf Dauer die notwendige Akzeptanz finden. Zentrale Anforderungen an das Erfassungssystem sind daher:<\/p>\n<ul>\n<li>einfache Bedienung<\/li>\n<li>Erschlie\u00dfung der Quellen ohne bibliothekarische Vorkenntnisse<\/li>\n<li>Verwaltung dezentraler Quellen-\/Linksammlungen<\/li>\n<li>Einsatz eigener Erschlie\u00dfungsinstrumentarien (z.B. spezieller Fachthesauri bzw. Klassifikationen)<\/li>\n<li>problemlose Einbindung der eingebrachten Datens\u00e4tze in die eigene Webumgebung<\/li>\n<\/ul>\n<p>Das LinkShare System hat sich in der Praxis sehr gut bew\u00e4hrt. Seit 2001 wurden von allen Kooperations- und Verbundpartnern schon mehr 90.000 Quellen mit dem LSS erfasst.<br \/>\nKernmodule des Systems sind:<\/p>\n<ul>\n<li><a title=\"ViFaPlus\" href=\"https:\/\/blogs.sub.uni-hamburg.de\/academic-linkshare\/?page_id=229\" target=\"_blank\">ViFaPlus \u2013 das Vorschlagstool<\/a><\/li>\n<li><a title=\"Erfassungsmaske\" href=\"https:\/\/blogs.sub.uni-hamburg.de\/academic-linkshare\/?page_id=231\" target=\"_blank\">Erfassungsmaske<\/a><\/li>\n<li><a title=\"LinkChecker\" href=\"https:\/\/blogs.sub.uni-hamburg.de\/academic-linkshare\/?page_id=232\" target=\"_blank\">LinkChecker<\/a><\/li>\n<li><a title=\"Wiedervorlage\" href=\"https:\/\/blogs.sub.uni-hamburg.de\/academic-linkshare\/?page_id=234\" target=\"_blank\">Wiedervorlage<\/a><\/li>\n<li><a title=\"Suchmaske\" href=\"https:\/\/blogs.sub.uni-hamburg.de\/academic-linkshare\/?page_id=236\" target=\"_blank\">Suchmaske<\/a><\/li>\n<li><a title=\"Datenimport\" href=\"https:\/\/blogs.sub.uni-hamburg.de\/academic-linkshare\/?page_id=238\" target=\"_blank\">Datenimport<\/a><\/li>\n<\/ul>\n","protected":false},"excerpt":{"rendered":"<p>Das technische System: LinkShare System Das LinkShare System (LSS) ist ein modulares System, das f\u00fcr die kooperative Erschlie\u00dfung und Verwaltung digitaler Netzobjekte konzipiert wurde. Dazu geh\u00f6ren u.a. Internetquellen, wissenschaftliche Volltexte, (elektronische) Zeitschriften oder Fach- und Faktendatenbanken. Die Erfassung der Quellen<span class=\"ellipsis\">&hellip;<\/span><\/p>\n<div class=\"read-more\"><a href=\"https:\/\/blogs.sub.uni-hamburg.de\/academic-linkshare\/lss-erfassungssystem-2\/\">Read more &#8250;<\/a><\/div>\n<p><!-- end of .read-more --><\/p>\n","protected":false},"author":1,"featured_media":0,"parent":0,"menu_order":0,"comment_status":"closed","ping_status":"closed","template":"","meta":{"footnotes":"","_links_to":"","_links_to_target":""},"class_list":["post-227","page","type-page","status-publish","hentry"],"_links":{"self":[{"href":"https:\/\/blogs.sub.uni-hamburg.de\/academic-linkshare\/wp-json\/wp\/v2\/pages\/227","targetHints":{"allow":["GET"]}}],"collection":[{"href":"https:\/\/blogs.sub.uni-hamburg.de\/academic-linkshare\/wp-json\/wp\/v2\/pages"}],"about":[{"href":"https:\/\/blogs.sub.uni-hamburg.de\/academic-linkshare\/wp-json\/wp\/v2\/types\/page"}],"author":[{"embeddable":true,"href":"https:\/\/blogs.sub.uni-hamburg.de\/academic-linkshare\/wp-json\/wp\/v2\/users\/1"}],"replies":[{"embeddable":true,"href":"https:\/\/blogs.sub.uni-hamburg.de\/academic-linkshare\/wp-json\/wp\/v2\/comments?post=227"}],"version-history":[{"count":4,"href":"https:\/\/blogs.sub.uni-hamburg.de\/academic-linkshare\/wp-json\/wp\/v2\/pages\/227\/revisions"}],"predecessor-version":[{"id":454,"href":"https:\/\/blogs.sub.uni-hamburg.de\/academic-linkshare\/wp-json\/wp\/v2\/pages\/227\/revisions\/454"}],"wp:attachment":[{"href":"https:\/\/blogs.sub.uni-hamburg.de\/academic-linkshare\/wp-json\/wp\/v2\/media?parent=227"}],"curies":[{"name":"wp","href":"https:\/\/api.w.org\/{rel}","templated":true}]}}