{"id":21,"date":"2013-08-29T14:47:29","date_gmt":"2013-08-29T14:47:29","guid":{"rendered":"http:\/\/blogs.sub.uni-hamburg.de\/academic-linkshare\/?page_id=21"},"modified":"2013-09-30T13:54:35","modified_gmt":"2013-09-30T13:54:35","slug":"metadata-sharing","status":"publish","type":"page","link":"https:\/\/blogs.sub.uni-hamburg.de\/academic-linkshare\/metadata-sharing\/","title":{"rendered":"Metadata Sharing"},"content":{"rendered":"<h1>Kooperative Erschlie\u00dfung von Internetquellen<\/h1>\n<p>Die Gr\u00fcnde f\u00fcr die Entwicklung und Umsetzung eines technischen und organisatorischen Konzepts der kooperativen Erschlie\u00dfung von Internetquellen, des so genannten Metadata Sharings, sind vielschichtig:<\/p>\n<ul>\n<li>\n<h3>Der qualitativ hochwertige Nachweis von Internetquellen in Fachinformationsf\u00fchrern ist ressourcenintensiv<\/h3>\n<p>Im Unterschied zu g\u00e4ngigen Linksammlungen kann der Nutzer eines Fachinformationsf\u00fchrers darauf vertrauen, dass Fachleute die Quellen auf Qualit\u00e4t gepr\u00fcft und den verschiedenen Sachgebieten zugeordnet haben. Die Betreiber von Fachinformationsf\u00fchrern als Nachweisinstrument fachlich relevanter Internetquellen \u00fcbernehmen insofern die Aufgabe traditioneller Informationsvermittler, indem sie Informationsquellen selektieren, bewerten und katalogisieren.<\/li>\n<li>\n<h3>Internetquellen sind dynamisch<\/h3>\n<p>Internetquellen befinden sich in einem st\u00e4ndigen Ver\u00e4nderungsprozess. Inhalte k\u00f6nnen ver\u00e4ndert oder aus dem Internet entfernt werden. Daraus ergibt sich ein kontinuierlicher Pflegeaufwand f\u00fcr die Wahrung der Qualit\u00e4t und Aktualit\u00e4t von Fachinformationsf\u00fchrern.<\/li>\n<li>\n<h3>Hoher \u00dcberschneidungsgrad<\/h3>\n<p>Fachinformationsf\u00fchrer aus benachbarten Disziplinen weisen i.d.R. einen hohen \u00dcberschneidungsgrad auf. Allein bei den institutionellen Quellen liegt er bei Academic LinkShare bei ca. 30%.<\/li>\n<\/ul>\n<h2>Zentrale Erschlie\u00dfung \u2013 Dezentrale Pr\u00e4sentation<\/h2>\n<p>Grundprinzip unseres Verbundes ist die zentrale Erschlie\u00dfung der Quellen einerseits und die dezentrale Pr\u00e4sentation in den Fachinformationsf\u00fchrern der beteiligten Virtuellen Fachbibliotheken anderseits.<br \/>\n<br \/>\nAlle Quellen werden zentral \u00fcber das LinkShare System erschlossen. Alle Formal- und Sacherschlie\u00dfungsinformationen befinden sich an einem Datensatz. Die Aufgabe von LinkShare besteht darin, die technische, inhaltliche und organisatorische Infrastruktur f\u00fcr die Erschlie\u00dfung der Quellen bereitzustellen.<br \/>\n<br \/>\nDie Pr\u00e4sentation der jeweiligen Fachausschnitte liegt in der alleinigen Verantwortung der Betreiber der jeweiligen Fachbibliothek. Hierf\u00fcr entwickeln die LinkShare Partner eigene Pr\u00e4sentationsumgebungen, wobei wir bei der Entwicklung der Portalsoftware eng zusammenarbeiten, um auch hier Synergieeffekte nutzen zu k\u00f6nnen. Die Fachinformationsf\u00fchrer folgender ViFas werden aus dem Datenpool gespeist:<\/p>\n<ul>\n<li><a href=\"https:\/\/blogs.sub.uni-hamburg.de\/academic-linkshare\/?page_id=23\" title=\"Erschlie\u00dfung\">Zentrale Erschlie\u00dfung<\/a><\/li>\n<li><a href=\"https:\/\/blogs.sub.uni-hamburg.de\/academic-linkshare\/?page_id=25\" title=\"Pr\u00e4sentation\">Dezentrale Pr\u00e4sentation<\/a><\/li>\n<\/ul>\n","protected":false},"excerpt":{"rendered":"<p>Kooperative Erschlie\u00dfung von Internetquellen Die Gr\u00fcnde f\u00fcr die Entwicklung und Umsetzung eines technischen und organisatorischen Konzepts der kooperativen Erschlie\u00dfung von Internetquellen, des so genannten Metadata Sharings, sind vielschichtig: Der qualitativ hochwertige Nachweis von Internetquellen in Fachinformationsf\u00fchrern ist ressourcenintensiv Im Unterschied<span class=\"ellipsis\">&hellip;<\/span><\/p>\n<div class=\"read-more\"><a href=\"https:\/\/blogs.sub.uni-hamburg.de\/academic-linkshare\/metadata-sharing\/\">Read more &#8250;<\/a><\/div>\n<p><!-- end of .read-more --><\/p>\n","protected":false},"author":1,"featured_media":0,"parent":0,"menu_order":0,"comment_status":"open","ping_status":"open","template":"","meta":{"footnotes":"","_links_to":"","_links_to_target":""},"class_list":["post-21","page","type-page","status-publish","hentry"],"_links":{"self":[{"href":"https:\/\/blogs.sub.uni-hamburg.de\/academic-linkshare\/wp-json\/wp\/v2\/pages\/21","targetHints":{"allow":["GET"]}}],"collection":[{"href":"https:\/\/blogs.sub.uni-hamburg.de\/academic-linkshare\/wp-json\/wp\/v2\/pages"}],"about":[{"href":"https:\/\/blogs.sub.uni-hamburg.de\/academic-linkshare\/wp-json\/wp\/v2\/types\/page"}],"author":[{"embeddable":true,"href":"https:\/\/blogs.sub.uni-hamburg.de\/academic-linkshare\/wp-json\/wp\/v2\/users\/1"}],"replies":[{"embeddable":true,"href":"https:\/\/blogs.sub.uni-hamburg.de\/academic-linkshare\/wp-json\/wp\/v2\/comments?post=21"}],"version-history":[{"count":11,"href":"https:\/\/blogs.sub.uni-hamburg.de\/academic-linkshare\/wp-json\/wp\/v2\/pages\/21\/revisions"}],"predecessor-version":[{"id":352,"href":"https:\/\/blogs.sub.uni-hamburg.de\/academic-linkshare\/wp-json\/wp\/v2\/pages\/21\/revisions\/352"}],"wp:attachment":[{"href":"https:\/\/blogs.sub.uni-hamburg.de\/academic-linkshare\/wp-json\/wp\/v2\/media?parent=21"}],"curies":[{"name":"wp","href":"https:\/\/api.w.org\/{rel}","templated":true}]}}