{"id":15,"date":"2013-08-29T14:46:15","date_gmt":"2013-08-29T14:46:15","guid":{"rendered":"http:\/\/blogs.sub.uni-hamburg.de\/academic-linkshare\/?page_id=15"},"modified":"2013-11-01T14:46:17","modified_gmt":"2013-11-01T14:46:17","slug":"verbund","status":"publish","type":"page","link":"https:\/\/blogs.sub.uni-hamburg.de\/academic-linkshare\/verbund\/","title":{"rendered":"Verbund"},"content":{"rendered":"<div>\n<h1>Der Verbund Academic LinkShare<\/h1>\n<p>Academic LinkShare ist ein Netzwerk von Bibliotheken, das eine technische und organisatorische Infrastruktur f\u00fcr den Aufbau und die Pflege eines gemeinsamen Datenpools fachlich relevanter Internetquellen aus dem Fachcluster der Wirtschafts-, Rechts-, Politik- und Regionalwissenschaften entwickelt hat und dauerhaft betreibt.<\/p>\n<h3>Die Verbundpartner<\/h3>\n<\/div>\n<div>Die Verbundpartner sind verantwortlich f\u00fcr die Entwicklung und den dauerhaften Betrieb des technischen Systems, der Erschlie\u00dfungsregeln sowie f\u00fcr das Marketing des Verbunds. Alle Verbundpartner sind Anbieter einer Virtuellen Fachbibliothek, deren Betrieb in der ausschlie\u00dflichen Verantwortung des jeweiligen Verbundpartners liegt. <a title=\"Partner\" href=\"https:\/\/blogs.sub.uni-hamburg.de\/academic-linkshare\/?page_id=64\">\u00dcbersicht der Verbundpartner.<\/a><\/div>\n<h3>Metadata Sharing: Zentrale Erschlie\u00dfung \u2013 dezentrale Pr\u00e4sentation<\/h3>\n<p>ist das Motto des Verbundes Academic LinkShare. Aufbau und Pflege bibliothekarisch erschlossener Linksammlungen (Fachinformationsf\u00fchrer) sind ein ressourcenintensiver Prozess. Vor dem Hintergrund eines vergleichsweise hohen \u00fcberschneidungsgrads fachlich relevanter Quellen in benachbarten Disziplinen \u2013 er liegt bei den institutionellen Quellen im Verbund bei ca. 30% \u2013 haben die Verbundpartner von Beginn an die Idee der kooperativen Erschlie\u00dfung verfolgt und das Modell des \u201eMetadata Sharing\u201c technisch und organisatorisch entwickelt und umgesetzt. <a title=\"Metadata Sharing\" href=\"https:\/\/blogs.sub.uni-hamburg.de\/academic-linkshare\/?page_id=21\">Mehr\u00a0\u00fcber Metadata Sharing<\/a><\/p>\n<h3>Das technische System: LinkShare System<\/h3>\n<p>Das LinkShare System (LSS) ist ein modulares System, das f\u00fcr die kooperative Erschlie\u00dfung und Verwaltung digitaler Netzobjekte konzipiert wurde. Dazu geh\u00f6ren u.a. Internetquellen, wissenschaftliche Volltexte, (elektronische) Zeitschriften oder Fach- und Faktendatenbanken. Die Erfassung der Quellen erfolgt webbasiert \u00fcber eine Erfassungsmaske durch die kooperierenden Institutionen.<\/p>\n<p>Inzwischen beteiligen sich \u00a0Einrichtungen aus ganz Deutschland \u00a0an der Erschlie\u00dfung der Quellen mit unserem System, das seit Juni 2001 im Einsatz ist.\u00a0<a title=\"LSS-Erfassungssystem\" href=\"https:\/\/blogs.sub.uni-hamburg.de\/academic-linkshare\/?page_id=227\">Mehr \u00fcber das LinkShare System<\/a><\/p>\n<h3>Kooperieren: Werden Sie Partner von Academic LinkShare<\/h3>\n<p>Warum ein eigenes technisches System neu entwickeln? Der Verbund Academic LinkShare bietet allen Interessenten aus dem sozial- und geisteswissenschaftlichen Umfeld die M\u00f6glichkeit, dem Verbund beizutreten und die technische und organisatorische Infrastruktur f\u00fcr den Aufbau und den Betrieb einer eigenen Virtuellen Fachbibliothek zu nutzen.\u00a0<a title=\"Kooperieren\" href=\"https:\/\/blogs.sub.uni-hamburg.de\/academic-linkshare\/?page_id=304\">Mehr \u00fcber die Kooperation mit Academic LinkShare.<\/a><\/p>\n<h3><a name=\"Kooperationspartner\">Die Kooperationspartner der Verbundpartner von Academic LinkShare<\/a><\/h3>\n<p>Die Katalogisierung von Internetquellen ist sehr zeitintensiv. Durchschnittlich ben\u00f6tigt man f\u00fcr die Erschlie\u00dfung einer Quelle gut 30 bis 45 Minuten. Hinzu kommen noch Aufw\u00e4nde f\u00fcr eine kontinuierliche Qualit\u00e4tspr\u00fcfung. F\u00fcr eine Bibliothek allein ist das kaum zu schaffen. Viele ALS-Verbundpartner haben in der Projektlaufzeit ein Netzwerk von Kooperationspartnern aufgabeut, die im Rahmen ihrer zeitlichen und personellen M\u00f6glichkeiten sich am Bestandsaufbau und an der Bestandspfelge beteiligen. Die Art der Unterst\u00fctzung ist dabei sehr unterschiedlich. W\u00e4hrend sich die einen Kooperationspartner auf das Vorschlagen neuer Quellen konzentrieren, \u00fcbernehmen andere die Erschlie\u00dfung der vorgeschlagenen Quellen oder zeichnen sich f\u00fcr die laufende Qualit\u00e4tskontrolle verantwortlich.<\/p>\n<p>Der Aufbau und die Betreuung des Partnernetzwerkes liegt in der alleinigen Verantwortung der jeweiligen Betreiber der ViFa. Ob und ggf. wie viele Kooperationspartner geworben werden sollen, entscheidet jeder Verbundpartner f\u00fcr sich. Das technische System stellt jedoch sicher, dass<\/p>\n<ul>\n<li>auch biliothekarisch ungeschulte Personen sich an der Erschlie\u00dfung beteiligen k\u00f6nnen,<\/li>\n<li>das Logo der Kooperationspartner an allen von ihnen betreuten Datens\u00e4tzen sichtbar ist,<\/li>\n<li>jeder Kooperationspartner auch einen Abzug seiner Quellen erhalten kann, wenn er es denn m\u00f6chte.<\/li>\n<\/ul>\n<p>Nicht unerw\u00e4hnt bleiben soll, dass der Aufbau eines Partnernetzwerkes durchaus zeitintensiv ist und dass das Netzwerk auch nach dem Auslaufen der Projektlaufzeit betreut werden muss. Die Erfahrungen zeigen jedoch, dass die Vorteile der kooperativen Erschlie\u00dfung auch auf diesem Gebiet \u00fcberwiegen. Nicht zuletzt bietet der Aufbau des Netzwerks gute M\u00f6glichkeiten, den Dienst in der eigenen Fachcommunity zu verankern und damit den Bekanntheitsgrad und die Akzeptanz der Wissenschaftler zu steigern.<\/p>\n<h3>FAQ \u2013 H\u00e4ufig gestellte Fragen<\/h3>\n<p><a title=\"FAQ\" href=\"https:\/\/blogs.sub.uni-hamburg.de\/academic-linkshare\/?page_id=258\">Hier geht es\u00a0zum FAQ<\/a><\/p>\n","protected":false},"excerpt":{"rendered":"<p>Der Verbund Academic LinkShare Academic LinkShare ist ein Netzwerk von Bibliotheken, das eine technische und organisatorische Infrastruktur f\u00fcr den Aufbau und die Pflege eines gemeinsamen Datenpools fachlich relevanter Internetquellen aus dem Fachcluster der Wirtschafts-, Rechts-, Politik- und Regionalwissenschaften entwickelt hat<span class=\"ellipsis\">&hellip;<\/span><\/p>\n<div class=\"read-more\"><a href=\"https:\/\/blogs.sub.uni-hamburg.de\/academic-linkshare\/verbund\/\">Read more &#8250;<\/a><\/div>\n<p><!-- end of .read-more --><\/p>\n","protected":false},"author":1,"featured_media":0,"parent":0,"menu_order":10,"comment_status":"open","ping_status":"open","template":"","meta":{"footnotes":"","_links_to":"","_links_to_target":""},"class_list":["post-15","page","type-page","status-publish","hentry"],"_links":{"self":[{"href":"https:\/\/blogs.sub.uni-hamburg.de\/academic-linkshare\/wp-json\/wp\/v2\/pages\/15","targetHints":{"allow":["GET"]}}],"collection":[{"href":"https:\/\/blogs.sub.uni-hamburg.de\/academic-linkshare\/wp-json\/wp\/v2\/pages"}],"about":[{"href":"https:\/\/blogs.sub.uni-hamburg.de\/academic-linkshare\/wp-json\/wp\/v2\/types\/page"}],"author":[{"embeddable":true,"href":"https:\/\/blogs.sub.uni-hamburg.de\/academic-linkshare\/wp-json\/wp\/v2\/users\/1"}],"replies":[{"embeddable":true,"href":"https:\/\/blogs.sub.uni-hamburg.de\/academic-linkshare\/wp-json\/wp\/v2\/comments?post=15"}],"version-history":[{"count":24,"href":"https:\/\/blogs.sub.uni-hamburg.de\/academic-linkshare\/wp-json\/wp\/v2\/pages\/15\/revisions"}],"predecessor-version":[{"id":278,"href":"https:\/\/blogs.sub.uni-hamburg.de\/academic-linkshare\/wp-json\/wp\/v2\/pages\/15\/revisions\/278"}],"wp:attachment":[{"href":"https:\/\/blogs.sub.uni-hamburg.de\/academic-linkshare\/wp-json\/wp\/v2\/media?parent=15"}],"curies":[{"name":"wp","href":"https:\/\/api.w.org\/{rel}","templated":true}]}}